{"id":7488,"date":"2023-12-26T00:58:33","date_gmt":"2023-12-25T21:58:33","guid":{"rendered":"https:\/\/dekopa.com.tr\/urun\/pratik_modular_lightbox_stand_demonte_fuar_standi-copy-copy-3-copy-6\/"},"modified":"2024-01-06T13:50:01","modified_gmt":"2024-01-06T10:50:01","slug":"400x300_pratik_modular_lightbox_stand_demonte_fuar_standi-6","status":"publish","type":"product","link":"https:\/\/dekopa.com.tr\/en\/product\/400x300_pratik_modular_lightbox_stand_demonte_fuar_standi-6\/","title":{"rendered":"400&#215;300 PORTABLE FUAR STANDI"},"content":{"rendered":"<p><strong>400&#215;300\u00a0 MED\u0130KAL SEKT\u00d6R\u00dc PRAT\u0130K FUAR STANDI<\/strong><\/p>\n<p>Mod\u00fcler Standlar\u0131m\u0131z piyasada bulunan octanorm, maxima tarz\u0131 standlardan de\u011fildir. Al\u00fcminyum ve plastik bile\u015fenlerden olu\u015fur, tekstil kuma\u015f kullan\u0131larak duvar yap\u0131lar\u0131 olu\u015fturulmaktad\u0131r. \u00c7ok hafif kolay nakliye ve usta gerektirmeyen yap\u0131s\u0131 ile fazlas\u0131 ile avantajl\u0131d\u0131r. Sistemlerimizde gerekmedik\u00e7e mdf &#8211; pleksi &#8211; dekota gibi malzemeler kullanm\u0131yoruz.<\/p>\n<p><a href=\"https:\/\/www.youtube.com\/watch?v=VEvBkoZKpVM\">Stand kurulum videomuzu inceleyin.\u00a0<\/a><br \/>\n<a href=\"https:\/\/www.youtube.com\/watch?v=_b-cUIxgolY\">Neler yapabilirsiniz? Videomuzu inceleyin.<\/a><\/p>\n<div style=\"width: 1170px;\" class=\"wp-video\"><video class=\"wp-video-shortcode\" id=\"video-7488-2\" width=\"1170\" height=\"658\" preload=\"metadata\" controls=\"controls\"><source type=\"video\/mp4\" src=\"http:\/\/dekopa.com.tr\/wp-content\/uploads\/Dekopa-Display-T3-Systems.mp4?_=2\" \/><a href=\"http:\/\/dekopa.com.tr\/wp-content\/uploads\/Dekopa-Display-T3-Systems.mp4\">http:\/\/dekopa.com.tr\/wp-content\/uploads\/Dekopa-Display-T3-Systems.mp4<\/a><\/video><\/div>\n<p><span class=\"s1\"><a href=\"https:\/\/www.youtube.com\/@dekopadisplaysolutions6299\/videos\">Youtube Sayfam\u0131z\u0131 inceleyin. Bu size fikirler verecektir.<\/a><\/span><\/p>\n<p>Standlar\u0131m\u0131z\u0131n kullan\u0131ld\u0131\u011f\u0131 ba\u015fl\u0131ca sekt\u00f6rler a\u015fa\u011f\u0131da listelenmi\u015ftir.<br \/>\nOtel Organizasyonlar\u0131, Fuar Standlar\u0131, toplant\u0131 ve etkinlikler,<\/p>\n<ol>\n<li>Perakende ve Ma\u011fazac\u0131l\u0131k<\/li>\n<li>Yarat\u0131c\u0131 ve Tasar\u0131m Sekt\u00f6r\u00fc<\/li>\n<li>Teknoloji ve Yaz\u0131l\u0131m<\/li>\n<li>G\u0131da ve \u0130\u00e7ecek<\/li>\n<li>Sa\u011fl\u0131k ve Wellness<\/li>\n<li>E\u011fitim ve Dan\u0131\u015fmanl\u0131k<\/li>\n<li>Oyun ve E\u011flence<\/li>\n<li>\u0130n\u015faat ve Mimarl\u0131k<\/li>\n<li>E-ticaret ve \u0130nternet Hizmetleri<\/li>\n<li>Giyim ve Moda<\/li>\n<li>Enerji ve \u00c7evre<\/li>\n<li>Otomotiv<\/li>\n<li>M\u00fccevher ve Tak\u0131<\/li>\n<li>Ev ve Bah\u00e7e<\/li>\n<li>Turizm ve Seyahat<\/li>\n<li>K\u00fclt\u00fcr ve Sanat<\/li>\n<li>Mobil Uygulama Geli\u015ftirme<\/li>\n<li>G\u00fcvenlik ve \u0130zleme<\/li>\n<li>Otomasyon ve Robotik<\/li>\n<li>M\u00fczik ve E\u011flence<\/li>\n<\/ol>\n<p><a href=\"https:\/\/dekopa.com.tr\/en\/moduler-fuar-stand-hizmet\/\">Mod\u00fcler Standlar<\/a>\u00a0Standlar\u0131m\u0131z projenize g\u00f6re yap\u0131lmaktad\u0131r. \u00dcr\u00fcnlerimiz tamamen mod\u00fcler, alet kullanmadan kurulumlar yap\u0131labilmektedir. Standlar\u0131n\u0131z i\u00e7in yerle\u015fim planlar\u0131 ve firma bilgilerinizi belirtti\u011finizde projelendirme ve fiyatland\u0131rma i\u00e7in bilgiler sunuyoruz.<\/p>\n<p><span class=\"s1\"><a href=\"https:\/\/dekopa.com.tr\/en\/moduler_standlar\/\">Standart standlar i\u00e7in sayfam\u0131z\u0131 ziyaret edin.<\/a><br \/>\n<\/span><\/p>\n<p><span class=\"s1\">Dekopa.com.tr olarak sizlere etkileyici ve \u00f6zg\u00fcn fuar deneyimleri sunmak i\u00e7in pratik mod\u00fcler lightbox ve fuar stand kiralama hizmetlerimizle yan\u0131n\u0131zday\u0131z. <a href=\"https:\/\/dekopa.com.tr\/en\/dogrudan-satis\/\"><span class=\"s2\">Mod\u00fcler lightboxlar<\/span><\/a>, marka mesaj\u0131n\u0131z\u0131 vurgulamak ve stand\u0131n\u0131z\u0131 g\u00f6z al\u0131c\u0131 k\u0131lmak i\u00e7in m\u00fckemmel bir se\u00e7enektir. Yarat\u0131c\u0131 tasar\u0131mlar\u0131m\u0131z ve modern teknolojilerle donat\u0131lm\u0131\u015f standlar\u0131m\u0131z, fuarlarda iz b\u0131rakman\u0131za yard\u0131mc\u0131 olacak.<\/span><\/p>\n<p class=\"p1\"><span class=\"s1\">+ Tercih edilen proje b\u00fcy\u00fckl\u00fc\u011f\u00fcne g\u00f6re kolay kurulum<br \/>\n+ Sat\u0131\u015f yada kiralama opsiyonlar\u0131<br \/>\n+ Alet gerektirmeyen kurulum<br \/>\n+ Usta gerektirmez<br \/>\n+ \u00c7antal\u0131 Kolay Ta\u015f\u0131nabilir (Stand b\u00fcy\u00fckl\u00fc\u011f\u00fcne g\u00f6re de\u011fi\u015fir)<br \/>\n+ Opsiyon olarak Perde led sistemi ile %30 dan fazla daha m\u00fckemmel\u00a0<\/span><\/p>\n<p><strong>Mod\u00fcler Lightbox ve Fuar Stand\u0131 Kiralama Hizmetlerimiz:<\/strong><\/p>\n<p>Dekopa.com.tr olarak, size \u00f6zg\u00fcn ve etkileyici fuar deneyimleri sunmak i\u00e7in mod\u00fcler lightbox ve fuar stand\u0131 kiralama hizmetlerimizle yan\u0131n\u0131zday\u0131z. 4<strong>00X300 MED\u0130KAL PRAT\u0130K FUAR STANDI<\/strong>, marka mesaj\u0131n\u0131z\u0131 vurgulamak ve stand\u0131n\u0131z\u0131 g\u00f6z al\u0131c\u0131 k\u0131lmak i\u00e7in m\u00fckemmel bir se\u00e7enektir. Yarat\u0131c\u0131 tasar\u0131mlar\u0131m\u0131z ve modern teknolojilerle donat\u0131lm\u0131\u015f standlar\u0131m\u0131z, fuarlarda iz b\u0131rakman\u0131za yard\u0131mc\u0131 olacak.<\/p>\n<p>Mod\u00fcler fuar standlar\u0131m\u0131z, fuar deneyiminizi zenginle\u015ftirmek ve markan\u0131z\u0131 en iyi \u015fekilde sergilemek i\u00e7in ideal bir se\u00e7enektir. Yurti\u00e7i ve yurtd\u0131\u015f\u0131 fuarlar\u0131n\u0131zda ekonomik ve etkileyici \u00e7\u00f6z\u00fcmler sunuyoruz.<\/p>\n<p>Kendi kurabilece\u011finiz <a href=\"https:\/\/dekopa.com.tr\/en\/lightbox-fuar-stand-hizmet\/\">Mod\u00fcler Lightbox Standlar<\/a> ve pratik mod\u00fcler backdrop \u00fcr\u00fcnler i\u00e7in bize hemen ula\u015f\u0131n. \u0130stanbul adresimizde bulunan Dekopa Dijital Bask\u0131 olarak, mod\u00fcler fuar standlar\u0131, backdrop ve <a href=\"https:\/\/dekopa.com.tr\/en\/lightbox-hizmet\/\">lightbox<\/a> \u00fcr\u00fcnleri konusunda uzman ekibimizle hizmetinizdeyiz.<\/p>\n<p><a href=\"https:\/\/www.youtube.com\/watch?v=yEig2t0fODc\">Mod\u00fcler Fuar Stand\u0131<\/a> &#8211; Backdrop &#8211; Lightbox \u00dcr\u00fcnlerimizi <a href=\"https:\/\/dekopa.com.tr\/en\/ledbox-lightbox-tekstilbox-ledframe\/\">\u0130ncelemek \u0130\u00e7in Hemen T\u0131klay\u0131n!<\/a><\/p>\n<div style=\"width: 636px;\" class=\"wp-video\"><video class=\"wp-video-shortcode\" id=\"video-7488-3\" width=\"636\" height=\"360\" preload=\"metadata\" controls=\"controls\"><source type=\"video\/mp4\" src=\"http:\/\/dekopa.com.tr\/wp-content\/uploads\/Dekopa-Display-T3-Systems-1-1.mp4?_=3\" \/><a href=\"http:\/\/dekopa.com.tr\/wp-content\/uploads\/Dekopa-Display-T3-Systems-1-1.mp4\">http:\/\/dekopa.com.tr\/wp-content\/uploads\/Dekopa-Display-T3-Systems-1-1.mp4<\/a><\/video><\/div>\n<div style=\"width: 1170px;\" class=\"wp-video\"><video class=\"wp-video-shortcode\" id=\"video-7488-4\" width=\"1170\" height=\"658\" preload=\"metadata\" controls=\"controls\"><source type=\"video\/mp4\" src=\"http:\/\/dekopa.com.tr\/wp-content\/uploads\/Dekopa-Display-T3-Systems-1.mp4?_=4\" \/><a href=\"http:\/\/dekopa.com.tr\/wp-content\/uploads\/Dekopa-Display-T3-Systems-1.mp4\">http:\/\/dekopa.com.tr\/wp-content\/uploads\/Dekopa-Display-T3-Systems-1.mp4<\/a><\/video><\/div>\n<p>&nbsp;<\/p>\n<p>Her t\u00fcrl\u00fc soru, \u00f6neri veya talepleriniz i\u00e7in bize ula\u015fmaktan \u00e7ekinmeyin.<\/p>\n<p>Detayl\u0131 bilgiler i\u00e7in 0216.599 01 07 &#8211; <a href=\"mailto:info@dekopa.com.tr\">info@dekopa.com.tr<\/a><\/p>","protected":false},"excerpt":{"rendered":"<p><strong>400&#215;300 Pratik Mod\u00fcler Standlar:<\/strong><\/p>\n<ul>\n<li><strong>Kolay Kurulum:<\/strong> Alet gerektirmeyen kurulum sayesinde fuar haz\u0131rl\u0131klar\u0131n\u0131z daha da h\u0131zl\u0131 ve pratik.<\/li>\n<li><strong>Opsiyonlar:<\/strong> Sat\u0131\u015f veya kiralama se\u00e7enekleri ile b\u00fct\u00e7enize uygun \u00e7\u00f6z\u00fcmler.<\/li>\n<li><strong>Usta Gerektirmez:<\/strong> Kolay kurulum ve kullan\u0131m i\u00e7in usta ihtiyac\u0131n\u0131 ortadan kald\u0131r\u0131r.<\/li>\n<\/ul>\n<p class=\"p1\"><span class=\"s1\">Kendi kurabilece\u011finiz Mod\u00fcler Lightbox Standlar ve mod\u00fcler backdrop \u00fcr\u00fcnler i\u00e7in bizimle ileti\u015fime ge\u00e7in.<br \/>\nDekopa Dijital Bask\u0131 \u0130stanbul adresimizde\u00a0 \u00fcr\u00fcnlerle ilgili bilgileri sunmaktay\u0131z.<\/span><b><\/b><\/p>\n<p class=\"p1\"><span class=\"s1\">Dekopa.com.tr olarak sizlere etkileyici ve \u00f6zg\u00fcn fuar deneyimleri sunmak i\u00e7in <a href=\"http:\/\/dekopa.com.tr\/en\/\">mod\u00fcler lightbox<\/a> setler ve fuar stand kiralama hizmetlerimizle yan\u0131n\u0131zday\u0131z. <a href=\"https:\/\/dekopa.com.tr\/en\/dogrudan-satis\/\"><span class=\"s2\">Mod\u00fcler lightboxlar<\/span><\/a>, marka mesaj\u0131n\u0131z\u0131 vurgulamak ve stand\u0131n\u0131z\u0131 g\u00f6z al\u0131c\u0131 k\u0131lmak i\u00e7in m\u00fckemmel bir se\u00e7enektir. Yarat\u0131c\u0131 tasar\u0131mlar\u0131m\u0131z ve modern teknolojilerle donat\u0131lm\u0131\u015f standlar\u0131m\u0131z, fuarlarda iz b\u0131rakman\u0131za yard\u0131mc\u0131 olacak.<\/span><\/p>\n<p>Videomuzu inceleyin.<\/p>\n<div style=\"width: 360px;\" class=\"wp-video\"><video class=\"wp-video-shortcode\" id=\"video-7488-1\" width=\"360\" height=\"240\" poster=\"http:\/\/dekopa.com.tr\/wp-content\/uploads\/onizleme-1.webp\" preload=\"metadata\" controls=\"controls\"><source type=\"video\/mp4\" src=\"http:\/\/dekopa.com.tr\/wp-content\/uploads\/Dekopa-Display-T3-Systems-1.mp4?_=1\" \/><a href=\"http:\/\/dekopa.com.tr\/wp-content\/uploads\/Dekopa-Display-T3-Systems-1.mp4\">http:\/\/dekopa.com.tr\/wp-content\/uploads\/Dekopa-Display-T3-Systems-1.mp4<\/a><\/video><\/div>\n<p><a href=\"mailto:info@dekopa.com.tr\">Stand \u00f6l\u00e7\u00fcleri ve projelendirme konusunda ileti\u015fime ge\u00e7iniz.\u00a0<\/a><\/p>\n<p>&nbsp;<\/p>","protected":false},"featured_media":7458,"comment_status":"open","ping_status":"closed","template":"","meta":[],"product_brand":[],"product_cat":[622,815,521],"product_tag":[817,825,819,786,784,813,717,807,811,789,812,794,793,667,808,671,806,795,803,643,739,650,652,655,804,656,791,787,822,809,645,649,698,826,827,796,788,705,696,661,617,647,636,810,792,802,823,694,799,816,805,801,695,797,824,800,820,700,666],"class_list":{"0":"post-7488","1":"product","2":"type-product","3":"status-publish","4":"has-post-thumbnail","6":"product_cat-moduler-stand-sistemleri","7":"product_cat-pratik_hazir_sistem_fuar_standlari","8":"product_cat-urunler","9":"product_tag-100x300-cm","10":"product_tag-12-m2-fuar","11":"product_tag-300x200-saglik-sektoru-stand","12":"product_tag-300x300-kolay-kurulan-stand","13":"product_tag-300x300-stand","14":"product_tag-4-m2-fuar-standi","15":"product_tag-400x250-portable-lightbox","16":"product_tag-400x300-fuar-standi","17":"product_tag-500x300-fuar-standi","18":"product_tag-600x250-stand","19":"product_tag-600x300-fuar-stand","20":"product_tag-almanya-fuar-standi","21":"product_tag-amerika-fuar-standi","22":"product_tag-backdrop","23":"product_tag-birim-stand","24":"product_tag-cantali-moduler-lightbox","25":"product_tag-cantali-stand","26":"product_tag-demonte-fuar-standlari","27":"product_tag-fransa-fuar-standi","28":"product_tag-fuar-lightbox","29":"product_tag-fuar-stand","30":"product_tag-fuar-stand-lightbox","31":"product_tag-isikli-orumcek-stand","32":"product_tag-istanbul-orumcek-stand","33":"product_tag-kendi-standini-kendin-kur","34":"product_tag-kiralik-lightbox","35":"product_tag-kolay-kurulum","36":"product_tag-kolay-kurulum-stand","37":"product_tag-kolay-tasinabilir-stand","38":"product_tag-kongre-fuar-standi","39":"product_tag-lightbox-istanbul","40":"product_tag-lightbox-kiralama","41":"product_tag-lightbox-stand","42":"product_tag-medikal-fuari","43":"product_tag-medikal-sektor-stand","44":"product_tag-mobil-fuar-standlari","45":"product_tag-mobil-stand","46":"product_tag-mobile-200x200-lightbox","47":"product_tag-mobile-lightbox-display","48":"product_tag-moduler-banko","49":"product_tag-moduler-lightbox","50":"product_tag-moduler-lightbox-setleri","51":"product_tag-moduler-lightbox-stand","52":"product_tag-otel-fuar-standi","53":"product_tag-ozel-ebat-lightbox-srand","54":"product_tag-ozel-tasarim-fuar-standi","55":"product_tag-paket-fuar-standi","56":"product_tag-portable-lightbox","57":"product_tag-portable-stand","58":"product_tag-pratik-fuar-stand","59":"product_tag-rusya-fuar-standi","60":"product_tag-satilik-fuar-standi","61":"product_tag-seg-display","62":"product_tag-sego-lightbox-setler","63":"product_tag-spor-fuar-standi","64":"product_tag-stand-satis","65":"product_tag-tasinabilir-fuar-standi","66":"product_tag-tekstilbox","67":"product_tag-textilebox-lightbox","69":"first","70":"instock","71":"shipping-taxable","72":"product-type-simple","73":"prodpage-style2"},"gallery_images":[7458],"yoast_head":"<!-- This site is optimized with the Yoast SEO Premium plugin v25.1 (Yoast SEO v27.4) - https:\/\/yoast.com\/product\/yoast-seo-premium-wordpress\/ -->\n<title>400x300 PORTABLE FUAR STANDI - DEKOPA FUAR STAND<\/title>\n<meta name=\"description\" content=\"400x300 Pratik Mod\u00fcler stand \u00fcr\u00fcnlerimiz ile tan\u0131\u015f\u0131n.\u2028Mod\u00fcler Lightbox yada backdrop \u00fcr\u00fcnlerimiz ile Yurti\u00e7i ve yurtd\u0131\u015f\u0131 etkinlikler i\u00e7in \u00e7\u00f6z\u00fcmler sunuyoruz\" \/>\n<meta name=\"robots\" content=\"index, follow, max-snippet:-1, max-image-preview:large, max-video-preview:-1\" \/>\n<link rel=\"canonical\" href=\"https:\/\/dekopa.com.tr\/en\/product\/400x300_pratik_modular_lightbox_stand_demonte_fuar_standi-6\/\" \/>\n<meta property=\"og:locale\" content=\"en_US\" \/>\n<meta property=\"og:type\" content=\"article\" \/>\n<meta property=\"og:title\" content=\"400x300 PORTABLE FUAR STANDI\" \/>\n<meta property=\"og:description\" content=\"400x300 Pratik Mod\u00fcler stand \u00fcr\u00fcnlerimiz ile tan\u0131\u015f\u0131n.\u2028Mod\u00fcler Lightbox yada backdrop \u00fcr\u00fcnlerimiz ile Yurti\u00e7i ve yurtd\u0131\u015f\u0131 etkinlikler i\u00e7in \u00e7\u00f6z\u00fcmler sunuyoruz\" \/>\n<meta property=\"og:url\" content=\"https:\/\/dekopa.com.tr\/en\/product\/400x300_pratik_modular_lightbox_stand_demonte_fuar_standi-6\/\" \/>\n<meta property=\"og:site_name\" content=\"Dekopa\" \/>\n<meta property=\"article:publisher\" content=\"https:\/\/www.facebook.com\/dekopa.com.tr\" \/>\n<meta property=\"article:modified_time\" content=\"2024-01-06T10:50:01+00:00\" \/>\n<meta property=\"og:image\" content=\"https:\/\/dekopa.com.tr\/wp-content\/uploads\/3x4-300x400cm-2pratik_fuar_standlari_modular_fair_display_pop_stand_seg_lightbox_istanbul_ankara_izmir_.jpg\" \/>\n\t<meta property=\"og:image:width\" content=\"2017\" \/>\n\t<meta property=\"og:image:height\" content=\"2017\" \/>\n\t<meta property=\"og:image:type\" content=\"image\/jpeg\" \/>\n<meta name=\"twitter:card\" content=\"summary_large_image\" \/>\n<meta name=\"twitter:label1\" content=\"Est. reading time\" \/>\n\t<meta name=\"twitter:data1\" content=\"2 minutes\" \/>\n<script type=\"application\/ld+json\" class=\"yoast-schema-graph\">{\"@context\":\"https:\\\/\\\/schema.org\",\"@graph\":[{\"@type\":\"WebPage\",\"@id\":\"https:\\\/\\\/dekopa.com.tr\\\/urun\\\/400x300_pratik_modular_lightbox_stand_demonte_fuar_standi-6\\\/\",\"url\":\"https:\\\/\\\/dekopa.com.tr\\\/urun\\\/400x300_pratik_modular_lightbox_stand_demonte_fuar_standi-6\\\/\",\"name\":\"400x300 PORTABLE FUAR STANDI - DEKOPA FUAR STAND\",\"isPartOf\":{\"@id\":\"https:\\\/\\\/dekopa.com.tr\\\/#website\"},\"primaryImageOfPage\":{\"@id\":\"https:\\\/\\\/dekopa.com.tr\\\/urun\\\/400x300_pratik_modular_lightbox_stand_demonte_fuar_standi-6\\\/#primaryimage\"},\"image\":{\"@id\":\"https:\\\/\\\/dekopa.com.tr\\\/urun\\\/400x300_pratik_modular_lightbox_stand_demonte_fuar_standi-6\\\/#primaryimage\"},\"thumbnailUrl\":\"https:\\\/\\\/dekopa.com.tr\\\/wp-content\\\/uploads\\\/3x4-300x400cm-2pratik_fuar_standlari_modular_fair_display_pop_stand_seg_lightbox_istanbul_ankara_izmir_.jpg\",\"datePublished\":\"2023-12-25T21:58:33+00:00\",\"dateModified\":\"2024-01-06T10:50:01+00:00\",\"description\":\"400x300 Pratik Mod\u00fcler stand \u00fcr\u00fcnlerimiz ile tan\u0131\u015f\u0131n.\\u2028Mod\u00fcler Lightbox yada backdrop \u00fcr\u00fcnlerimiz ile Yurti\u00e7i ve yurtd\u0131\u015f\u0131 etkinlikler i\u00e7in \u00e7\u00f6z\u00fcmler sunuyoruz\",\"breadcrumb\":{\"@id\":\"https:\\\/\\\/dekopa.com.tr\\\/urun\\\/400x300_pratik_modular_lightbox_stand_demonte_fuar_standi-6\\\/#breadcrumb\"},\"inLanguage\":\"en-US\",\"potentialAction\":[{\"@type\":\"ReadAction\",\"target\":[\"https:\\\/\\\/dekopa.com.tr\\\/urun\\\/400x300_pratik_modular_lightbox_stand_demonte_fuar_standi-6\\\/\"]}]},{\"@type\":\"ImageObject\",\"inLanguage\":\"en-US\",\"@id\":\"https:\\\/\\\/dekopa.com.tr\\\/urun\\\/400x300_pratik_modular_lightbox_stand_demonte_fuar_standi-6\\\/#primaryimage\",\"url\":\"https:\\\/\\\/dekopa.com.tr\\\/wp-content\\\/uploads\\\/3x4-300x400cm-2pratik_fuar_standlari_modular_fair_display_pop_stand_seg_lightbox_istanbul_ankara_izmir_.jpg\",\"contentUrl\":\"https:\\\/\\\/dekopa.com.tr\\\/wp-content\\\/uploads\\\/3x4-300x400cm-2pratik_fuar_standlari_modular_fair_display_pop_stand_seg_lightbox_istanbul_ankara_izmir_.jpg\",\"width\":2017,\"height\":2017,\"caption\":\"3x4 300x400cm 2pratik fuar standlari modular fair display pop stand seg lightbox istanbul ankara izmir\"},{\"@type\":\"BreadcrumbList\",\"@id\":\"https:\\\/\\\/dekopa.com.tr\\\/urun\\\/400x300_pratik_modular_lightbox_stand_demonte_fuar_standi-6\\\/#breadcrumb\",\"itemListElement\":[{\"@type\":\"ListItem\",\"position\":1,\"name\":\"Ana sayfa\",\"item\":\"https:\\\/\\\/dekopa.com.tr\\\/\"},{\"@type\":\"ListItem\",\"position\":2,\"name\":\"Do\u011frudan Sat\u0131\u015f\",\"item\":\"https:\\\/\\\/dekopa.com.tr\\\/dogrudan-satis\\\/\"},{\"@type\":\"ListItem\",\"position\":3,\"name\":\"400&#215;300 PORTABLE FUAR STANDI\"}]},{\"@type\":\"WebSite\",\"@id\":\"https:\\\/\\\/dekopa.com.tr\\\/#website\",\"url\":\"https:\\\/\\\/dekopa.com.tr\\\/\",\"name\":\"Dekopa Dijital Bask\u0131\",\"description\":\"Lightbox Fuar Standlar\u0131\",\"publisher\":{\"@id\":\"https:\\\/\\\/dekopa.com.tr\\\/#organization\"},\"potentialAction\":[{\"@type\":\"SearchAction\",\"target\":{\"@type\":\"EntryPoint\",\"urlTemplate\":\"https:\\\/\\\/dekopa.com.tr\\\/?s={search_term_string}\"},\"query-input\":{\"@type\":\"PropertyValueSpecification\",\"valueRequired\":true,\"valueName\":\"search_term_string\"}}],\"inLanguage\":\"en-US\"},{\"@type\":\"Organization\",\"@id\":\"https:\\\/\\\/dekopa.com.tr\\\/#organization\",\"name\":\"Dekopa Display - UV Bask\u0131\",\"url\":\"https:\\\/\\\/dekopa.com.tr\\\/\",\"logo\":{\"@type\":\"ImageObject\",\"inLanguage\":\"en-US\",\"@id\":\"https:\\\/\\\/dekopa.com.tr\\\/#\\\/schema\\\/logo\\\/image\\\/\",\"url\":\"https:\\\/\\\/dekopa.com.tr\\\/wp-content\\\/uploads\\\/2020\\\/12\\\/dekopa_logo-copy-1.jpg\",\"contentUrl\":\"https:\\\/\\\/dekopa.com.tr\\\/wp-content\\\/uploads\\\/2020\\\/12\\\/dekopa_logo-copy-1.jpg\",\"width\":200,\"height\":80,\"caption\":\"Dekopa Display - UV Bask\u0131\"},\"image\":{\"@id\":\"https:\\\/\\\/dekopa.com.tr\\\/#\\\/schema\\\/logo\\\/image\\\/\"},\"sameAs\":[\"https:\\\/\\\/www.facebook.com\\\/dekopa.com.tr\",\"https:\\\/\\\/www.instagram.com\\\/dekopa_print\\\/\",\"https:\\\/\\\/tr.pinterest.com\\\/DekopaDesing\\\/\",\"https:\\\/\\\/www.youtube.com\\\/channel\\\/UCchP6AzeKOz_2L5SQ8l10mA\\\/\"]}]}<\/script>\n<!-- \/ Yoast SEO Premium plugin. -->","yoast_head_json":{"title":"400x300 PORTABLE FUAR STANDI - DEKOPA FUAR STAND","description":"400x300 Pratik Mod\u00fcler stand \u00fcr\u00fcnlerimiz ile tan\u0131\u015f\u0131n.\u2028Mod\u00fcler Lightbox yada backdrop \u00fcr\u00fcnlerimiz ile Yurti\u00e7i ve yurtd\u0131\u015f\u0131 etkinlikler i\u00e7in \u00e7\u00f6z\u00fcmler sunuyoruz","robots":{"index":"index","follow":"follow","max-snippet":"max-snippet:-1","max-image-preview":"max-image-preview:large","max-video-preview":"max-video-preview:-1"},"canonical":"https:\/\/dekopa.com.tr\/en\/product\/400x300_pratik_modular_lightbox_stand_demonte_fuar_standi-6\/","og_locale":"en_US","og_type":"article","og_title":"400x300 PORTABLE FUAR STANDI","og_description":"400x300 Pratik Mod\u00fcler stand \u00fcr\u00fcnlerimiz ile tan\u0131\u015f\u0131n.\u2028Mod\u00fcler Lightbox yada backdrop \u00fcr\u00fcnlerimiz ile Yurti\u00e7i ve yurtd\u0131\u015f\u0131 etkinlikler i\u00e7in \u00e7\u00f6z\u00fcmler sunuyoruz","og_url":"https:\/\/dekopa.com.tr\/en\/product\/400x300_pratik_modular_lightbox_stand_demonte_fuar_standi-6\/","og_site_name":"Dekopa","article_publisher":"https:\/\/www.facebook.com\/dekopa.com.tr","article_modified_time":"2024-01-06T10:50:01+00:00","og_image":[{"width":2017,"height":2017,"url":"https:\/\/dekopa.com.tr\/wp-content\/uploads\/3x4-300x400cm-2pratik_fuar_standlari_modular_fair_display_pop_stand_seg_lightbox_istanbul_ankara_izmir_.jpg","type":"image\/jpeg"}],"twitter_card":"summary_large_image","twitter_misc":{"Est. reading time":"2 minutes"},"schema":{"@context":"https:\/\/schema.org","@graph":[{"@type":"WebPage","@id":"https:\/\/dekopa.com.tr\/urun\/400x300_pratik_modular_lightbox_stand_demonte_fuar_standi-6\/","url":"https:\/\/dekopa.com.tr\/urun\/400x300_pratik_modular_lightbox_stand_demonte_fuar_standi-6\/","name":"400x300 PORTABLE FUAR STANDI - DEKOPA FUAR STAND","isPartOf":{"@id":"https:\/\/dekopa.com.tr\/#website"},"primaryImageOfPage":{"@id":"https:\/\/dekopa.com.tr\/urun\/400x300_pratik_modular_lightbox_stand_demonte_fuar_standi-6\/#primaryimage"},"image":{"@id":"https:\/\/dekopa.com.tr\/urun\/400x300_pratik_modular_lightbox_stand_demonte_fuar_standi-6\/#primaryimage"},"thumbnailUrl":"https:\/\/dekopa.com.tr\/wp-content\/uploads\/3x4-300x400cm-2pratik_fuar_standlari_modular_fair_display_pop_stand_seg_lightbox_istanbul_ankara_izmir_.jpg","datePublished":"2023-12-25T21:58:33+00:00","dateModified":"2024-01-06T10:50:01+00:00","description":"400x300 Pratik Mod\u00fcler stand \u00fcr\u00fcnlerimiz ile tan\u0131\u015f\u0131n.\u2028Mod\u00fcler Lightbox yada backdrop \u00fcr\u00fcnlerimiz ile Yurti\u00e7i ve yurtd\u0131\u015f\u0131 etkinlikler i\u00e7in \u00e7\u00f6z\u00fcmler sunuyoruz","breadcrumb":{"@id":"https:\/\/dekopa.com.tr\/urun\/400x300_pratik_modular_lightbox_stand_demonte_fuar_standi-6\/#breadcrumb"},"inLanguage":"en-US","potentialAction":[{"@type":"ReadAction","target":["https:\/\/dekopa.com.tr\/urun\/400x300_pratik_modular_lightbox_stand_demonte_fuar_standi-6\/"]}]},{"@type":"ImageObject","inLanguage":"en-US","@id":"https:\/\/dekopa.com.tr\/urun\/400x300_pratik_modular_lightbox_stand_demonte_fuar_standi-6\/#primaryimage","url":"https:\/\/dekopa.com.tr\/wp-content\/uploads\/3x4-300x400cm-2pratik_fuar_standlari_modular_fair_display_pop_stand_seg_lightbox_istanbul_ankara_izmir_.jpg","contentUrl":"https:\/\/dekopa.com.tr\/wp-content\/uploads\/3x4-300x400cm-2pratik_fuar_standlari_modular_fair_display_pop_stand_seg_lightbox_istanbul_ankara_izmir_.jpg","width":2017,"height":2017,"caption":"3x4 300x400cm 2pratik fuar standlari modular fair display pop stand seg lightbox istanbul ankara izmir"},{"@type":"BreadcrumbList","@id":"https:\/\/dekopa.com.tr\/urun\/400x300_pratik_modular_lightbox_stand_demonte_fuar_standi-6\/#breadcrumb","itemListElement":[{"@type":"ListItem","position":1,"name":"Ana sayfa","item":"https:\/\/dekopa.com.tr\/"},{"@type":"ListItem","position":2,"name":"Do\u011frudan Sat\u0131\u015f","item":"https:\/\/dekopa.com.tr\/dogrudan-satis\/"},{"@type":"ListItem","position":3,"name":"400&#215;300 PORTABLE FUAR STANDI"}]},{"@type":"WebSite","@id":"https:\/\/dekopa.com.tr\/#website","url":"https:\/\/dekopa.com.tr\/","name":"Dekopa Dijital Bask\u0131","description":"Lightbox Fuar Standlar\u0131","publisher":{"@id":"https:\/\/dekopa.com.tr\/#organization"},"potentialAction":[{"@type":"SearchAction","target":{"@type":"EntryPoint","urlTemplate":"https:\/\/dekopa.com.tr\/?s={search_term_string}"},"query-input":{"@type":"PropertyValueSpecification","valueRequired":true,"valueName":"search_term_string"}}],"inLanguage":"en-US"},{"@type":"Organization","@id":"https:\/\/dekopa.com.tr\/#organization","name":"Dekopa Display - UV Bask\u0131","url":"https:\/\/dekopa.com.tr\/","logo":{"@type":"ImageObject","inLanguage":"en-US","@id":"https:\/\/dekopa.com.tr\/#\/schema\/logo\/image\/","url":"https:\/\/dekopa.com.tr\/wp-content\/uploads\/2020\/12\/dekopa_logo-copy-1.jpg","contentUrl":"https:\/\/dekopa.com.tr\/wp-content\/uploads\/2020\/12\/dekopa_logo-copy-1.jpg","width":200,"height":80,"caption":"Dekopa Display - UV Bask\u0131"},"image":{"@id":"https:\/\/dekopa.com.tr\/#\/schema\/logo\/image\/"},"sameAs":["https:\/\/www.facebook.com\/dekopa.com.tr","https:\/\/www.instagram.com\/dekopa_print\/","https:\/\/tr.pinterest.com\/DekopaDesing\/","https:\/\/www.youtube.com\/channel\/UCchP6AzeKOz_2L5SQ8l10mA\/"]}]}},"_links":{"self":[{"href":"https:\/\/dekopa.com.tr\/en\/wp-json\/wp\/v2\/product\/7488","targetHints":{"allow":["GET"]}}],"collection":[{"href":"https:\/\/dekopa.com.tr\/en\/wp-json\/wp\/v2\/product"}],"about":[{"href":"https:\/\/dekopa.com.tr\/en\/wp-json\/wp\/v2\/types\/product"}],"replies":[{"embeddable":true,"href":"https:\/\/dekopa.com.tr\/en\/wp-json\/wp\/v2\/comments?post=7488"}],"wp:featuredmedia":[{"embeddable":true,"href":"https:\/\/dekopa.com.tr\/en\/wp-json\/wp\/v2\/media\/7458"}],"wp:attachment":[{"href":"https:\/\/dekopa.com.tr\/en\/wp-json\/wp\/v2\/media?parent=7488"}],"wp:term":[{"taxonomy":"product_brand","embeddable":true,"href":"https:\/\/dekopa.com.tr\/en\/wp-json\/wp\/v2\/product_brand?post=7488"},{"taxonomy":"product_cat","embeddable":true,"href":"https:\/\/dekopa.com.tr\/en\/wp-json\/wp\/v2\/product_cat?post=7488"},{"taxonomy":"product_tag","embeddable":true,"href":"https:\/\/dekopa.com.tr\/en\/wp-json\/wp\/v2\/product_tag?post=7488"}],"curies":[{"name":"wp","href":"https:\/\/api.w.org\/{rel}","templated":true}]}}