{"id":7309,"date":"2023-12-24T20:44:14","date_gmt":"2023-12-24T17:44:14","guid":{"rendered":"https:\/\/dekopa.com.tr\/urun\/t3-moduler-aluminyum-lightbox-set3-copy-8\/"},"modified":"2025-05-24T22:17:57","modified_gmt":"2025-05-24T19:17:57","slug":"t3-moduler-aluminyum-lightbox-set3-copy-8","status":"publish","type":"product","link":"https:\/\/dekopa.com.tr\/en\/product\/t3-moduler-aluminyum-lightbox-set3-copy-8\/","title":{"rendered":"T3 MOD\u00dcLER LIGHTBOX SET 9"},"content":{"rendered":"<p><span class=\"s1\"><a href=\"https:\/\/dekopa.com.tr\/en\/product-category\/t3_systems_moduler_lightbox\/\">Mod\u00fcler lightbox<\/a> setlerimiz talebe g\u00f6re yap\u0131lmaktad\u0131r. \u00dcr\u00fcnlerimiz tamamen mod\u00fcler ve her set i\u00e7in \u00e7antalar bulunmaktad\u0131r.\u00a0<\/span><span class=\"s1\">\u0130stedi\u011finiz \u00f6l\u00e7\u00fcleri belirlemeniz durumunda yard\u0131mc\u0131 oluyoruz.<\/span><\/p>\n<p>G\u00f6rseldeki \u00fcr\u00fcnler : 12 m2 fuar stand\u0131 &#8211; \u00d6zel ebat demonte lightbox set + 100&#215;100 Lightbox Banko<\/p>\n<p><span class=\"s1\"><br \/>\n<\/span><span class=\"s1\"><strong>Standart \u00d6l\u00e7\u00fclerimiz\u00a0<\/strong><\/span><\/p>\n<table style=\"border-collapse: collapse;width: 440px;height: 305px\" border=\"0\" width=\"182\" cellspacing=\"0\" cellpadding=\"0\">\n<tbody>\n<tr style=\"height: 20.00pt\">\n<td class=\"et2\" style=\"height: 20.00pt;width: 182.00pt\" width=\"182\" height=\"20\"><a href=\"https:\/\/dekopa.com.tr\/en\/product\/100x100-banko-light\/\"><span style=\"font-size: 13px\">100&#215;100 BANKO LIGHT<\/span><\/a><\/td>\n<\/tr>\n<tr style=\"height: 20.00pt\">\n<td class=\"et2\" style=\"height: 20.00pt\" height=\"20\"><a href=\"https:\/\/dekopa.com.tr\/en\/product\/100x100-banko-pro\/\"><span style=\"font-size: 13px\">100&#215;100 BANKO PRO<\/span><\/a><\/td>\n<\/tr>\n<tr style=\"height: 20.00pt\">\n<td class=\"et2\" style=\"height: 20.00pt\" height=\"20\"><a href=\"https:\/\/dekopa.com.tr\/en\/product\/100x100-moduler-lightbox\/\"><span style=\"font-size: 13px\">100&#215;100 MOD\u00dcLER LIGHTBOX<\/span><\/a><\/td>\n<\/tr>\n<tr style=\"height: 20.00pt\">\n<td class=\"et2\" style=\"height: 20.00pt\" height=\"20\"><a href=\"https:\/\/dekopa.com.tr\/en\/product\/100x150-moduler-lightbox\/\"><span style=\"font-size: 13px\">100X150 MOD\u00dcLER LIGHTBOX<\/span><\/a><\/td>\n<\/tr>\n<tr style=\"height: 20.00pt\">\n<td class=\"et2\" style=\"height: 20.00pt\" height=\"20\"><a href=\"https:\/\/dekopa.com.tr\/en\/product\/100x200-moduler-lightbox\/\"><span style=\"font-size: 13px\">100X200 MOD\u00dcLER LIGHTBOX<\/span><\/a><\/td>\n<\/tr>\n<tr style=\"height: 20.00pt\">\n<td class=\"et2\" style=\"height: 20.00pt\" height=\"20\"><a href=\"https:\/\/dekopa.com.tr\/en\/product\/100x250-moduler-lightbox\/\"><span style=\"font-size: 13px\">100&#215;250 MOD\u00dcLER LIGHTBOX<\/span><\/a><\/td>\n<\/tr>\n<tr style=\"height: 20.00pt\">\n<td class=\"et2\" style=\"height: 20.00pt\" height=\"20\"><a href=\"https:\/\/dekopa.com.tr\/en\/product\/200x200-moduler-lightbox\/\"><span style=\"font-size: 13px\">200X200 MOD\u00dcLER LIGHTBOX<\/span><\/a><\/td>\n<\/tr>\n<tr style=\"height: 20.00pt\">\n<td class=\"et2\" style=\"height: 20.00pt\" height=\"20\"><a href=\"https:\/\/dekopa.com.tr\/en\/product\/200x250-moduler-lightbox\/\"><span style=\"font-size: 13px\">200X250 MOD\u00dcLER LIGHTBOX<\/span><\/a><\/td>\n<\/tr>\n<tr style=\"height: 20.00pt\">\n<td class=\"et2\" style=\"height: 20.00pt\" height=\"20\"><a href=\"https:\/\/dekopa.com.tr\/en\/product\/300x200-moduler-lightbox\/\"><span style=\"font-size: 13px\">300X200 MOD\u00dcLER LIGHTBOX<\/span><\/a><\/td>\n<\/tr>\n<tr style=\"height: 20.00pt\">\n<td class=\"et2\" style=\"height: 20.00pt\" height=\"20\"><a href=\"https:\/\/dekopa.com.tr\/en\/product\/300x250-moduler-lightbox\/\"><span style=\"font-size: 13px\">300X250 MOD\u00dcLER LIGHTBOX<\/span><\/a><\/td>\n<\/tr>\n<tr style=\"height: 20.00pt\">\n<td class=\"et2\" style=\"height: 20.00pt\" height=\"20\"><a href=\"https:\/\/dekopa.com.tr\/en\/product\/300x300-moduler-lightbox\/\"><span style=\"font-size: 13px\">300X300 MOD\u00dcLER LIGHTBOX<\/span><\/a><\/td>\n<\/tr>\n<tr style=\"height: 20.00pt\">\n<td class=\"et2\" style=\"height: 20.00pt\" height=\"20\"><a href=\"https:\/\/dekopa.com.tr\/en\/product\/400x200-moduler-lightbox\/\"><span style=\"font-size: 13px\">400X200 MOD\u00dcLER LIGHTBOX<\/span><\/a><\/td>\n<\/tr>\n<tr style=\"height: 20.00pt\">\n<td class=\"et2\" style=\"height: 20.00pt\" height=\"20\"><a href=\"https:\/\/dekopa.com.tr\/en\/product\/400x250-moduler-ligthbox\/\"><span style=\"font-size: 13px\">400X250 MOD\u00dcLER LIGTHBOX<\/span><\/a><\/td>\n<\/tr>\n<\/tbody>\n<\/table>\n<p><a href=\"https:\/\/dekopa.com.tr\/en\/product-category\/moduler_ledbox_lightbox_paneller\/\">Standart \u00fcr\u00fcnler i\u00e7in sayfam\u0131z\u0131 ziyaret edin.<\/a><\/p>\n<p><span class=\"s1\">Dekopa.com.tr olarak sizlere etkileyici ve \u00f6zg\u00fcn fuar deneyimleri sunmak i\u00e7in mod\u00fcler lightbox ve fuar stand kiralama hizmetlerimizle yan\u0131n\u0131zday\u0131z. <a href=\"https:\/\/dekopa.com.tr\/en\/dogrudan-satis\/\"><span class=\"s2\">Mod\u00fcler lightboxlar<\/span><\/a>, marka mesaj\u0131n\u0131z\u0131 vurgulamak ve stand\u0131n\u0131z\u0131 g\u00f6z al\u0131c\u0131 k\u0131lmak i\u00e7in m\u00fckemmel bir se\u00e7enektir. Yarat\u0131c\u0131 tasar\u0131mlar\u0131m\u0131z ve modern teknolojilerle donat\u0131lm\u0131\u015f standlar\u0131m\u0131z, fuarlarda iz b\u0131rakman\u0131za yard\u0131mc\u0131 olacak.<\/span><\/p>\n<p class=\"p1\"><span class=\"s1\">+ Kolay kurulum<br \/>\n+ Sat\u0131\u015f yada kiralama opsiyonlar\u0131<br \/>\n+ Alet gerektirmeyen kurulum<br \/>\n+ Usta gerektirmez<br \/>\n+ \u00c7antal\u0131 Kolay Ta\u015f\u0131nabilir<br \/>\n+ Opsiyon olarak Perde led sistemi ile %30 dan fazla daha m\u00fckemmel\u00a0<\/span><\/p>\n<p><strong>Mod\u00fcler Lightbox ve Fuar Stand\u0131 Kiralama Hizmetlerimiz:<\/strong><\/p>\n<p>Dekopa.com.tr olarak, size \u00f6zg\u00fcn ve etkileyici fuar deneyimleri sunmak i\u00e7in mod\u00fcler lightbox ve fuar stand\u0131 kiralama hizmetlerimizle yan\u0131n\u0131zday\u0131z. <strong>Mod\u00fcler Lightboxlar Set<\/strong>, marka mesaj\u0131n\u0131z\u0131 vurgulamak ve stand\u0131n\u0131z\u0131 g\u00f6z al\u0131c\u0131 k\u0131lmak i\u00e7in m\u00fckemmel bir se\u00e7enektir. Yarat\u0131c\u0131 tasar\u0131mlar\u0131m\u0131z ve modern teknolojilerle donat\u0131lm\u0131\u015f standlar\u0131m\u0131z, fuarlarda iz b\u0131rakman\u0131za yard\u0131mc\u0131 olacak.<\/p>\n<p><strong>Dekopa.com.tr ile Mod\u00fcler Lightbox:<\/strong><\/p>\n<ul>\n<li><strong>Kolay Kurulum:<\/strong> Alet gerektirmeyen kurulum sayesinde fuar haz\u0131rl\u0131klar\u0131n\u0131z daha da h\u0131zl\u0131 ve pratik.<\/li>\n<li><strong>Opsiyonlar:<\/strong> Sat\u0131\u015f veya kiralama se\u00e7enekleri ile b\u00fct\u00e7enize uygun \u00e7\u00f6z\u00fcmler.<\/li>\n<li><strong>Usta Gerektirmez:<\/strong> Kolay kurulum ve kullan\u0131m i\u00e7in usta ihtiyac\u0131n\u0131 ortadan kald\u0131r\u0131r.<\/li>\n<\/ul>\n<p>Mod\u00fcler fuar standlar\u0131m\u0131z, fuar deneyiminizi zenginle\u015ftirmek ve markan\u0131z\u0131 en iyi \u015fekilde sergilemek i\u00e7in ideal bir se\u00e7enektir. Yurti\u00e7i ve yurtd\u0131\u015f\u0131 fuarlar\u0131n\u0131zda ekonomik ve etkileyici \u00e7\u00f6z\u00fcmler sunuyoruz.<\/p>\n<p>Kendi kurabilece\u011finiz <a href=\"https:\/\/dekopa.com.tr\/en\/lightbox-fuar-stand-hizmet\/\">Mod\u00fcler Lightbox Standlar<\/a> ve mod\u00fcler backdrop \u00fcr\u00fcnler i\u00e7in bize hemen ula\u015f\u0131n. \u0130stanbul adresimizde bulunan Dekopa Dijital Bask\u0131 olarak, mod\u00fcler fuar standlar\u0131, backdrop ve <a href=\"https:\/\/dekopa.com.tr\/en\/lightbox-hizmet\/\">lightbox<\/a> \u00fcr\u00fcnleri konusunda uzman ekibimizle hizmetinizdeyiz.<\/p>\n<p>Mod\u00fcler Fuar Stand\u0131 &#8211; Backdrop &#8211; Lightbox \u00dcr\u00fcnlerimizi <a href=\"https:\/\/dekopa.com.tr\/en\/ledbox-lightbox-tekstilbox-ledframe\/\">\u0130ncelemek \u0130\u00e7in Hemen T\u0131klay\u0131n!<\/a><\/p>\n<p>Her t\u00fcrl\u00fc soru, \u00f6neri veya talepleriniz i\u00e7in bize ula\u015fmaktan \u00e7ekinmeyin.<\/p>","protected":false},"excerpt":{"rendered":"<p class=\"p1\"><span class=\"s1\"><b>Mod\u00fcler lightbox Setler<\/b><\/span><\/p>\n<p class=\"p1\"><span class=\"s1\">Dekopa.com.tr olarak sizlere etkileyici ve \u00f6zg\u00fcn fuar deneyimleri sunmak i\u00e7in <a href=\"http:\/\/dekopa.com.tr\/en\/\">mod\u00fcler lightbox<\/a> setler ve fuar stand kiralama hizmetlerimizle yan\u0131n\u0131zday\u0131z. <a href=\"https:\/\/dekopa.com.tr\/en\/dogrudan-satis\/\"><span class=\"s2\">Mod\u00fcler lightboxlar<\/span><\/a>, marka mesaj\u0131n\u0131z\u0131 vurgulamak ve stand\u0131n\u0131z\u0131 g\u00f6z al\u0131c\u0131 k\u0131lmak i\u00e7in m\u00fckemmel bir se\u00e7enektir. Yarat\u0131c\u0131 tasar\u0131mlar\u0131m\u0131z ve modern teknolojilerle donat\u0131lm\u0131\u015f standlar\u0131m\u0131z, fuarlarda iz b\u0131rakman\u0131za yard\u0131mc\u0131 olacak.<\/span><\/p>\n<p>G\u00f6rseldeki \u00fcr\u00fcnler : 12 m2 fuar stand\u0131 &#8211; \u00d6zel ebat demonte lightbox set + 100&#215;100 Lightbox Banko<\/p>","protected":false},"featured_media":7272,"comment_status":"open","ping_status":"closed","template":"","meta":[],"product_brand":[],"product_cat":[701,521],"product_tag":[644,790,783,786,785,784,717,789,794,793,667,671,795,643,739,650,652,711,697,655,782,656,791,787,657,646,645,649,698,796,788,705,696,661,617,647,636,792,694,695,700,666],"class_list":{"0":"post-7309","1":"product","2":"type-product","3":"status-publish","4":"has-post-thumbnail","6":"product_cat-t3_systems_moduler_lightbox","7":"product_cat-urunler","8":"product_tag-100x100-banko-light","9":"product_tag-250x250-lightbox-fuar-stand","10":"product_tag-300x300-display","11":"product_tag-300x300-kolay-kurulan-stand","12":"product_tag-300x300-lightbox","13":"product_tag-300x300-stand","14":"product_tag-400x250-portable-lightbox","15":"product_tag-600x250-stand","16":"product_tag-almanya-fuar-standi","17":"product_tag-amerika-fuar-standi","18":"product_tag-backdrop","19":"product_tag-cantali-moduler-lightbox","20":"product_tag-demonte-fuar-standlari","21":"product_tag-fuar-lightbox","22":"product_tag-fuar-stand","23":"product_tag-fuar-stand-lightbox","24":"product_tag-isikli-orumcek-stand","25":"product_tag-isikli-pano","26":"product_tag-istanbul-ledu","27":"product_tag-istanbul-orumcek-stand","28":"product_tag-karsilama-deski","29":"product_tag-kiralik-lightbox","30":"product_tag-kolay-kurulum","31":"product_tag-kolay-kurulum-stand","32":"product_tag-ledu-lightbox","33":"product_tag-lightbox-ankara","34":"product_tag-lightbox-istanbul","35":"product_tag-lightbox-kiralama","36":"product_tag-lightbox-stand","37":"product_tag-mobil-fuar-standlari","38":"product_tag-mobil-stand","39":"product_tag-mobile-200x200-lightbox","40":"product_tag-mobile-lightbox-display","41":"product_tag-moduler-banko","42":"product_tag-moduler-lightbox","43":"product_tag-moduler-lightbox-setleri","44":"product_tag-moduler-lightbox-stand","45":"product_tag-ozel-ebat-lightbox-srand","46":"product_tag-portable-lightbox","47":"product_tag-seg-display","48":"product_tag-tekstilbox","49":"product_tag-textilebox-lightbox","51":"first","52":"instock","53":"shipping-taxable","54":"product-type-simple","55":"prodpage-style2"},"gallery_images":[7273,7272,7274,7115,7118,7116,7119],"yoast_head":"<!-- This site is optimized with the Yoast SEO Premium plugin v25.1 (Yoast SEO v27.4) - https:\/\/yoast.com\/product\/yoast-seo-premium-wordpress\/ -->\n<title>T3 MOD\u00dcLER LIGHTBOX SET 9 - Dekopa Mod\u00fcler Lightbox Set<\/title>\n<meta name=\"description\" content=\"Mod\u00fcler lightbox set \u00fcr\u00fcnlerimiz ile tan\u0131\u015f\u0131n.\u2028Mod\u00fcler Lightbox yada backdrop \u00fcr\u00fcnlerimiz ile Yurti\u00e7i ve yurtd\u0131\u015f\u0131 etkinlikler i\u00e7in \u00e7\u00f6z\u00fcmler sunuyoruz\" \/>\n<meta name=\"robots\" content=\"index, follow, max-snippet:-1, max-image-preview:large, max-video-preview:-1\" \/>\n<link rel=\"canonical\" href=\"https:\/\/dekopa.com.tr\/en\/product\/t3-moduler-aluminyum-lightbox-set3-copy-8\/\" \/>\n<meta property=\"og:locale\" content=\"en_US\" \/>\n<meta property=\"og:type\" content=\"article\" \/>\n<meta property=\"og:title\" content=\"T3 MOD\u00dcLER LIGHTBOX SET 9\" \/>\n<meta property=\"og:description\" content=\"Mod\u00fcler lightbox set \u00fcr\u00fcnlerimiz ile tan\u0131\u015f\u0131n.\u2028Mod\u00fcler Lightbox yada backdrop \u00fcr\u00fcnlerimiz ile Yurti\u00e7i ve yurtd\u0131\u015f\u0131 etkinlikler i\u00e7in \u00e7\u00f6z\u00fcmler sunuyoruz\" \/>\n<meta property=\"og:url\" content=\"https:\/\/dekopa.com.tr\/en\/product\/t3-moduler-aluminyum-lightbox-set3-copy-8\/\" \/>\n<meta property=\"og:site_name\" content=\"Dekopa\" \/>\n<meta property=\"article:publisher\" content=\"https:\/\/www.facebook.com\/dekopa.com.tr\" \/>\n<meta property=\"article:modified_time\" content=\"2025-05-24T19:17:57+00:00\" \/>\n<meta property=\"og:image\" content=\"https:\/\/dekopa.com.tr\/wp-content\/uploads\/Orj_t3-modular-stand-sistemi-100x250-100x200-100x150-dekopa-1demonte-stand_moduler_backdrop-istanbul_backdrop_.png\" \/>\n\t<meta property=\"og:image:width\" content=\"545\" \/>\n\t<meta property=\"og:image:height\" content=\"545\" \/>\n\t<meta property=\"og:image:type\" content=\"image\/png\" \/>\n<meta name=\"twitter:card\" content=\"summary_large_image\" \/>\n<meta name=\"twitter:label1\" content=\"Est. reading time\" \/>\n\t<meta name=\"twitter:data1\" content=\"2 minutes\" \/>\n<script type=\"application\/ld+json\" class=\"yoast-schema-graph\">{\"@context\":\"https:\\\/\\\/schema.org\",\"@graph\":[{\"@type\":\"WebPage\",\"@id\":\"https:\\\/\\\/dekopa.com.tr\\\/urun\\\/t3-moduler-aluminyum-lightbox-set3-copy-8\\\/\",\"url\":\"https:\\\/\\\/dekopa.com.tr\\\/urun\\\/t3-moduler-aluminyum-lightbox-set3-copy-8\\\/\",\"name\":\"T3 MOD\u00dcLER LIGHTBOX SET 9 - Dekopa Mod\u00fcler Lightbox Set\",\"isPartOf\":{\"@id\":\"https:\\\/\\\/dekopa.com.tr\\\/#website\"},\"primaryImageOfPage\":{\"@id\":\"https:\\\/\\\/dekopa.com.tr\\\/urun\\\/t3-moduler-aluminyum-lightbox-set3-copy-8\\\/#primaryimage\"},\"image\":{\"@id\":\"https:\\\/\\\/dekopa.com.tr\\\/urun\\\/t3-moduler-aluminyum-lightbox-set3-copy-8\\\/#primaryimage\"},\"thumbnailUrl\":\"https:\\\/\\\/dekopa.com.tr\\\/wp-content\\\/uploads\\\/Orj_t3-modular-stand-sistemi-100x250-100x200-100x150-dekopa-1demonte-stand_moduler_backdrop-istanbul_backdrop_.png\",\"datePublished\":\"2023-12-24T17:44:14+00:00\",\"dateModified\":\"2025-05-24T19:17:57+00:00\",\"description\":\"Mod\u00fcler lightbox set \u00fcr\u00fcnlerimiz ile tan\u0131\u015f\u0131n.\\u2028Mod\u00fcler Lightbox yada backdrop \u00fcr\u00fcnlerimiz ile Yurti\u00e7i ve yurtd\u0131\u015f\u0131 etkinlikler i\u00e7in \u00e7\u00f6z\u00fcmler sunuyoruz\",\"breadcrumb\":{\"@id\":\"https:\\\/\\\/dekopa.com.tr\\\/urun\\\/t3-moduler-aluminyum-lightbox-set3-copy-8\\\/#breadcrumb\"},\"inLanguage\":\"en-US\",\"potentialAction\":[{\"@type\":\"ReadAction\",\"target\":[\"https:\\\/\\\/dekopa.com.tr\\\/urun\\\/t3-moduler-aluminyum-lightbox-set3-copy-8\\\/\"]}]},{\"@type\":\"ImageObject\",\"inLanguage\":\"en-US\",\"@id\":\"https:\\\/\\\/dekopa.com.tr\\\/urun\\\/t3-moduler-aluminyum-lightbox-set3-copy-8\\\/#primaryimage\",\"url\":\"https:\\\/\\\/dekopa.com.tr\\\/wp-content\\\/uploads\\\/Orj_t3-modular-stand-sistemi-100x250-100x200-100x150-dekopa-1demonte-stand_moduler_backdrop-istanbul_backdrop_.png\",\"contentUrl\":\"https:\\\/\\\/dekopa.com.tr\\\/wp-content\\\/uploads\\\/Orj_t3-modular-stand-sistemi-100x250-100x200-100x150-dekopa-1demonte-stand_moduler_backdrop-istanbul_backdrop_.png\",\"width\":545,\"height\":545,\"caption\":\"Orj t3 modular stand sistemi 100x250 100x200 100x150 dekopa 1demonte stand moduler backdrop istanbul backdrop\"},{\"@type\":\"BreadcrumbList\",\"@id\":\"https:\\\/\\\/dekopa.com.tr\\\/urun\\\/t3-moduler-aluminyum-lightbox-set3-copy-8\\\/#breadcrumb\",\"itemListElement\":[{\"@type\":\"ListItem\",\"position\":1,\"name\":\"Ana sayfa\",\"item\":\"https:\\\/\\\/dekopa.com.tr\\\/\"},{\"@type\":\"ListItem\",\"position\":2,\"name\":\"Do\u011frudan Sat\u0131\u015f\",\"item\":\"https:\\\/\\\/dekopa.com.tr\\\/dogrudan-satis\\\/\"},{\"@type\":\"ListItem\",\"position\":3,\"name\":\"T3 MOD\u00dcLER LIGHTBOX SET 9\"}]},{\"@type\":\"WebSite\",\"@id\":\"https:\\\/\\\/dekopa.com.tr\\\/#website\",\"url\":\"https:\\\/\\\/dekopa.com.tr\\\/\",\"name\":\"Dekopa Dijital Bask\u0131\",\"description\":\"Lightbox Fuar Standlar\u0131\",\"publisher\":{\"@id\":\"https:\\\/\\\/dekopa.com.tr\\\/#organization\"},\"potentialAction\":[{\"@type\":\"SearchAction\",\"target\":{\"@type\":\"EntryPoint\",\"urlTemplate\":\"https:\\\/\\\/dekopa.com.tr\\\/?s={search_term_string}\"},\"query-input\":{\"@type\":\"PropertyValueSpecification\",\"valueRequired\":true,\"valueName\":\"search_term_string\"}}],\"inLanguage\":\"en-US\"},{\"@type\":\"Organization\",\"@id\":\"https:\\\/\\\/dekopa.com.tr\\\/#organization\",\"name\":\"Dekopa Display - UV Bask\u0131\",\"url\":\"https:\\\/\\\/dekopa.com.tr\\\/\",\"logo\":{\"@type\":\"ImageObject\",\"inLanguage\":\"en-US\",\"@id\":\"https:\\\/\\\/dekopa.com.tr\\\/#\\\/schema\\\/logo\\\/image\\\/\",\"url\":\"https:\\\/\\\/dekopa.com.tr\\\/wp-content\\\/uploads\\\/2020\\\/12\\\/dekopa_logo-copy-1.jpg\",\"contentUrl\":\"https:\\\/\\\/dekopa.com.tr\\\/wp-content\\\/uploads\\\/2020\\\/12\\\/dekopa_logo-copy-1.jpg\",\"width\":200,\"height\":80,\"caption\":\"Dekopa Display - UV Bask\u0131\"},\"image\":{\"@id\":\"https:\\\/\\\/dekopa.com.tr\\\/#\\\/schema\\\/logo\\\/image\\\/\"},\"sameAs\":[\"https:\\\/\\\/www.facebook.com\\\/dekopa.com.tr\",\"https:\\\/\\\/www.instagram.com\\\/dekopa_print\\\/\",\"https:\\\/\\\/tr.pinterest.com\\\/DekopaDesing\\\/\",\"https:\\\/\\\/www.youtube.com\\\/channel\\\/UCchP6AzeKOz_2L5SQ8l10mA\\\/\"]}]}<\/script>\n<!-- \/ Yoast SEO Premium plugin. -->","yoast_head_json":{"title":"T3 MOD\u00dcLER LIGHTBOX SET 9 - Dekopa Mod\u00fcler Lightbox Set","description":"Mod\u00fcler lightbox set \u00fcr\u00fcnlerimiz ile tan\u0131\u015f\u0131n.\u2028Mod\u00fcler Lightbox yada backdrop \u00fcr\u00fcnlerimiz ile Yurti\u00e7i ve yurtd\u0131\u015f\u0131 etkinlikler i\u00e7in \u00e7\u00f6z\u00fcmler sunuyoruz","robots":{"index":"index","follow":"follow","max-snippet":"max-snippet:-1","max-image-preview":"max-image-preview:large","max-video-preview":"max-video-preview:-1"},"canonical":"https:\/\/dekopa.com.tr\/en\/product\/t3-moduler-aluminyum-lightbox-set3-copy-8\/","og_locale":"en_US","og_type":"article","og_title":"T3 MOD\u00dcLER LIGHTBOX SET 9","og_description":"Mod\u00fcler lightbox set \u00fcr\u00fcnlerimiz ile tan\u0131\u015f\u0131n.\u2028Mod\u00fcler Lightbox yada backdrop \u00fcr\u00fcnlerimiz ile Yurti\u00e7i ve yurtd\u0131\u015f\u0131 etkinlikler i\u00e7in \u00e7\u00f6z\u00fcmler sunuyoruz","og_url":"https:\/\/dekopa.com.tr\/en\/product\/t3-moduler-aluminyum-lightbox-set3-copy-8\/","og_site_name":"Dekopa","article_publisher":"https:\/\/www.facebook.com\/dekopa.com.tr","article_modified_time":"2025-05-24T19:17:57+00:00","og_image":[{"width":545,"height":545,"url":"https:\/\/dekopa.com.tr\/wp-content\/uploads\/Orj_t3-modular-stand-sistemi-100x250-100x200-100x150-dekopa-1demonte-stand_moduler_backdrop-istanbul_backdrop_.png","type":"image\/png"}],"twitter_card":"summary_large_image","twitter_misc":{"Est. reading time":"2 minutes"},"schema":{"@context":"https:\/\/schema.org","@graph":[{"@type":"WebPage","@id":"https:\/\/dekopa.com.tr\/urun\/t3-moduler-aluminyum-lightbox-set3-copy-8\/","url":"https:\/\/dekopa.com.tr\/urun\/t3-moduler-aluminyum-lightbox-set3-copy-8\/","name":"T3 MOD\u00dcLER LIGHTBOX SET 9 - Dekopa Mod\u00fcler Lightbox Set","isPartOf":{"@id":"https:\/\/dekopa.com.tr\/#website"},"primaryImageOfPage":{"@id":"https:\/\/dekopa.com.tr\/urun\/t3-moduler-aluminyum-lightbox-set3-copy-8\/#primaryimage"},"image":{"@id":"https:\/\/dekopa.com.tr\/urun\/t3-moduler-aluminyum-lightbox-set3-copy-8\/#primaryimage"},"thumbnailUrl":"https:\/\/dekopa.com.tr\/wp-content\/uploads\/Orj_t3-modular-stand-sistemi-100x250-100x200-100x150-dekopa-1demonte-stand_moduler_backdrop-istanbul_backdrop_.png","datePublished":"2023-12-24T17:44:14+00:00","dateModified":"2025-05-24T19:17:57+00:00","description":"Mod\u00fcler lightbox set \u00fcr\u00fcnlerimiz ile tan\u0131\u015f\u0131n.\u2028Mod\u00fcler Lightbox yada backdrop \u00fcr\u00fcnlerimiz ile Yurti\u00e7i ve yurtd\u0131\u015f\u0131 etkinlikler i\u00e7in \u00e7\u00f6z\u00fcmler sunuyoruz","breadcrumb":{"@id":"https:\/\/dekopa.com.tr\/urun\/t3-moduler-aluminyum-lightbox-set3-copy-8\/#breadcrumb"},"inLanguage":"en-US","potentialAction":[{"@type":"ReadAction","target":["https:\/\/dekopa.com.tr\/urun\/t3-moduler-aluminyum-lightbox-set3-copy-8\/"]}]},{"@type":"ImageObject","inLanguage":"en-US","@id":"https:\/\/dekopa.com.tr\/urun\/t3-moduler-aluminyum-lightbox-set3-copy-8\/#primaryimage","url":"https:\/\/dekopa.com.tr\/wp-content\/uploads\/Orj_t3-modular-stand-sistemi-100x250-100x200-100x150-dekopa-1demonte-stand_moduler_backdrop-istanbul_backdrop_.png","contentUrl":"https:\/\/dekopa.com.tr\/wp-content\/uploads\/Orj_t3-modular-stand-sistemi-100x250-100x200-100x150-dekopa-1demonte-stand_moduler_backdrop-istanbul_backdrop_.png","width":545,"height":545,"caption":"Orj t3 modular stand sistemi 100x250 100x200 100x150 dekopa 1demonte stand moduler backdrop istanbul backdrop"},{"@type":"BreadcrumbList","@id":"https:\/\/dekopa.com.tr\/urun\/t3-moduler-aluminyum-lightbox-set3-copy-8\/#breadcrumb","itemListElement":[{"@type":"ListItem","position":1,"name":"Ana sayfa","item":"https:\/\/dekopa.com.tr\/"},{"@type":"ListItem","position":2,"name":"Do\u011frudan Sat\u0131\u015f","item":"https:\/\/dekopa.com.tr\/dogrudan-satis\/"},{"@type":"ListItem","position":3,"name":"T3 MOD\u00dcLER LIGHTBOX SET 9"}]},{"@type":"WebSite","@id":"https:\/\/dekopa.com.tr\/#website","url":"https:\/\/dekopa.com.tr\/","name":"Dekopa Dijital Bask\u0131","description":"Lightbox Fuar Standlar\u0131","publisher":{"@id":"https:\/\/dekopa.com.tr\/#organization"},"potentialAction":[{"@type":"SearchAction","target":{"@type":"EntryPoint","urlTemplate":"https:\/\/dekopa.com.tr\/?s={search_term_string}"},"query-input":{"@type":"PropertyValueSpecification","valueRequired":true,"valueName":"search_term_string"}}],"inLanguage":"en-US"},{"@type":"Organization","@id":"https:\/\/dekopa.com.tr\/#organization","name":"Dekopa Display - UV Bask\u0131","url":"https:\/\/dekopa.com.tr\/","logo":{"@type":"ImageObject","inLanguage":"en-US","@id":"https:\/\/dekopa.com.tr\/#\/schema\/logo\/image\/","url":"https:\/\/dekopa.com.tr\/wp-content\/uploads\/2020\/12\/dekopa_logo-copy-1.jpg","contentUrl":"https:\/\/dekopa.com.tr\/wp-content\/uploads\/2020\/12\/dekopa_logo-copy-1.jpg","width":200,"height":80,"caption":"Dekopa Display - UV Bask\u0131"},"image":{"@id":"https:\/\/dekopa.com.tr\/#\/schema\/logo\/image\/"},"sameAs":["https:\/\/www.facebook.com\/dekopa.com.tr","https:\/\/www.instagram.com\/dekopa_print\/","https:\/\/tr.pinterest.com\/DekopaDesing\/","https:\/\/www.youtube.com\/channel\/UCchP6AzeKOz_2L5SQ8l10mA\/"]}]}},"_links":{"self":[{"href":"https:\/\/dekopa.com.tr\/en\/wp-json\/wp\/v2\/product\/7309","targetHints":{"allow":["GET"]}}],"collection":[{"href":"https:\/\/dekopa.com.tr\/en\/wp-json\/wp\/v2\/product"}],"about":[{"href":"https:\/\/dekopa.com.tr\/en\/wp-json\/wp\/v2\/types\/product"}],"replies":[{"embeddable":true,"href":"https:\/\/dekopa.com.tr\/en\/wp-json\/wp\/v2\/comments?post=7309"}],"wp:featuredmedia":[{"embeddable":true,"href":"https:\/\/dekopa.com.tr\/en\/wp-json\/wp\/v2\/media\/7272"}],"wp:attachment":[{"href":"https:\/\/dekopa.com.tr\/en\/wp-json\/wp\/v2\/media?parent=7309"}],"wp:term":[{"taxonomy":"product_brand","embeddable":true,"href":"https:\/\/dekopa.com.tr\/en\/wp-json\/wp\/v2\/product_brand?post=7309"},{"taxonomy":"product_cat","embeddable":true,"href":"https:\/\/dekopa.com.tr\/en\/wp-json\/wp\/v2\/product_cat?post=7309"},{"taxonomy":"product_tag","embeddable":true,"href":"https:\/\/dekopa.com.tr\/en\/wp-json\/wp\/v2\/product_tag?post=7309"}],"curies":[{"name":"wp","href":"https:\/\/api.w.org\/{rel}","templated":true}]}}