{"id":7192,"date":"2023-12-24T17:17:53","date_gmt":"2023-12-24T14:17:53","guid":{"rendered":"https:\/\/dekopa.com.tr\/urun\/backdrop-250x250-copy\/"},"modified":"2025-05-27T21:51:32","modified_gmt":"2025-05-27T18:51:32","slug":"backdrop-200x300-cm","status":"publish","type":"product","link":"https:\/\/dekopa.com.tr\/en\/product\/backdrop-200x300-cm\/","title":{"rendered":"Backdrop 200&#215;300 cm"},"content":{"rendered":"<div class=\"w-full text-token-text-primary\" data-testid=\"conversation-turn-39\">\n<div class=\"px-4 py-2 justify-center text-base md:gap-6 m-auto\">\n<div class=\"flex flex-1 text-base mx-auto gap-3 md:px-5 lg:px-1 xl:px-5 md:max-w-3xl lg:max-w-[40rem] xl:max-w-[48rem] group\">\n<div class=\"relative flex w-full flex-col lg:w-[calc(100%-115px)] agent-turn\">\n<div class=\"flex-col gap-1 md:gap-3\">\n<div class=\"flex flex-grow flex-col max-w-full\">\n<div class=\"min-h-[20px] text-message flex flex-col items-start gap-3 whitespace-pre-wrap break-words [.text-message+&amp;]:mt-5 overflow-x-auto\" data-message-author-role=\"assistant\" data-message-id=\"d83e9488-94d6-480b-a9a3-d734b0794849\">\n<div class=\"markdown prose w-full break-words dark:prose-invert light\">\n<p>200&#215;300 cm Mod\u00fcler Backdrop Kiralama ve Sat\u0131\u015f<br \/>\n\u00dcr\u00fcnlerimiz Al\u00fcminyum ve Plastik bile\u015fenlerden olu\u015fmaktad\u0131r. Blackout Tekstil Bask\u0131 kullanmaktay\u0131z. Vinil de\u011fildir.<br \/>\nFitillerden germe olarak yap\u0131lmaktad\u0131r. Usta gerektirmeyen ve kolay montaj ayn\u0131 zamanda \u00e7antal\u0131 \u00fcr\u00fcnlerdir.<\/p>\n<p><a href=\"https:\/\/dekopa.com.tr\/moduler_stand_lightbox\/\">Fuar standlar\u0131<\/a> i\u00e7in mod\u00fcler arka fon yada duvar olarakda kullan\u0131lmaktad\u0131r.<\/p>\n<p>+ Kolay kurulum<br \/>\n+ <strong>Sat\u0131\u015f yada kiralama opsiyonlar\u0131<\/strong><br \/>\n+ Alet gerektirmeyen kurulum<br \/>\n+ Usta gerektirmez<br \/>\n+ \u00c7antal\u0131 Kolay Ta\u015f\u0131nabilir<br \/>\n+ Lightbox terciher i\u00e7in Perde led sistemi ile %30 dan fazla daha m\u00fckemmel<\/p>\n<p><strong>Backdrop &#8211; Sahne Arkas\u0131 Fonlar\u0131 ve Lightboxlar: Etkileyici Tasar\u0131mlarla Unutulmaz Anlar<\/strong><\/p>\n<p>Dekopa.com.tr olarak, <a href=\"https:\/\/dekopa.com.tr\/moduler-sahne-arkasi-lightbox-hizmet\/\">sahne arkas\u0131 fonlar\u0131<\/a> ve lightboxlar konusunda sundu\u011fumuz kiralama ve sat\u0131n alma hizmetleri ile etkinliklerinizi bir \u00fcst seviyeye ta\u015f\u0131yoruz. \u0130stanbul i\u00e7indeki etkinlikleriniz i\u00e7in \u00f6zel tasar\u0131mlar\u0131m\u0131zla her detay\u0131 \u00f6zenle planl\u0131yoruz.<\/p>\n<p><strong>Mod\u00fcler Backdrop Kiralama ve Sat\u0131\u015f:<\/strong> Etkinliklerinizi \u00f6zel k\u0131lmak i\u00e7in mod\u00fcler backdrop kiralama ve sat\u0131n alma se\u00e7eneklerimizle her t\u00fcrl\u00fc ihtiyaca cevap veriyoruz. Pratik ta\u015f\u0131ma \u00f6zellikleri ve h\u0131zl\u0131 kurulumu ile etkinliklerinizde sahne arkas\u0131n\u0131 \u00f6zel k\u0131l\u0131n.<\/p>\n<p><strong>Lightbox Kiralama ve Sat\u0131\u015f:<\/strong> <a href=\"https:\/\/dekopa.com.tr\/moduler-sahne-arkasi-lightbox-hizmet\/\">Mod\u00fcler lightboxlar\u0131m\u0131z,<\/a> etkileyici ayd\u0131nlatma ve \u00f6zel tasar\u0131mlar\u0131yla marka mesaj\u0131n\u0131z\u0131 en iyi \u015fekilde iletebilmenizi sa\u011flar. Kiralama veya sat\u0131n alma opsiyonlar\u0131 ile b\u00fct\u00e7enize uygun \u00e7\u00f6z\u00fcmler sunuyoruz.<\/p>\n<p><strong>Sadece \u0130stanbul \u0130\u00e7i Kiralama:<\/strong> \u0130stanbul&#8217;da ger\u00e7ekle\u015fecek etkinlikleriniz i\u00e7in sadece \u0130stanbul i\u00e7inde backdrop ve <a href=\"https:\/\/dekopa.com.tr\/lightbox-fuar-stand-hizmet\/\">lightbox kiralama<\/a> hizmeti sunmaktay\u0131z. H\u0131zl\u0131 teslimat ve yerinde kurulum ile profesyonel destek sa\u011fl\u0131yoruz.<\/p>\n<p><strong>Etkinliklerinizi \u00d6zel K\u0131l\u0131n:<\/strong> Her t\u00fcrden etkinlik i\u00e7in \u00f6zel tasar\u0131mlar\u0131m\u0131z ve y\u00fcksek kaliteli dijital bask\u0131 teknolojimizle etkinliklerinizi unutulmaz k\u0131l\u0131n. Mod\u00fcler tasar\u0131mlar\u0131m\u0131z, pratik kullan\u0131m\u0131 ve g\u00f6z al\u0131c\u0131 g\u00f6r\u00fcnt\u00fcs\u00fcyle etkinliklerinize de\u011fer kat\u0131yor.<\/p>\n<p><strong>Backdrop ve Lightbox Kombinasyonu:<\/strong><br \/>\n200&#215;300 cm Mod\u00fcler backdroplar\u0131m\u0131z\u0131, etkileyici mod\u00fcler lightboxlarla birle\u015ftirerek etkinli\u011finizin g\u00f6rsel \u00e7ekicili\u011fini art\u0131rabilir ve izleyicilere unutulmaz bir deneyim sunabilirsiniz.<\/p>\n<p>Bu bilgilendirici c\u00fcmleler, mod\u00fcler backdroplarla ilgili farkl\u0131 y\u00f6nleri vurgular ve kullan\u0131c\u0131lar i\u00e7in de\u011ferli bilgiler sunar.<\/p>\n<p><a href=\"https:\/\/dekopa.com.tr\/bize-ulasin\/\"><strong>Mod\u00fcler Backdrop ve Lightbox Hizmetlerimiz \u0130\u00e7in Hemen T\u0131klay\u0131n!<\/strong><\/a><\/p>\n<p><em>Sorular\u0131n\u0131z veya \u00f6zel talepleriniz i\u00e7in bizimle ileti\u015fime ge\u00e7mekten \u00e7ekinmeyin.<\/em><\/p>\n<p>&nbsp;<\/p>\n<p>Telefon : <strong>0216 599 0107<\/strong> &#8211; <a href=\"mailto:info@dekopa.com.tr\">info@dekopa.com.tr<\/a><\/p>\n<\/div>\n<\/div>\n<\/div>\n<div class=\"mt-1 flex justify-start gap-3 empty:hidden\">\n<div class=\"text-gray-400 flex self-end lg:self-center justify-center lg:justify-start mt-0 gap-1 visible\">\n<p>&nbsp;<\/p>\n<div class=\"flex gap-1\"><\/div>\n<\/div>\n<\/div>\n<\/div>\n<div class=\"absolute\">\n<div class=\"flex w-full gap-2 items-center justify-center\"><\/div>\n<\/div>\n<\/div>\n<\/div>\n<\/div>\n<\/div>\n<div class=\"w-full text-token-text-primary\" data-testid=\"conversation-turn-40\">\n<div class=\"px-4 py-2 justify-center text-base md:gap-6 m-auto\">\n<div class=\"flex flex-1 text-base mx-auto gap-3 md:px-5 lg:px-1 xl:px-5 md:max-w-3xl lg:max-w-[40rem] xl:max-w-[48rem] group\">\n<div class=\"flex-shrink-0 flex flex-col relative items-end\">\n<div>\n<div class=\"pt-0.5\">\n<div class=\"gizmo-shadow-stroke flex h-6 w-6 items-center justify-center overflow-hidden rounded-full\"><\/div>\n<\/div>\n<\/div>\n<\/div>\n<\/div>\n<\/div>\n<\/div>\n","protected":false},"excerpt":{"rendered":"<p><strong>200&#215;300 cm Mod\u00fcler Backdrop Kiralama<\/strong><\/p>\n<p>Alet gerektirmeyen kurulumu sayesinde mod\u00fcler backdroplar, h\u0131zl\u0131 ve pratik bir \u015fekilde monte edilebilir. Bu \u00f6zellik, etkinliklerinizin haz\u0131rl\u0131k s\u00fcrecini k\u0131salt\u0131r ve stand\u0131n\u0131z\u0131 kusursuzca olu\u015fturman\u0131za olanak tan\u0131r.<\/p>","protected":false},"featured_media":7134,"comment_status":"open","ping_status":"closed","template":"","meta":[],"product_brand":[],"product_cat":[625,521],"product_tag":[738,737,723,725,722,726,667,732,730,718,739,721,733,640,724,729,719,731,727,728,735,736],"class_list":{"0":"post-7192","1":"product","2":"type-product","3":"status-publish","4":"has-post-thumbnail","6":"product_cat-sahne-arkasi-backdrop","7":"product_cat-urunler","8":"product_tag-200x300-backdrop","9":"product_tag-amerika-stand","10":"product_tag-anadolu-yakasi-backdrop","11":"product_tag-arka-fon","12":"product_tag-avrupa-yakasi-backdrop","13":"product_tag-bacdrop-satis","14":"product_tag-backdrop","15":"product_tag-banko-kiralama","16":"product_tag-etkilin-fon-kiralama","17":"product_tag-fuar-backdrop","18":"product_tag-fuar-stand","19":"product_tag-kiralik-backdrop","20":"product_tag-kursu-kiralama","21":"product_tag-moduler-sahne-arkasi","22":"product_tag-orumcek-stand","23":"product_tag-otel-backdrop-kiralama","24":"product_tag-sahne-arkasi","25":"product_tag-sahne-kiralama","26":"product_tag-tekstil-kasa","27":"product_tag-vinil-germe","28":"product_tag-vinil-germe-stand","29":"product_tag-yurtdisi-stand","31":"first","32":"instock","33":"shipping-taxable","34":"product-type-simple","35":"prodpage-style2"},"gallery_images":[7134,7135,7136],"yoast_head":"<!-- This site is optimized with the Yoast SEO Premium plugin v25.1 (Yoast SEO v27.4) - https:\/\/yoast.com\/product\/yoast-seo-premium-wordpress\/ -->\n<title>Backdrop 200x300 cm - Dekopa Backdrop Kiralama ve Sat\u0131\u015f<\/title>\n<meta name=\"description\" content=\"\u0130stanbul i\u00e7indeki etkinlikleriniz i\u00e7in h\u0131zl\u0131 ve g\u00fcvenilir bir backdrop kiralama hizmeti sunuyoruz. Uygun fiyatlarla y\u00fcksek kaliteli backdroplarla tan\u0131\u015f\u0131n.\" \/>\n<meta name=\"robots\" content=\"index, follow, max-snippet:-1, max-image-preview:large, max-video-preview:-1\" \/>\n<link rel=\"canonical\" href=\"https:\/\/dekopa.com.tr\/en\/product\/backdrop-200x300-cm\/\" \/>\n<meta property=\"og:locale\" content=\"en_US\" \/>\n<meta property=\"og:type\" content=\"article\" \/>\n<meta property=\"og:title\" content=\"Backdrop 200x300 cm\" \/>\n<meta property=\"og:description\" content=\"\u0130stanbul i\u00e7indeki etkinlikleriniz i\u00e7in h\u0131zl\u0131 ve g\u00fcvenilir bir backdrop kiralama hizmeti sunuyoruz. Uygun fiyatlarla y\u00fcksek kaliteli backdroplarla tan\u0131\u015f\u0131n.\" \/>\n<meta property=\"og:url\" content=\"https:\/\/dekopa.com.tr\/en\/product\/backdrop-200x300-cm\/\" \/>\n<meta property=\"og:site_name\" content=\"Dekopa\" \/>\n<meta property=\"article:publisher\" content=\"https:\/\/www.facebook.com\/dekopa.com.tr\" \/>\n<meta property=\"article:modified_time\" content=\"2025-05-27T18:51:32+00:00\" \/>\n<meta property=\"og:image\" content=\"https:\/\/dekopa.com.tr\/wp-content\/uploads\/Orj_200x300-sahne-arkasi-backdrop-dekopa-1-moduler_backdrop-istanbul_backdrop_kiralama_moduler_sahne_arkasi_arka_fon_.jpg\" \/>\n\t<meta property=\"og:image:width\" content=\"2160\" \/>\n\t<meta property=\"og:image:height\" content=\"2160\" \/>\n\t<meta property=\"og:image:type\" content=\"image\/jpeg\" \/>\n<meta name=\"twitter:card\" content=\"summary_large_image\" \/>\n<meta name=\"twitter:label1\" content=\"Est. reading time\" \/>\n\t<meta name=\"twitter:data1\" content=\"1 minute\" \/>\n<script type=\"application\/ld+json\" class=\"yoast-schema-graph\">{\"@context\":\"https:\\\/\\\/schema.org\",\"@graph\":[{\"@type\":\"WebPage\",\"@id\":\"https:\\\/\\\/dekopa.com.tr\\\/en\\\/product\\\/backdrop-200x300-cm\\\/\",\"url\":\"https:\\\/\\\/dekopa.com.tr\\\/en\\\/product\\\/backdrop-200x300-cm\\\/\",\"name\":\"Backdrop 200x300 cm - Dekopa Backdrop Kiralama ve Sat\u0131\u015f\",\"isPartOf\":{\"@id\":\"https:\\\/\\\/dekopa.com.tr\\\/#website\"},\"primaryImageOfPage\":{\"@id\":\"https:\\\/\\\/dekopa.com.tr\\\/en\\\/product\\\/backdrop-200x300-cm\\\/#primaryimage\"},\"image\":{\"@id\":\"https:\\\/\\\/dekopa.com.tr\\\/en\\\/product\\\/backdrop-200x300-cm\\\/#primaryimage\"},\"thumbnailUrl\":\"https:\\\/\\\/dekopa.com.tr\\\/wp-content\\\/uploads\\\/Orj_200x300-sahne-arkasi-backdrop-dekopa-1-moduler_backdrop-istanbul_backdrop_kiralama_moduler_sahne_arkasi_arka_fon_.jpg\",\"datePublished\":\"2023-12-24T14:17:53+00:00\",\"dateModified\":\"2025-05-27T18:51:32+00:00\",\"description\":\"\u0130stanbul i\u00e7indeki etkinlikleriniz i\u00e7in h\u0131zl\u0131 ve g\u00fcvenilir bir backdrop kiralama hizmeti sunuyoruz. Uygun fiyatlarla y\u00fcksek kaliteli backdroplarla tan\u0131\u015f\u0131n.\",\"breadcrumb\":{\"@id\":\"https:\\\/\\\/dekopa.com.tr\\\/en\\\/product\\\/backdrop-200x300-cm\\\/#breadcrumb\"},\"inLanguage\":\"en-US\",\"potentialAction\":[{\"@type\":\"ReadAction\",\"target\":[\"https:\\\/\\\/dekopa.com.tr\\\/en\\\/product\\\/backdrop-200x300-cm\\\/\"]}]},{\"@type\":\"ImageObject\",\"inLanguage\":\"en-US\",\"@id\":\"https:\\\/\\\/dekopa.com.tr\\\/en\\\/product\\\/backdrop-200x300-cm\\\/#primaryimage\",\"url\":\"https:\\\/\\\/dekopa.com.tr\\\/wp-content\\\/uploads\\\/Orj_200x300-sahne-arkasi-backdrop-dekopa-1-moduler_backdrop-istanbul_backdrop_kiralama_moduler_sahne_arkasi_arka_fon_.jpg\",\"contentUrl\":\"https:\\\/\\\/dekopa.com.tr\\\/wp-content\\\/uploads\\\/Orj_200x300-sahne-arkasi-backdrop-dekopa-1-moduler_backdrop-istanbul_backdrop_kiralama_moduler_sahne_arkasi_arka_fon_.jpg\",\"width\":2160,\"height\":2160,\"caption\":\"Orj 200x300 sahne arkasi backdrop dekopa 1 moduler backdrop istanbul backdrop kiralama moduler sahne arkasi arka fon\"},{\"@type\":\"BreadcrumbList\",\"@id\":\"https:\\\/\\\/dekopa.com.tr\\\/en\\\/product\\\/backdrop-200x300-cm\\\/#breadcrumb\",\"itemListElement\":[{\"@type\":\"ListItem\",\"position\":1,\"name\":\"Ana sayfa\",\"item\":\"https:\\\/\\\/dekopa.com.tr\\\/\"},{\"@type\":\"ListItem\",\"position\":2,\"name\":\"Do\u011frudan Sat\u0131\u015f\",\"item\":\"https:\\\/\\\/dekopa.com.tr\\\/dogrudan-satis\\\/\"},{\"@type\":\"ListItem\",\"position\":3,\"name\":\"Backdrop 200&#215;300 cm\"}]},{\"@type\":\"WebSite\",\"@id\":\"https:\\\/\\\/dekopa.com.tr\\\/#website\",\"url\":\"https:\\\/\\\/dekopa.com.tr\\\/\",\"name\":\"Dekopa Dijital Bask\u0131\",\"description\":\"Lightbox Fuar Standlar\u0131\",\"publisher\":{\"@id\":\"https:\\\/\\\/dekopa.com.tr\\\/#organization\"},\"potentialAction\":[{\"@type\":\"SearchAction\",\"target\":{\"@type\":\"EntryPoint\",\"urlTemplate\":\"https:\\\/\\\/dekopa.com.tr\\\/?s={search_term_string}\"},\"query-input\":{\"@type\":\"PropertyValueSpecification\",\"valueRequired\":true,\"valueName\":\"search_term_string\"}}],\"inLanguage\":\"en-US\"},{\"@type\":\"Organization\",\"@id\":\"https:\\\/\\\/dekopa.com.tr\\\/#organization\",\"name\":\"Dekopa Display - UV Bask\u0131\",\"url\":\"https:\\\/\\\/dekopa.com.tr\\\/\",\"logo\":{\"@type\":\"ImageObject\",\"inLanguage\":\"en-US\",\"@id\":\"https:\\\/\\\/dekopa.com.tr\\\/#\\\/schema\\\/logo\\\/image\\\/\",\"url\":\"https:\\\/\\\/dekopa.com.tr\\\/wp-content\\\/uploads\\\/2020\\\/12\\\/dekopa_logo-copy-1.jpg\",\"contentUrl\":\"https:\\\/\\\/dekopa.com.tr\\\/wp-content\\\/uploads\\\/2020\\\/12\\\/dekopa_logo-copy-1.jpg\",\"width\":200,\"height\":80,\"caption\":\"Dekopa Display - UV Bask\u0131\"},\"image\":{\"@id\":\"https:\\\/\\\/dekopa.com.tr\\\/#\\\/schema\\\/logo\\\/image\\\/\"},\"sameAs\":[\"https:\\\/\\\/www.facebook.com\\\/dekopa.com.tr\",\"https:\\\/\\\/www.instagram.com\\\/dekopa_print\\\/\",\"https:\\\/\\\/tr.pinterest.com\\\/DekopaDesing\\\/\",\"https:\\\/\\\/www.youtube.com\\\/channel\\\/UCchP6AzeKOz_2L5SQ8l10mA\\\/\"]}]}<\/script>\n<!-- \/ Yoast SEO Premium plugin. -->","yoast_head_json":{"title":"Backdrop 200x300 cm - Dekopa Backdrop Kiralama ve Sat\u0131\u015f","description":"\u0130stanbul i\u00e7indeki etkinlikleriniz i\u00e7in h\u0131zl\u0131 ve g\u00fcvenilir bir backdrop kiralama hizmeti sunuyoruz. Uygun fiyatlarla y\u00fcksek kaliteli backdroplarla tan\u0131\u015f\u0131n.","robots":{"index":"index","follow":"follow","max-snippet":"max-snippet:-1","max-image-preview":"max-image-preview:large","max-video-preview":"max-video-preview:-1"},"canonical":"https:\/\/dekopa.com.tr\/en\/product\/backdrop-200x300-cm\/","og_locale":"en_US","og_type":"article","og_title":"Backdrop 200x300 cm","og_description":"\u0130stanbul i\u00e7indeki etkinlikleriniz i\u00e7in h\u0131zl\u0131 ve g\u00fcvenilir bir backdrop kiralama hizmeti sunuyoruz. Uygun fiyatlarla y\u00fcksek kaliteli backdroplarla tan\u0131\u015f\u0131n.","og_url":"https:\/\/dekopa.com.tr\/en\/product\/backdrop-200x300-cm\/","og_site_name":"Dekopa","article_publisher":"https:\/\/www.facebook.com\/dekopa.com.tr","article_modified_time":"2025-05-27T18:51:32+00:00","og_image":[{"width":2160,"height":2160,"url":"https:\/\/dekopa.com.tr\/wp-content\/uploads\/Orj_200x300-sahne-arkasi-backdrop-dekopa-1-moduler_backdrop-istanbul_backdrop_kiralama_moduler_sahne_arkasi_arka_fon_.jpg","type":"image\/jpeg"}],"twitter_card":"summary_large_image","twitter_misc":{"Est. reading time":"1 minute"},"schema":{"@context":"https:\/\/schema.org","@graph":[{"@type":"WebPage","@id":"https:\/\/dekopa.com.tr\/en\/product\/backdrop-200x300-cm\/","url":"https:\/\/dekopa.com.tr\/en\/product\/backdrop-200x300-cm\/","name":"Backdrop 200x300 cm - Dekopa Backdrop Kiralama ve Sat\u0131\u015f","isPartOf":{"@id":"https:\/\/dekopa.com.tr\/#website"},"primaryImageOfPage":{"@id":"https:\/\/dekopa.com.tr\/en\/product\/backdrop-200x300-cm\/#primaryimage"},"image":{"@id":"https:\/\/dekopa.com.tr\/en\/product\/backdrop-200x300-cm\/#primaryimage"},"thumbnailUrl":"https:\/\/dekopa.com.tr\/wp-content\/uploads\/Orj_200x300-sahne-arkasi-backdrop-dekopa-1-moduler_backdrop-istanbul_backdrop_kiralama_moduler_sahne_arkasi_arka_fon_.jpg","datePublished":"2023-12-24T14:17:53+00:00","dateModified":"2025-05-27T18:51:32+00:00","description":"\u0130stanbul i\u00e7indeki etkinlikleriniz i\u00e7in h\u0131zl\u0131 ve g\u00fcvenilir bir backdrop kiralama hizmeti sunuyoruz. Uygun fiyatlarla y\u00fcksek kaliteli backdroplarla tan\u0131\u015f\u0131n.","breadcrumb":{"@id":"https:\/\/dekopa.com.tr\/en\/product\/backdrop-200x300-cm\/#breadcrumb"},"inLanguage":"en-US","potentialAction":[{"@type":"ReadAction","target":["https:\/\/dekopa.com.tr\/en\/product\/backdrop-200x300-cm\/"]}]},{"@type":"ImageObject","inLanguage":"en-US","@id":"https:\/\/dekopa.com.tr\/en\/product\/backdrop-200x300-cm\/#primaryimage","url":"https:\/\/dekopa.com.tr\/wp-content\/uploads\/Orj_200x300-sahne-arkasi-backdrop-dekopa-1-moduler_backdrop-istanbul_backdrop_kiralama_moduler_sahne_arkasi_arka_fon_.jpg","contentUrl":"https:\/\/dekopa.com.tr\/wp-content\/uploads\/Orj_200x300-sahne-arkasi-backdrop-dekopa-1-moduler_backdrop-istanbul_backdrop_kiralama_moduler_sahne_arkasi_arka_fon_.jpg","width":2160,"height":2160,"caption":"Orj 200x300 sahne arkasi backdrop dekopa 1 moduler backdrop istanbul backdrop kiralama moduler sahne arkasi arka fon"},{"@type":"BreadcrumbList","@id":"https:\/\/dekopa.com.tr\/en\/product\/backdrop-200x300-cm\/#breadcrumb","itemListElement":[{"@type":"ListItem","position":1,"name":"Ana sayfa","item":"https:\/\/dekopa.com.tr\/"},{"@type":"ListItem","position":2,"name":"Do\u011frudan Sat\u0131\u015f","item":"https:\/\/dekopa.com.tr\/dogrudan-satis\/"},{"@type":"ListItem","position":3,"name":"Backdrop 200&#215;300 cm"}]},{"@type":"WebSite","@id":"https:\/\/dekopa.com.tr\/#website","url":"https:\/\/dekopa.com.tr\/","name":"Dekopa Dijital Bask\u0131","description":"Lightbox Fuar Standlar\u0131","publisher":{"@id":"https:\/\/dekopa.com.tr\/#organization"},"potentialAction":[{"@type":"SearchAction","target":{"@type":"EntryPoint","urlTemplate":"https:\/\/dekopa.com.tr\/?s={search_term_string}"},"query-input":{"@type":"PropertyValueSpecification","valueRequired":true,"valueName":"search_term_string"}}],"inLanguage":"en-US"},{"@type":"Organization","@id":"https:\/\/dekopa.com.tr\/#organization","name":"Dekopa Display - UV Bask\u0131","url":"https:\/\/dekopa.com.tr\/","logo":{"@type":"ImageObject","inLanguage":"en-US","@id":"https:\/\/dekopa.com.tr\/#\/schema\/logo\/image\/","url":"https:\/\/dekopa.com.tr\/wp-content\/uploads\/2020\/12\/dekopa_logo-copy-1.jpg","contentUrl":"https:\/\/dekopa.com.tr\/wp-content\/uploads\/2020\/12\/dekopa_logo-copy-1.jpg","width":200,"height":80,"caption":"Dekopa Display - UV Bask\u0131"},"image":{"@id":"https:\/\/dekopa.com.tr\/#\/schema\/logo\/image\/"},"sameAs":["https:\/\/www.facebook.com\/dekopa.com.tr","https:\/\/www.instagram.com\/dekopa_print\/","https:\/\/tr.pinterest.com\/DekopaDesing\/","https:\/\/www.youtube.com\/channel\/UCchP6AzeKOz_2L5SQ8l10mA\/"]}]}},"_links":{"self":[{"href":"https:\/\/dekopa.com.tr\/en\/wp-json\/wp\/v2\/product\/7192","targetHints":{"allow":["GET"]}}],"collection":[{"href":"https:\/\/dekopa.com.tr\/en\/wp-json\/wp\/v2\/product"}],"about":[{"href":"https:\/\/dekopa.com.tr\/en\/wp-json\/wp\/v2\/types\/product"}],"replies":[{"embeddable":true,"href":"https:\/\/dekopa.com.tr\/en\/wp-json\/wp\/v2\/comments?post=7192"}],"wp:featuredmedia":[{"embeddable":true,"href":"https:\/\/dekopa.com.tr\/en\/wp-json\/wp\/v2\/media\/7134"}],"wp:attachment":[{"href":"https:\/\/dekopa.com.tr\/en\/wp-json\/wp\/v2\/media?parent=7192"}],"wp:term":[{"taxonomy":"product_brand","embeddable":true,"href":"https:\/\/dekopa.com.tr\/en\/wp-json\/wp\/v2\/product_brand?post=7192"},{"taxonomy":"product_cat","embeddable":true,"href":"https:\/\/dekopa.com.tr\/en\/wp-json\/wp\/v2\/product_cat?post=7192"},{"taxonomy":"product_tag","embeddable":true,"href":"https:\/\/dekopa.com.tr\/en\/wp-json\/wp\/v2\/product_tag?post=7192"}],"curies":[{"name":"wp","href":"https:\/\/api.w.org\/{rel}","templated":true}]}}