{"id":7123,"date":"2023-12-24T15:22:41","date_gmt":"2023-12-24T12:22:41","guid":{"rendered":"https:\/\/dekopa.com.tr\/urun\/t3-moduler-aluminyum-lightbox-copy-copy\/"},"modified":"2023-12-24T19:36:00","modified_gmt":"2023-12-24T16:36:00","slug":"t3-moduler-aluminyum-lightbox-copy-copy","status":"publish","type":"product","link":"https:\/\/dekopa.com.tr\/en\/product\/t3-moduler-aluminyum-lightbox-copy-copy\/","title":{"rendered":"T3 MOD\u00dcLER LIGHTBOX 100x200cm"},"content":{"rendered":"<p><strong>\u00dcr\u00fcn Ad\u0131 : 100&#215;200 Mod\u00fcler Lightbox<\/strong><\/p>\n<p><span class=\"s1\">Dekopa.com.tr olarak sizlere etkileyici ve \u00f6zg\u00fcn fuar deneyimleri sunmak i\u00e7in mod\u00fcler lightbox ve fuar stand kiralama hizmetlerimizle yan\u0131n\u0131zday\u0131z. <a href=\"https:\/\/dekopa.com.tr\/en\/dogrudan-satis\/\"><span class=\"s2\">Mod\u00fcler lightboxlar<\/span><\/a>, marka mesaj\u0131n\u0131z\u0131 vurgulamak ve stand\u0131n\u0131z\u0131 g\u00f6z al\u0131c\u0131 k\u0131lmak i\u00e7in m\u00fckemmel bir se\u00e7enektir. Yarat\u0131c\u0131 tasar\u0131mlar\u0131m\u0131z ve modern teknolojilerle donat\u0131lm\u0131\u015f standlar\u0131m\u0131z, fuarlarda iz b\u0131rakman\u0131za yard\u0131mc\u0131 olacak.<\/span><\/p>\n<p class=\"p1\"><span class=\"s1\">+ Kolay kurulum<br \/>\n+ Sat\u0131\u015f yada kiralama opsiyonlar\u0131<br \/>\n+ Alet gerektirmeyen kurulum<br \/>\n+ Usta gerektirmez<br \/>\n+ \u00c7antal\u0131 Kolay Ta\u015f\u0131nabilir<br \/>\n+ Opsiyon olarak Perde led sistemi ile %30 dan fazla daha m\u00fckemmel\u00a0<\/span><\/p>\n<p><strong>Mod\u00fcler Lightbox ve Fuar Stand\u0131 Kiralama Hizmetlerimiz:<\/strong><\/p>\n<p>Dekopa.com.tr olarak, size \u00f6zg\u00fcn ve etkileyici fuar deneyimleri sunmak i\u00e7in mod\u00fcler lightbox ve fuar stand\u0131 kiralama hizmetlerimizle yan\u0131n\u0131zday\u0131z. <strong>100&#215;200 Mod\u00fcler Lightboxlar<\/strong>, marka mesaj\u0131n\u0131z\u0131 vurgulamak ve stand\u0131n\u0131z\u0131 g\u00f6z al\u0131c\u0131 k\u0131lmak i\u00e7in m\u00fckemmel bir se\u00e7enektir. Yarat\u0131c\u0131 tasar\u0131mlar\u0131m\u0131z ve modern teknolojilerle donat\u0131lm\u0131\u015f standlar\u0131m\u0131z, fuarlarda iz b\u0131rakman\u0131za yard\u0131mc\u0131 olacak.<\/p>\n<p><strong>Dekopa.com.tr ile Mod\u00fcler Lightbox:<\/strong><\/p>\n<ul>\n<li><strong>Kolay Kurulum:<\/strong> Alet gerektirmeyen kurulum sayesinde fuar haz\u0131rl\u0131klar\u0131n\u0131z daha da h\u0131zl\u0131 ve pratik.<\/li>\n<li><strong>Opsiyonlar:<\/strong> Sat\u0131\u015f veya kiralama se\u00e7enekleri ile b\u00fct\u00e7enize uygun \u00e7\u00f6z\u00fcmler.<\/li>\n<li><strong>Usta Gerektirmez:<\/strong> Kolay kurulum ve kullan\u0131m i\u00e7in usta ihtiyac\u0131n\u0131 ortadan kald\u0131r\u0131r.<\/li>\n<\/ul>\n<p>Mod\u00fcler fuar standlar\u0131m\u0131z, fuar deneyiminizi zenginle\u015ftirmek ve markan\u0131z\u0131 en iyi \u015fekilde sergilemek i\u00e7in ideal bir se\u00e7enektir. Yurti\u00e7i ve yurtd\u0131\u015f\u0131 fuarlar\u0131n\u0131zda ekonomik ve etkileyici \u00e7\u00f6z\u00fcmler sunuyoruz.<\/p>\n<p>Kendi kurabilece\u011finiz <a href=\"https:\/\/dekopa.com.tr\/en\/lightbox-fuar-stand-hizmet\/\">Mod\u00fcler Lightbox Standlar<\/a> ve mod\u00fcler backdrop \u00fcr\u00fcnler i\u00e7in bize hemen ula\u015f\u0131n. \u0130stanbul adresimizde bulunan Dekopa Dijital Bask\u0131 olarak, mod\u00fcler fuar standlar\u0131, backdrop ve <a href=\"https:\/\/dekopa.com.tr\/en\/lightbox-hizmet\/\">lightbox<\/a> \u00fcr\u00fcnleri konusunda uzman ekibimizle hizmetinizdeyiz.<\/p>\n<p>Mod\u00fcler Fuar Stand\u0131 &#8211; Backdrop &#8211; Lightbox \u00dcr\u00fcnlerimizi <a href=\"https:\/\/dekopa.com.tr\/en\/ledbox-lightbox-tekstilbox-ledframe\/\">\u0130ncelemek \u0130\u00e7in Hemen T\u0131klay\u0131n!<\/a><\/p>\n<p>Her t\u00fcrl\u00fc soru, \u00f6neri veya talepleriniz i\u00e7in bize ula\u015fmaktan \u00e7ekinmeyin.<\/p>","protected":false},"excerpt":{"rendered":"<p class=\"p1\"><span class=\"s1\"><b>100&#215;200 Mod\u00fcler Lightbox\u00a0<\/b><\/span><\/p>\n<p class=\"p1\"><span class=\"s1\">Dekopa.com.tr olarak sizlere etkileyici ve \u00f6zg\u00fcn fuar deneyimleri sunmak i\u00e7in mod\u00fcler lightbox ve fuar stand kiralama hizmetlerimizle yan\u0131n\u0131zday\u0131z. <a href=\"https:\/\/dekopa.com.tr\/en\/dogrudan-satis\/\"><span class=\"s2\">Mod\u00fcler lightboxlar<\/span><\/a>, marka mesaj\u0131n\u0131z\u0131 vurgulamak ve stand\u0131n\u0131z\u0131 g\u00f6z al\u0131c\u0131 k\u0131lmak i\u00e7in m\u00fckemmel bir se\u00e7enektir. Yarat\u0131c\u0131 tasar\u0131mlar\u0131m\u0131z ve modern teknolojilerle donat\u0131lm\u0131\u015f standlar\u0131m\u0131z, fuarlarda iz b\u0131rakman\u0131za yard\u0131mc\u0131 olacak.<\/span><\/p>","protected":false},"featured_media":7114,"comment_status":"open","ping_status":"closed","template":"","meta":[],"product_brand":[],"product_cat":[701,521],"product_tag":[674,693,699,667,671,643,650,652,697,655,656,657,646,645,649,698,696,617,647,636,694,695,700,666],"class_list":{"0":"post-7123","1":"product","2":"type-product","3":"status-publish","4":"has-post-thumbnail","6":"product_cat-t3_systems_moduler_lightbox","7":"product_cat-urunler","8":"product_tag-100x100-moduler-lightbox","9":"product_tag-100x200-lightbox","10":"product_tag-100x200-moduler-set","11":"product_tag-backdrop","12":"product_tag-cantali-moduler-lightbox","13":"product_tag-fuar-lightbox","14":"product_tag-fuar-stand-lightbox","15":"product_tag-isikli-orumcek-stand","16":"product_tag-istanbul-ledu","17":"product_tag-istanbul-orumcek-stand","18":"product_tag-kiralik-lightbox","19":"product_tag-ledu-lightbox","20":"product_tag-lightbox-ankara","21":"product_tag-lightbox-istanbul","22":"product_tag-lightbox-kiralama","23":"product_tag-lightbox-stand","24":"product_tag-mobile-lightbox-display","25":"product_tag-moduler-lightbox","26":"product_tag-moduler-lightbox-setleri","27":"product_tag-moduler-lightbox-stand","28":"product_tag-portable-lightbox","29":"product_tag-seg-display","30":"product_tag-tekstilbox","31":"product_tag-textilebox-lightbox","33":"first","34":"instock","35":"shipping-taxable","36":"product-type-simple","37":"prodpage-style2"},"gallery_images":[7114,7118,7116,7115,7119],"yoast_head":"<!-- This site is optimized with the Yoast SEO Premium plugin v25.1 (Yoast SEO v27.4) - https:\/\/yoast.com\/product\/yoast-seo-premium-wordpress\/ -->\n<title>T3 MOD\u00dcLER LIGHTBOX 100x200cm - Dekopa Mod\u00fcler Lightbox Sistemleri<\/title>\n<meta name=\"description\" content=\"100x200 mod\u00fcler lightbox \u00fcr\u00fcnlerimiz ile tan\u0131\u015f\u0131n.\u2028Mod\u00fcler Lightbox yada backdrop \u00fcr\u00fcnlerimiz ile Yurti\u00e7i ve yurtd\u0131\u015f\u0131 etkinlikleri\u00e7in \u00e7\u00f6z\u00fcmler sunuyoruz.\" \/>\n<meta name=\"robots\" content=\"index, follow, max-snippet:-1, max-image-preview:large, max-video-preview:-1\" \/>\n<link rel=\"canonical\" href=\"https:\/\/dekopa.com.tr\/en\/product\/t3-moduler-aluminyum-lightbox-copy-copy\/\" \/>\n<meta property=\"og:locale\" content=\"en_US\" \/>\n<meta property=\"og:type\" content=\"article\" \/>\n<meta property=\"og:title\" content=\"T3 MOD\u00dcLER LIGHTBOX 100x200cm\" \/>\n<meta property=\"og:description\" content=\"100x200 mod\u00fcler lightbox \u00fcr\u00fcnlerimiz ile tan\u0131\u015f\u0131n.\u2028Mod\u00fcler Lightbox yada backdrop \u00fcr\u00fcnlerimiz ile Yurti\u00e7i ve yurtd\u0131\u015f\u0131 etkinlikleri\u00e7in \u00e7\u00f6z\u00fcmler sunuyoruz.\" \/>\n<meta property=\"og:url\" content=\"https:\/\/dekopa.com.tr\/en\/product\/t3-moduler-aluminyum-lightbox-copy-copy\/\" \/>\n<meta property=\"og:site_name\" content=\"Dekopa\" \/>\n<meta property=\"article:publisher\" content=\"https:\/\/www.facebook.com\/dekopa.com.tr\" \/>\n<meta property=\"article:modified_time\" content=\"2023-12-24T16:36:00+00:00\" \/>\n<meta property=\"og:image\" content=\"https:\/\/dekopa.com.tr\/wp-content\/uploads\/T3-SYSTEMS-Moduler_fuar_stand_lightbox_standlar_istanbul_lightbox_kiralama_portable_lightbox_seg_ankara_lightbox_izmir_Antalya_lightbox-100X200-1024x1024.jpg\" \/>\n\t<meta property=\"og:image:width\" content=\"1024\" \/>\n\t<meta property=\"og:image:height\" content=\"1024\" \/>\n\t<meta property=\"og:image:type\" content=\"image\/jpeg\" \/>\n<meta name=\"twitter:card\" content=\"summary_large_image\" \/>\n<meta name=\"twitter:label1\" content=\"Est. reading time\" \/>\n\t<meta name=\"twitter:data1\" content=\"1 minute\" \/>\n<script type=\"application\/ld+json\" class=\"yoast-schema-graph\">{\"@context\":\"https:\\\/\\\/schema.org\",\"@graph\":[{\"@type\":\"WebPage\",\"@id\":\"https:\\\/\\\/dekopa.com.tr\\\/urun\\\/t3-moduler-aluminyum-lightbox-copy-copy\\\/\",\"url\":\"https:\\\/\\\/dekopa.com.tr\\\/urun\\\/t3-moduler-aluminyum-lightbox-copy-copy\\\/\",\"name\":\"T3 MOD\u00dcLER LIGHTBOX 100x200cm - Dekopa Mod\u00fcler Lightbox Sistemleri\",\"isPartOf\":{\"@id\":\"https:\\\/\\\/dekopa.com.tr\\\/#website\"},\"primaryImageOfPage\":{\"@id\":\"https:\\\/\\\/dekopa.com.tr\\\/urun\\\/t3-moduler-aluminyum-lightbox-copy-copy\\\/#primaryimage\"},\"image\":{\"@id\":\"https:\\\/\\\/dekopa.com.tr\\\/urun\\\/t3-moduler-aluminyum-lightbox-copy-copy\\\/#primaryimage\"},\"thumbnailUrl\":\"https:\\\/\\\/dekopa.com.tr\\\/wp-content\\\/uploads\\\/T3-SYSTEMS-Moduler_fuar_stand_lightbox_standlar_istanbul_lightbox_kiralama_portable_lightbox_seg_ankara_lightbox_izmir_Antalya_lightbox-100X200.jpg\",\"datePublished\":\"2023-12-24T12:22:41+00:00\",\"dateModified\":\"2023-12-24T16:36:00+00:00\",\"description\":\"100x200 mod\u00fcler lightbox \u00fcr\u00fcnlerimiz ile tan\u0131\u015f\u0131n.\\u2028Mod\u00fcler Lightbox yada backdrop \u00fcr\u00fcnlerimiz ile Yurti\u00e7i ve yurtd\u0131\u015f\u0131 etkinlikleri\u00e7in \u00e7\u00f6z\u00fcmler sunuyoruz.\",\"breadcrumb\":{\"@id\":\"https:\\\/\\\/dekopa.com.tr\\\/urun\\\/t3-moduler-aluminyum-lightbox-copy-copy\\\/#breadcrumb\"},\"inLanguage\":\"en-US\",\"potentialAction\":[{\"@type\":\"ReadAction\",\"target\":[\"https:\\\/\\\/dekopa.com.tr\\\/urun\\\/t3-moduler-aluminyum-lightbox-copy-copy\\\/\"]}]},{\"@type\":\"ImageObject\",\"inLanguage\":\"en-US\",\"@id\":\"https:\\\/\\\/dekopa.com.tr\\\/urun\\\/t3-moduler-aluminyum-lightbox-copy-copy\\\/#primaryimage\",\"url\":\"https:\\\/\\\/dekopa.com.tr\\\/wp-content\\\/uploads\\\/T3-SYSTEMS-Moduler_fuar_stand_lightbox_standlar_istanbul_lightbox_kiralama_portable_lightbox_seg_ankara_lightbox_izmir_Antalya_lightbox-100X200.jpg\",\"contentUrl\":\"https:\\\/\\\/dekopa.com.tr\\\/wp-content\\\/uploads\\\/T3-SYSTEMS-Moduler_fuar_stand_lightbox_standlar_istanbul_lightbox_kiralama_portable_lightbox_seg_ankara_lightbox_izmir_Antalya_lightbox-100X200.jpg\",\"width\":2160,\"height\":2160,\"caption\":\"T3 SYSTEMS Moduler fuar stand lightbox standlar istanbul lightbox kiralama portable lightbox seg ankara lightbox izmir Antalya lightbox 100X200\"},{\"@type\":\"BreadcrumbList\",\"@id\":\"https:\\\/\\\/dekopa.com.tr\\\/urun\\\/t3-moduler-aluminyum-lightbox-copy-copy\\\/#breadcrumb\",\"itemListElement\":[{\"@type\":\"ListItem\",\"position\":1,\"name\":\"Ana sayfa\",\"item\":\"https:\\\/\\\/dekopa.com.tr\\\/\"},{\"@type\":\"ListItem\",\"position\":2,\"name\":\"Do\u011frudan Sat\u0131\u015f\",\"item\":\"https:\\\/\\\/dekopa.com.tr\\\/dogrudan-satis\\\/\"},{\"@type\":\"ListItem\",\"position\":3,\"name\":\"T3 MOD\u00dcLER LIGHTBOX 100x200cm\"}]},{\"@type\":\"WebSite\",\"@id\":\"https:\\\/\\\/dekopa.com.tr\\\/#website\",\"url\":\"https:\\\/\\\/dekopa.com.tr\\\/\",\"name\":\"Dekopa Dijital Bask\u0131\",\"description\":\"Lightbox Fuar Standlar\u0131\",\"publisher\":{\"@id\":\"https:\\\/\\\/dekopa.com.tr\\\/#organization\"},\"potentialAction\":[{\"@type\":\"SearchAction\",\"target\":{\"@type\":\"EntryPoint\",\"urlTemplate\":\"https:\\\/\\\/dekopa.com.tr\\\/?s={search_term_string}\"},\"query-input\":{\"@type\":\"PropertyValueSpecification\",\"valueRequired\":true,\"valueName\":\"search_term_string\"}}],\"inLanguage\":\"en-US\"},{\"@type\":\"Organization\",\"@id\":\"https:\\\/\\\/dekopa.com.tr\\\/#organization\",\"name\":\"Dekopa Display - UV Bask\u0131\",\"url\":\"https:\\\/\\\/dekopa.com.tr\\\/\",\"logo\":{\"@type\":\"ImageObject\",\"inLanguage\":\"en-US\",\"@id\":\"https:\\\/\\\/dekopa.com.tr\\\/#\\\/schema\\\/logo\\\/image\\\/\",\"url\":\"https:\\\/\\\/dekopa.com.tr\\\/wp-content\\\/uploads\\\/2020\\\/12\\\/dekopa_logo-copy-1.jpg\",\"contentUrl\":\"https:\\\/\\\/dekopa.com.tr\\\/wp-content\\\/uploads\\\/2020\\\/12\\\/dekopa_logo-copy-1.jpg\",\"width\":200,\"height\":80,\"caption\":\"Dekopa Display - UV Bask\u0131\"},\"image\":{\"@id\":\"https:\\\/\\\/dekopa.com.tr\\\/#\\\/schema\\\/logo\\\/image\\\/\"},\"sameAs\":[\"https:\\\/\\\/www.facebook.com\\\/dekopa.com.tr\",\"https:\\\/\\\/www.instagram.com\\\/dekopa_print\\\/\",\"https:\\\/\\\/tr.pinterest.com\\\/DekopaDesing\\\/\",\"https:\\\/\\\/www.youtube.com\\\/channel\\\/UCchP6AzeKOz_2L5SQ8l10mA\\\/\"]}]}<\/script>\n<!-- \/ Yoast SEO Premium plugin. -->","yoast_head_json":{"title":"T3 MOD\u00dcLER LIGHTBOX 100x200cm - Dekopa Mod\u00fcler Lightbox Sistemleri","description":"100x200 mod\u00fcler lightbox \u00fcr\u00fcnlerimiz ile tan\u0131\u015f\u0131n.\u2028Mod\u00fcler Lightbox yada backdrop \u00fcr\u00fcnlerimiz ile Yurti\u00e7i ve yurtd\u0131\u015f\u0131 etkinlikleri\u00e7in \u00e7\u00f6z\u00fcmler sunuyoruz.","robots":{"index":"index","follow":"follow","max-snippet":"max-snippet:-1","max-image-preview":"max-image-preview:large","max-video-preview":"max-video-preview:-1"},"canonical":"https:\/\/dekopa.com.tr\/en\/product\/t3-moduler-aluminyum-lightbox-copy-copy\/","og_locale":"en_US","og_type":"article","og_title":"T3 MOD\u00dcLER LIGHTBOX 100x200cm","og_description":"100x200 mod\u00fcler lightbox \u00fcr\u00fcnlerimiz ile tan\u0131\u015f\u0131n.\u2028Mod\u00fcler Lightbox yada backdrop \u00fcr\u00fcnlerimiz ile Yurti\u00e7i ve yurtd\u0131\u015f\u0131 etkinlikleri\u00e7in \u00e7\u00f6z\u00fcmler sunuyoruz.","og_url":"https:\/\/dekopa.com.tr\/en\/product\/t3-moduler-aluminyum-lightbox-copy-copy\/","og_site_name":"Dekopa","article_publisher":"https:\/\/www.facebook.com\/dekopa.com.tr","article_modified_time":"2023-12-24T16:36:00+00:00","og_image":[{"width":1024,"height":1024,"url":"https:\/\/dekopa.com.tr\/wp-content\/uploads\/T3-SYSTEMS-Moduler_fuar_stand_lightbox_standlar_istanbul_lightbox_kiralama_portable_lightbox_seg_ankara_lightbox_izmir_Antalya_lightbox-100X200-1024x1024.jpg","type":"image\/jpeg"}],"twitter_card":"summary_large_image","twitter_misc":{"Est. reading time":"1 minute"},"schema":{"@context":"https:\/\/schema.org","@graph":[{"@type":"WebPage","@id":"https:\/\/dekopa.com.tr\/urun\/t3-moduler-aluminyum-lightbox-copy-copy\/","url":"https:\/\/dekopa.com.tr\/urun\/t3-moduler-aluminyum-lightbox-copy-copy\/","name":"T3 MOD\u00dcLER LIGHTBOX 100x200cm - Dekopa Mod\u00fcler Lightbox Sistemleri","isPartOf":{"@id":"https:\/\/dekopa.com.tr\/#website"},"primaryImageOfPage":{"@id":"https:\/\/dekopa.com.tr\/urun\/t3-moduler-aluminyum-lightbox-copy-copy\/#primaryimage"},"image":{"@id":"https:\/\/dekopa.com.tr\/urun\/t3-moduler-aluminyum-lightbox-copy-copy\/#primaryimage"},"thumbnailUrl":"https:\/\/dekopa.com.tr\/wp-content\/uploads\/T3-SYSTEMS-Moduler_fuar_stand_lightbox_standlar_istanbul_lightbox_kiralama_portable_lightbox_seg_ankara_lightbox_izmir_Antalya_lightbox-100X200.jpg","datePublished":"2023-12-24T12:22:41+00:00","dateModified":"2023-12-24T16:36:00+00:00","description":"100x200 mod\u00fcler lightbox \u00fcr\u00fcnlerimiz ile tan\u0131\u015f\u0131n.\u2028Mod\u00fcler Lightbox yada backdrop \u00fcr\u00fcnlerimiz ile Yurti\u00e7i ve yurtd\u0131\u015f\u0131 etkinlikleri\u00e7in \u00e7\u00f6z\u00fcmler sunuyoruz.","breadcrumb":{"@id":"https:\/\/dekopa.com.tr\/urun\/t3-moduler-aluminyum-lightbox-copy-copy\/#breadcrumb"},"inLanguage":"en-US","potentialAction":[{"@type":"ReadAction","target":["https:\/\/dekopa.com.tr\/urun\/t3-moduler-aluminyum-lightbox-copy-copy\/"]}]},{"@type":"ImageObject","inLanguage":"en-US","@id":"https:\/\/dekopa.com.tr\/urun\/t3-moduler-aluminyum-lightbox-copy-copy\/#primaryimage","url":"https:\/\/dekopa.com.tr\/wp-content\/uploads\/T3-SYSTEMS-Moduler_fuar_stand_lightbox_standlar_istanbul_lightbox_kiralama_portable_lightbox_seg_ankara_lightbox_izmir_Antalya_lightbox-100X200.jpg","contentUrl":"https:\/\/dekopa.com.tr\/wp-content\/uploads\/T3-SYSTEMS-Moduler_fuar_stand_lightbox_standlar_istanbul_lightbox_kiralama_portable_lightbox_seg_ankara_lightbox_izmir_Antalya_lightbox-100X200.jpg","width":2160,"height":2160,"caption":"T3 SYSTEMS Moduler fuar stand lightbox standlar istanbul lightbox kiralama portable lightbox seg ankara lightbox izmir Antalya lightbox 100X200"},{"@type":"BreadcrumbList","@id":"https:\/\/dekopa.com.tr\/urun\/t3-moduler-aluminyum-lightbox-copy-copy\/#breadcrumb","itemListElement":[{"@type":"ListItem","position":1,"name":"Ana sayfa","item":"https:\/\/dekopa.com.tr\/"},{"@type":"ListItem","position":2,"name":"Do\u011frudan Sat\u0131\u015f","item":"https:\/\/dekopa.com.tr\/dogrudan-satis\/"},{"@type":"ListItem","position":3,"name":"T3 MOD\u00dcLER LIGHTBOX 100x200cm"}]},{"@type":"WebSite","@id":"https:\/\/dekopa.com.tr\/#website","url":"https:\/\/dekopa.com.tr\/","name":"Dekopa Dijital Bask\u0131","description":"Lightbox Fuar Standlar\u0131","publisher":{"@id":"https:\/\/dekopa.com.tr\/#organization"},"potentialAction":[{"@type":"SearchAction","target":{"@type":"EntryPoint","urlTemplate":"https:\/\/dekopa.com.tr\/?s={search_term_string}"},"query-input":{"@type":"PropertyValueSpecification","valueRequired":true,"valueName":"search_term_string"}}],"inLanguage":"en-US"},{"@type":"Organization","@id":"https:\/\/dekopa.com.tr\/#organization","name":"Dekopa Display - UV Bask\u0131","url":"https:\/\/dekopa.com.tr\/","logo":{"@type":"ImageObject","inLanguage":"en-US","@id":"https:\/\/dekopa.com.tr\/#\/schema\/logo\/image\/","url":"https:\/\/dekopa.com.tr\/wp-content\/uploads\/2020\/12\/dekopa_logo-copy-1.jpg","contentUrl":"https:\/\/dekopa.com.tr\/wp-content\/uploads\/2020\/12\/dekopa_logo-copy-1.jpg","width":200,"height":80,"caption":"Dekopa Display - UV Bask\u0131"},"image":{"@id":"https:\/\/dekopa.com.tr\/#\/schema\/logo\/image\/"},"sameAs":["https:\/\/www.facebook.com\/dekopa.com.tr","https:\/\/www.instagram.com\/dekopa_print\/","https:\/\/tr.pinterest.com\/DekopaDesing\/","https:\/\/www.youtube.com\/channel\/UCchP6AzeKOz_2L5SQ8l10mA\/"]}]}},"_links":{"self":[{"href":"https:\/\/dekopa.com.tr\/en\/wp-json\/wp\/v2\/product\/7123","targetHints":{"allow":["GET"]}}],"collection":[{"href":"https:\/\/dekopa.com.tr\/en\/wp-json\/wp\/v2\/product"}],"about":[{"href":"https:\/\/dekopa.com.tr\/en\/wp-json\/wp\/v2\/types\/product"}],"replies":[{"embeddable":true,"href":"https:\/\/dekopa.com.tr\/en\/wp-json\/wp\/v2\/comments?post=7123"}],"wp:featuredmedia":[{"embeddable":true,"href":"https:\/\/dekopa.com.tr\/en\/wp-json\/wp\/v2\/media\/7114"}],"wp:attachment":[{"href":"https:\/\/dekopa.com.tr\/en\/wp-json\/wp\/v2\/media?parent=7123"}],"wp:term":[{"taxonomy":"product_brand","embeddable":true,"href":"https:\/\/dekopa.com.tr\/en\/wp-json\/wp\/v2\/product_brand?post=7123"},{"taxonomy":"product_cat","embeddable":true,"href":"https:\/\/dekopa.com.tr\/en\/wp-json\/wp\/v2\/product_cat?post=7123"},{"taxonomy":"product_tag","embeddable":true,"href":"https:\/\/dekopa.com.tr\/en\/wp-json\/wp\/v2\/product_tag?post=7123"}],"curies":[{"name":"wp","href":"https:\/\/api.w.org\/{rel}","templated":true}]}}