{"id":6960,"date":"2023-12-22T22:59:27","date_gmt":"2023-12-22T19:59:27","guid":{"rendered":"https:\/\/dekopa.com.tr\/?post_type=product&#038;p=6960"},"modified":"2023-12-23T00:46:31","modified_gmt":"2023-12-22T21:46:31","slug":"400x250-moduler-ligthbox","status":"publish","type":"product","link":"https:\/\/dekopa.com.tr\/en\/product\/400x250-moduler-ligthbox\/","title":{"rendered":"400X250 MOD\u00dcLER LIGTHBOX"},"content":{"rendered":"<p class=\"\"><strong>400X250 mod\u00fcler lightbox<\/strong> \u00fcr\u00fcnlerimiz tamamen mod\u00fcler ve alet gerektirmeyen yap\u0131da olan <a href=\"https:\/\/dekopa.com.tr\/en\/ledbox-lightbox-tekstilbox-ledframe\/\">Lightbox Standlar<\/a>, Al\u00fcminyum ve plastik bile\u015fenlerden olu\u015fmaktad\u0131r. Belirli metrajlara kadar \u00e7antal\u0131 \u015fekilde ta\u015f\u0131nabilmektedir. Herhangi bir ara\u00e7 ile kolayca sevk yapabilirsiniz.<\/p>\n<div class=\"\">\n<p><strong>\u00dcr\u00fcn Ad\u0131:400X250 MOD\u00dcLER LIGTHBOX<\/strong><br \/>\n<strong>\u00dcr\u00fcn \u00d6l\u00e7\u00fcs\u00fc:400x250x15 cm<\/strong><\/p>\n<p>Lightbox Standlar, birka\u00e7 par\u00e7adan olu\u015fan basit bir yap\u0131ya sahiptir ve kurulumu kolayd\u0131r. Ayr\u0131ca,\u00a0<a><strong>Lightbox fuar standlar\u0131<\/strong><\/a>\u00a0genellikle \u00f6zelle\u015ftirilebilir ve \u00f6zelle\u015ftirme se\u00e7enekleri \u015funlar\u0131 i\u00e7erebilir:<\/p>\n<p>Al\u00fcminyum ve plastik aparatlardan olu\u015fmaktad\u0131r. Tekstil bask\u0131lar ile tamamen g\u00f6rselle\u015ftirme yap\u0131labilir.<\/p>\n<ul class=\"\">\n<li class=\"\"><strong><span class=\"\">Kolay Kurulum, Usta Gerektirmez: Mod\u00fcler Lightbox Stand<\/span><\/strong><\/li>\n<\/ul>\n<p class=\"\"><span class=\"\">Dekopa mod\u00fcler standlar\u0131, alet gerektirmez ve kolay kurulum imkan\u0131 sunar. Usta ihtiyac\u0131 olmaks\u0131z\u0131n y\u00fczlerce kez kurulum yapabilir, etkinliklerinizde zaman ve maliyet tasarrufu sa\u011flayabilirsiniz.<\/span><\/p>\n<\/div>\n<ul class=\"\">\n<li class=\"\"><strong><span class=\"\">\u00d6r\u00fcmcek Stand ve Klasik Mod\u00fcler Standlardan Avantajl\u0131 ve Ergonomik<\/span><\/strong><\/li>\n<\/ul>\n<p class=\"\"><span class=\"\">Dekopa mod\u00fcler standlar, \u00f6r\u00fcmcek stand ve klasik mod\u00fcler standlara k\u0131yasla b\u00fcy\u00fck avantajlar sunar. Ergonomik tasar\u0131m\u0131 ile \u00f6ne \u00e7\u0131kan standlar\u0131m\u0131z, etkinliklerinizi daha etkileyici k\u0131lar.<\/span><\/p>\n<ul class=\"\">\n<li class=\"\"><strong><span class=\"\">Yurti\u00e7i ve Yurtd\u0131\u015f\u0131 Fuarlar \u0130\u00e7in M\u00fckemmel \u00c7\u00f6z\u00fcm<\/span><\/strong><\/li>\n<\/ul>\n<p class=\"\"><span class=\"\">Dekopa mod\u00fcler standlar\u0131, yurti\u00e7i ve yurtd\u0131\u015f\u0131 fuarlar i\u00e7in m\u00fckemmel bir \u00e7\u00f6z\u00fcm sunar. Esnek yap\u0131s\u0131 ve kolay ta\u015f\u0131nabilirli\u011fi sayesinde d\u00fcnya genelinde markan\u0131z\u0131 en iyi \u015fekilde temsil edebilirsiniz.<\/span><\/p>\n<div class=\"\">\n<p><strong>400X250 MOD\u00dcLER LIGTHBOX<\/strong><br \/>\nFuar Standlar\u0131 gibi alanlar i\u00e7inde kullan\u0131m sa\u011flamaktay\u0131z. <a>Kurulum videomuzu inceleyin.<\/a><\/p>\n<p>Stand \u00f6l\u00e7\u00fclerinize g\u00f6re projelendiriyoruz. Projenizin yap\u0131s\u0131na g\u00f6re, maliyet, sevkiyat, kurulum kolayl\u0131klar\u0131 dikkate al\u0131nmaktad\u0131r.<\/p>\n<p><strong>Y\u00fczlerce kez kurulum yapabilirsiniz.<\/strong><\/p>\n<ul>\n<li>Opsiyon olarak ayd\u0131nlatma i\u00e7in perde led sistemi ile m\u00fckemmel ayd\u0131nlatma sunuyoruz. <strong>(Kesit Ayd\u0131nlatmaya g\u00f6re %30&#8217;dan fazla)<\/strong><\/li>\n<\/ul>\n<p><strong>Dekopa Mod\u00fcler Lightbox\u00a0<\/strong> konusunda fazlas\u0131 ile tecr\u00fcbe edinmi\u015f ve bu tecr\u00fcbesini siz m\u00fc\u015fterilerimiz ile payla\u015fmak istiyoruz.<\/p>\n<p>Fuar standlar\u0131 art\u0131k bir maliyetten ziyade yat\u0131r\u0131m arac\u0131 konumundad\u0131r.<\/p>\n<p class=\"\"><span class=\"\">Detayl\u0131 bilgi i\u00e7in <a href=\"mailto:info@dekopa.com.tr\">info@dekopa.com.tr<\/a> yada 0216.599 01 19 numaral\u0131 telefondan ileti\u015fim sa\u011flayabilirsiniz.<br \/>\nMod\u00fcler fuar stand\u0131 i\u00e7in<a href=\"https:\/\/www.youtube.com\/watch?v=VEvBkoZKpVM\"> youtube sayfam\u0131z\u0131 ziyaret edin.\u00a0<\/a><\/span><\/p>\n<\/div>","protected":false},"excerpt":{"rendered":"<p>Dekopa&#8217;n\u0131n <strong>400&#215;250 MOD\u00dcLER LIGHTBOX&#8217;<\/strong>u: Etkileyici tasar\u0131m, kolay kurulum! Farkl\u0131la\u015f\u0131n, markan\u0131z\u0131 \u00f6ne \u00e7\u0131kar\u0131n. Esnek, ta\u015f\u0131nabilir, \u00f6zelle\u015ftirilebilir. Yat\u0131r\u0131m\u0131n\u0131z\u0131 sergileyin.<\/p>\n<p class=\"p1\"><span class=\"s1\">Mod\u00fcler standlar\u0131m\u0131z, \u00e7e\u015fitlilik ve esneklik sunar. Fuar standlar\u0131, AVM standlar\u0131, mod\u00fcler etkinlik standlar\u0131, backdrop &#8211; sahne standlar\u0131, toplant\u0131 ve organizasyonlar i\u00e7in ideal bir se\u00e7enektir.<\/span><\/p>\n<p class=\"p1\"><span class=\"s1\"><i>Projelendirme: Stand \u00d6l\u00e7\u00fclerinize G\u00f6re Uyum<\/i><\/span><\/p>\n<p class=\"p1\"><span class=\"s1\">Dekopa, <a href=\"https:\/\/dekopa.com.tr\/en\/ledbox-lightbox-tekstilbox-ledframe\/\">mod\u00fcler stand<\/a> projenizi stand \u00f6l\u00e7\u00fclerinize g\u00f6re \u00f6zenle projelendirir. Bu sayede stand\u0131n\u0131z, etkinli\u011finizin ihtiya\u00e7lar\u0131na tam anlam\u0131yla uyum sa\u011flar.<\/span><\/p>\n<p class=\"p1\"><span class=\"s1\"><i>Maliyet, Sevkiyat, Kurulum: Projenizin Yap\u0131s\u0131na G\u00f6re Optimize<\/i><\/span><\/p>\n<p class=\"p1\"><span class=\"s1\">Her detay d\u00fc\u015f\u00fcn\u00fcld\u00fc! Mod\u00fcler standlar\u0131m\u0131z, projenizin yap\u0131s\u0131na g\u00f6re maliyet, sevkiyat ve kurulum kolayl\u0131klar\u0131n\u0131 optimize eder. B\u00f6ylece etkinlikleriniz sorunsuz bir \u015fekilde ger\u00e7ekle\u015fir.<\/span><\/p>\n<p class=\"p1\"><span class=\"s1\"><i>Ayd\u0131nlatma M\u00fckemmelli\u011fi: Mod\u00fcler lightboxlarda Perde LED Sistemi<\/i><\/span><\/p>\n<p class=\"p1\"><span class=\"s1\">Dekopa, mod\u00fcler standlar\u0131nda ayd\u0131nlatma konusunda m\u00fckemmelli\u011fi hedefler. Perde LED sistemi ile standlar\u0131n\u0131za etkileyici bir ayd\u0131nlatma sa\u011flar, markan\u0131z\u0131n g\u00f6r\u00fcn\u00fcrl\u00fc\u011f\u00fcn\u00fc art\u0131r\u0131r.<\/span><\/p>\n<p class=\"p1\">","protected":false},"featured_media":6839,"comment_status":"open","ping_status":"closed","template":"","meta":[],"product_brand":[],"product_cat":[571,521],"product_tag":[677,667,671,643,650,658,648,661,647,669],"class_list":{"0":"post-6960","1":"product","2":"type-product","3":"status-publish","4":"has-post-thumbnail","6":"product_cat-moduler_ledbox_lightbox_paneller","7":"product_cat-urunler","8":"product_tag-400x250-moduler-lightbox","9":"product_tag-backdrop","10":"product_tag-cantali-moduler-lightbox","11":"product_tag-fuar-lightbox","12":"product_tag-fuar-stand-lightbox","13":"product_tag-lightbox-profilleri","14":"product_tag-moduler-backdrop-kiralama","15":"product_tag-moduler-banko","16":"product_tag-moduler-lightbox-setleri","17":"product_tag-perde-led-lightbox","19":"first","20":"instock","21":"shipping-taxable","22":"product-type-simple","23":"prodpage-style2"},"gallery_images":[6855,6854,6853,6852,6851,6850,6849,6848,6847,6846,6845,6844,6843,6842,6841,6840,6839],"yoast_head":"<!-- This site is optimized with the Yoast SEO Premium plugin v25.1 (Yoast SEO v27.4) - https:\/\/yoast.com\/product\/yoast-seo-premium-wordpress\/ -->\n<title>400x250 Mod\u00fcler Lightbox - Dekopa - PORTABLE L\u0130GHTBOX<\/title>\n<meta name=\"description\" content=\"400X250 Mod\u00fcler lightbox standlar\u0131m\u0131z, \u00e7e\u015fitlilik ve esneklik sunar. Fuar standlar\u0131, mod\u00fcler etkinlik standlar\u0131, backdrop sahne standlar, portable lightbox\" \/>\n<meta name=\"robots\" content=\"index, follow, max-snippet:-1, max-image-preview:large, max-video-preview:-1\" \/>\n<link rel=\"canonical\" href=\"https:\/\/dekopa.com.tr\/en\/product\/400x250-moduler-ligthbox\/\" \/>\n<meta property=\"og:locale\" content=\"en_US\" \/>\n<meta property=\"og:type\" content=\"article\" \/>\n<meta property=\"og:title\" content=\"400X250 MOD\u00dcLER LIGTHBOX\" \/>\n<meta property=\"og:description\" content=\"Mod\u00fcler standlar\u0131m\u0131z, \u00e7e\u015fitlilik ve esneklik sunar. Fuar standlar\u0131, mod\u00fcler etkinlik standlar\u0131, backdrop - sahne standlar,organizasyonlar,\" \/>\n<meta property=\"og:url\" content=\"https:\/\/dekopa.com.tr\/en\/product\/400x250-moduler-ligthbox\/\" \/>\n<meta property=\"og:site_name\" content=\"Dekopa\" \/>\n<meta property=\"article:publisher\" content=\"https:\/\/www.facebook.com\/dekopa.com.tr\" \/>\n<meta property=\"article:modified_time\" content=\"2023-12-22T21:46:31+00:00\" \/>\n<meta property=\"og:image\" content=\"https:\/\/dekopa.com.tr\/wp-content\/uploads\/001-Orj_fdee4f6e-4b01-4058-a95b-8e2721bf5e5eModuler_fuar_stand_lightbox_kiralama_400x250_lightbox_ankara.jpg\" \/>\n\t<meta property=\"og:image:width\" content=\"2160\" \/>\n\t<meta property=\"og:image:height\" content=\"2160\" \/>\n\t<meta property=\"og:image:type\" content=\"image\/jpeg\" \/>\n<meta name=\"twitter:card\" content=\"summary_large_image\" \/>\n<meta name=\"twitter:label1\" content=\"Est. reading time\" \/>\n\t<meta name=\"twitter:data1\" content=\"1 minute\" \/>\n<script type=\"application\/ld+json\" class=\"yoast-schema-graph\">{\"@context\":\"https:\\\/\\\/schema.org\",\"@graph\":[{\"@type\":\"WebPage\",\"@id\":\"https:\\\/\\\/dekopa.com.tr\\\/en\\\/product\\\/400x250-moduler-ligthbox\\\/\",\"url\":\"https:\\\/\\\/dekopa.com.tr\\\/en\\\/product\\\/400x250-moduler-ligthbox\\\/\",\"name\":\"400x250 Mod\u00fcler Lightbox - Dekopa - PORTABLE L\u0130GHTBOX\",\"isPartOf\":{\"@id\":\"https:\\\/\\\/dekopa.com.tr\\\/#website\"},\"primaryImageOfPage\":{\"@id\":\"https:\\\/\\\/dekopa.com.tr\\\/en\\\/product\\\/400x250-moduler-ligthbox\\\/#primaryimage\"},\"image\":{\"@id\":\"https:\\\/\\\/dekopa.com.tr\\\/en\\\/product\\\/400x250-moduler-ligthbox\\\/#primaryimage\"},\"thumbnailUrl\":\"https:\\\/\\\/dekopa.com.tr\\\/wp-content\\\/uploads\\\/001-Orj_fdee4f6e-4b01-4058-a95b-8e2721bf5e5eModuler_fuar_stand_lightbox_kiralama_400x250_lightbox_ankara.jpg\",\"datePublished\":\"2023-12-22T19:59:27+00:00\",\"dateModified\":\"2023-12-22T21:46:31+00:00\",\"description\":\"400X250 Mod\u00fcler lightbox standlar\u0131m\u0131z, \u00e7e\u015fitlilik ve esneklik sunar. Fuar standlar\u0131, mod\u00fcler etkinlik standlar\u0131, backdrop sahne standlar, portable lightbox\",\"breadcrumb\":{\"@id\":\"https:\\\/\\\/dekopa.com.tr\\\/en\\\/product\\\/400x250-moduler-ligthbox\\\/#breadcrumb\"},\"inLanguage\":\"en-US\",\"potentialAction\":[{\"@type\":\"ReadAction\",\"target\":[\"https:\\\/\\\/dekopa.com.tr\\\/en\\\/product\\\/400x250-moduler-ligthbox\\\/\"]}]},{\"@type\":\"ImageObject\",\"inLanguage\":\"en-US\",\"@id\":\"https:\\\/\\\/dekopa.com.tr\\\/en\\\/product\\\/400x250-moduler-ligthbox\\\/#primaryimage\",\"url\":\"https:\\\/\\\/dekopa.com.tr\\\/wp-content\\\/uploads\\\/001-Orj_fdee4f6e-4b01-4058-a95b-8e2721bf5e5eModuler_fuar_stand_lightbox_kiralama_400x250_lightbox_ankara.jpg\",\"contentUrl\":\"https:\\\/\\\/dekopa.com.tr\\\/wp-content\\\/uploads\\\/001-Orj_fdee4f6e-4b01-4058-a95b-8e2721bf5e5eModuler_fuar_stand_lightbox_kiralama_400x250_lightbox_ankara.jpg\",\"width\":2160,\"height\":2160,\"caption\":\"001 Orj fdee4f6e 4b01 4058 a95b 8e2721bf5e5eModuler fuar stand lightbox kiralama 400x250 lightbox ankara\"},{\"@type\":\"BreadcrumbList\",\"@id\":\"https:\\\/\\\/dekopa.com.tr\\\/en\\\/product\\\/400x250-moduler-ligthbox\\\/#breadcrumb\",\"itemListElement\":[{\"@type\":\"ListItem\",\"position\":1,\"name\":\"Ana sayfa\",\"item\":\"https:\\\/\\\/dekopa.com.tr\\\/\"},{\"@type\":\"ListItem\",\"position\":2,\"name\":\"Do\u011frudan Sat\u0131\u015f\",\"item\":\"https:\\\/\\\/dekopa.com.tr\\\/dogrudan-satis\\\/\"},{\"@type\":\"ListItem\",\"position\":3,\"name\":\"400X250 MOD\u00dcLER LIGTHBOX\"}]},{\"@type\":\"WebSite\",\"@id\":\"https:\\\/\\\/dekopa.com.tr\\\/#website\",\"url\":\"https:\\\/\\\/dekopa.com.tr\\\/\",\"name\":\"Dekopa Dijital Bask\u0131\",\"description\":\"Lightbox Fuar Standlar\u0131\",\"publisher\":{\"@id\":\"https:\\\/\\\/dekopa.com.tr\\\/#organization\"},\"potentialAction\":[{\"@type\":\"SearchAction\",\"target\":{\"@type\":\"EntryPoint\",\"urlTemplate\":\"https:\\\/\\\/dekopa.com.tr\\\/?s={search_term_string}\"},\"query-input\":{\"@type\":\"PropertyValueSpecification\",\"valueRequired\":true,\"valueName\":\"search_term_string\"}}],\"inLanguage\":\"en-US\"},{\"@type\":\"Organization\",\"@id\":\"https:\\\/\\\/dekopa.com.tr\\\/#organization\",\"name\":\"Dekopa Display - UV Bask\u0131\",\"url\":\"https:\\\/\\\/dekopa.com.tr\\\/\",\"logo\":{\"@type\":\"ImageObject\",\"inLanguage\":\"en-US\",\"@id\":\"https:\\\/\\\/dekopa.com.tr\\\/#\\\/schema\\\/logo\\\/image\\\/\",\"url\":\"https:\\\/\\\/dekopa.com.tr\\\/wp-content\\\/uploads\\\/2020\\\/12\\\/dekopa_logo-copy-1.jpg\",\"contentUrl\":\"https:\\\/\\\/dekopa.com.tr\\\/wp-content\\\/uploads\\\/2020\\\/12\\\/dekopa_logo-copy-1.jpg\",\"width\":200,\"height\":80,\"caption\":\"Dekopa Display - UV Bask\u0131\"},\"image\":{\"@id\":\"https:\\\/\\\/dekopa.com.tr\\\/#\\\/schema\\\/logo\\\/image\\\/\"},\"sameAs\":[\"https:\\\/\\\/www.facebook.com\\\/dekopa.com.tr\",\"https:\\\/\\\/www.instagram.com\\\/dekopa_print\\\/\",\"https:\\\/\\\/tr.pinterest.com\\\/DekopaDesing\\\/\",\"https:\\\/\\\/www.youtube.com\\\/channel\\\/UCchP6AzeKOz_2L5SQ8l10mA\\\/\"]}]}<\/script>\n<!-- \/ Yoast SEO Premium plugin. -->","yoast_head_json":{"title":"400x250 Mod\u00fcler Lightbox - Dekopa - PORTABLE L\u0130GHTBOX","description":"400X250 Mod\u00fcler lightbox standlar\u0131m\u0131z, \u00e7e\u015fitlilik ve esneklik sunar. Fuar standlar\u0131, mod\u00fcler etkinlik standlar\u0131, backdrop sahne standlar, portable lightbox","robots":{"index":"index","follow":"follow","max-snippet":"max-snippet:-1","max-image-preview":"max-image-preview:large","max-video-preview":"max-video-preview:-1"},"canonical":"https:\/\/dekopa.com.tr\/en\/product\/400x250-moduler-ligthbox\/","og_locale":"en_US","og_type":"article","og_title":"400X250 MOD\u00dcLER LIGTHBOX","og_description":"Mod\u00fcler standlar\u0131m\u0131z, \u00e7e\u015fitlilik ve esneklik sunar. Fuar standlar\u0131, mod\u00fcler etkinlik standlar\u0131, backdrop - sahne standlar,organizasyonlar,","og_url":"https:\/\/dekopa.com.tr\/en\/product\/400x250-moduler-ligthbox\/","og_site_name":"Dekopa","article_publisher":"https:\/\/www.facebook.com\/dekopa.com.tr","article_modified_time":"2023-12-22T21:46:31+00:00","og_image":[{"width":2160,"height":2160,"url":"https:\/\/dekopa.com.tr\/wp-content\/uploads\/001-Orj_fdee4f6e-4b01-4058-a95b-8e2721bf5e5eModuler_fuar_stand_lightbox_kiralama_400x250_lightbox_ankara.jpg","type":"image\/jpeg"}],"twitter_card":"summary_large_image","twitter_misc":{"Est. reading time":"1 minute"},"schema":{"@context":"https:\/\/schema.org","@graph":[{"@type":"WebPage","@id":"https:\/\/dekopa.com.tr\/en\/product\/400x250-moduler-ligthbox\/","url":"https:\/\/dekopa.com.tr\/en\/product\/400x250-moduler-ligthbox\/","name":"400x250 Mod\u00fcler Lightbox - Dekopa - PORTABLE L\u0130GHTBOX","isPartOf":{"@id":"https:\/\/dekopa.com.tr\/#website"},"primaryImageOfPage":{"@id":"https:\/\/dekopa.com.tr\/en\/product\/400x250-moduler-ligthbox\/#primaryimage"},"image":{"@id":"https:\/\/dekopa.com.tr\/en\/product\/400x250-moduler-ligthbox\/#primaryimage"},"thumbnailUrl":"https:\/\/dekopa.com.tr\/wp-content\/uploads\/001-Orj_fdee4f6e-4b01-4058-a95b-8e2721bf5e5eModuler_fuar_stand_lightbox_kiralama_400x250_lightbox_ankara.jpg","datePublished":"2023-12-22T19:59:27+00:00","dateModified":"2023-12-22T21:46:31+00:00","description":"400X250 Mod\u00fcler lightbox standlar\u0131m\u0131z, \u00e7e\u015fitlilik ve esneklik sunar. Fuar standlar\u0131, mod\u00fcler etkinlik standlar\u0131, backdrop sahne standlar, portable lightbox","breadcrumb":{"@id":"https:\/\/dekopa.com.tr\/en\/product\/400x250-moduler-ligthbox\/#breadcrumb"},"inLanguage":"en-US","potentialAction":[{"@type":"ReadAction","target":["https:\/\/dekopa.com.tr\/en\/product\/400x250-moduler-ligthbox\/"]}]},{"@type":"ImageObject","inLanguage":"en-US","@id":"https:\/\/dekopa.com.tr\/en\/product\/400x250-moduler-ligthbox\/#primaryimage","url":"https:\/\/dekopa.com.tr\/wp-content\/uploads\/001-Orj_fdee4f6e-4b01-4058-a95b-8e2721bf5e5eModuler_fuar_stand_lightbox_kiralama_400x250_lightbox_ankara.jpg","contentUrl":"https:\/\/dekopa.com.tr\/wp-content\/uploads\/001-Orj_fdee4f6e-4b01-4058-a95b-8e2721bf5e5eModuler_fuar_stand_lightbox_kiralama_400x250_lightbox_ankara.jpg","width":2160,"height":2160,"caption":"001 Orj fdee4f6e 4b01 4058 a95b 8e2721bf5e5eModuler fuar stand lightbox kiralama 400x250 lightbox ankara"},{"@type":"BreadcrumbList","@id":"https:\/\/dekopa.com.tr\/en\/product\/400x250-moduler-ligthbox\/#breadcrumb","itemListElement":[{"@type":"ListItem","position":1,"name":"Ana sayfa","item":"https:\/\/dekopa.com.tr\/"},{"@type":"ListItem","position":2,"name":"Do\u011frudan Sat\u0131\u015f","item":"https:\/\/dekopa.com.tr\/dogrudan-satis\/"},{"@type":"ListItem","position":3,"name":"400X250 MOD\u00dcLER LIGTHBOX"}]},{"@type":"WebSite","@id":"https:\/\/dekopa.com.tr\/#website","url":"https:\/\/dekopa.com.tr\/","name":"Dekopa Dijital Bask\u0131","description":"Lightbox Fuar Standlar\u0131","publisher":{"@id":"https:\/\/dekopa.com.tr\/#organization"},"potentialAction":[{"@type":"SearchAction","target":{"@type":"EntryPoint","urlTemplate":"https:\/\/dekopa.com.tr\/?s={search_term_string}"},"query-input":{"@type":"PropertyValueSpecification","valueRequired":true,"valueName":"search_term_string"}}],"inLanguage":"en-US"},{"@type":"Organization","@id":"https:\/\/dekopa.com.tr\/#organization","name":"Dekopa Display - UV Bask\u0131","url":"https:\/\/dekopa.com.tr\/","logo":{"@type":"ImageObject","inLanguage":"en-US","@id":"https:\/\/dekopa.com.tr\/#\/schema\/logo\/image\/","url":"https:\/\/dekopa.com.tr\/wp-content\/uploads\/2020\/12\/dekopa_logo-copy-1.jpg","contentUrl":"https:\/\/dekopa.com.tr\/wp-content\/uploads\/2020\/12\/dekopa_logo-copy-1.jpg","width":200,"height":80,"caption":"Dekopa Display - UV Bask\u0131"},"image":{"@id":"https:\/\/dekopa.com.tr\/#\/schema\/logo\/image\/"},"sameAs":["https:\/\/www.facebook.com\/dekopa.com.tr","https:\/\/www.instagram.com\/dekopa_print\/","https:\/\/tr.pinterest.com\/DekopaDesing\/","https:\/\/www.youtube.com\/channel\/UCchP6AzeKOz_2L5SQ8l10mA\/"]}]}},"_links":{"self":[{"href":"https:\/\/dekopa.com.tr\/en\/wp-json\/wp\/v2\/product\/6960","targetHints":{"allow":["GET"]}}],"collection":[{"href":"https:\/\/dekopa.com.tr\/en\/wp-json\/wp\/v2\/product"}],"about":[{"href":"https:\/\/dekopa.com.tr\/en\/wp-json\/wp\/v2\/types\/product"}],"replies":[{"embeddable":true,"href":"https:\/\/dekopa.com.tr\/en\/wp-json\/wp\/v2\/comments?post=6960"}],"wp:featuredmedia":[{"embeddable":true,"href":"https:\/\/dekopa.com.tr\/en\/wp-json\/wp\/v2\/media\/6839"}],"wp:attachment":[{"href":"https:\/\/dekopa.com.tr\/en\/wp-json\/wp\/v2\/media?parent=6960"}],"wp:term":[{"taxonomy":"product_brand","embeddable":true,"href":"https:\/\/dekopa.com.tr\/en\/wp-json\/wp\/v2\/product_brand?post=6960"},{"taxonomy":"product_cat","embeddable":true,"href":"https:\/\/dekopa.com.tr\/en\/wp-json\/wp\/v2\/product_cat?post=6960"},{"taxonomy":"product_tag","embeddable":true,"href":"https:\/\/dekopa.com.tr\/en\/wp-json\/wp\/v2\/product_tag?post=6960"}],"curies":[{"name":"wp","href":"https:\/\/api.w.org\/{rel}","templated":true}]}}