{"id":6904,"date":"2023-12-22T22:29:28","date_gmt":"2023-12-22T19:29:28","guid":{"rendered":"https:\/\/dekopa.com.tr\/?post_type=product&#038;p=6904"},"modified":"2023-12-22T23:01:36","modified_gmt":"2023-12-22T20:01:36","slug":"300x200-moduler-lightbox","status":"publish","type":"product","link":"https:\/\/dekopa.com.tr\/en\/product\/300x200-moduler-lightbox\/","title":{"rendered":"300X200 MOD\u00dcLER LIGHTBOX"},"content":{"rendered":"<p>\u00dcr\u00fcn Ad\u0131:300X200 MOD\u00dcLER LIGHTBOX<br \/>\n\u00dcr\u00fcn \u00d6l\u00e7\u00fcs\u00fc:300x200x15 cm<\/p>\n<p class=\"\">Tamamen mod\u00fcler ve alet gerektirmeyen yap\u0131da olan <a>Lightbox Standlar<\/a>, Al\u00fcminyum ve plastik bile\u015fenlerden olu\u015fmaktad\u0131r. Belirli metrajlara kadar \u00e7antal\u0131 \u015fekilde ta\u015f\u0131nabilmektedir. Herhangi bir ara\u00e7 ile kolayca sevk yapabilirsiniz.<\/p>\n<div class=\"\">\n<p>Lightbox Standlar, birka\u00e7 par\u00e7adan olu\u015fan basit bir yap\u0131ya sahiptir ve kurulumu kolayd\u0131r. Ayr\u0131ca,\u00a0<a><strong>Lightbox fuar standlar\u0131<\/strong><\/a>\u00a0genellikle \u00f6zelle\u015ftirilebilir ve \u00f6zelle\u015ftirme se\u00e7enekleri \u015funlar\u0131 i\u00e7erebilir:<\/p>\n<p>Al\u00fcminyum ve plastik aparatlardan olu\u015fmaktad\u0131r. Tekstil bask\u0131lar ile tamamen g\u00f6rselle\u015ftirme yap\u0131labilir.<\/p>\n<ul class=\"\">\n<li class=\"\"><strong><span class=\"\">Kolay Kurulum, Usta Gerektirmez: Mod\u00fcler Lightbox Stand<\/span><\/strong><\/li>\n<\/ul>\n<p class=\"\"><span class=\"\">Dekopa mod\u00fcler standlar\u0131, alet gerektirmez ve kolay kurulum imkan\u0131 sunar. Usta ihtiyac\u0131 olmaks\u0131z\u0131n y\u00fczlerce kez kurulum yapabilir, etkinliklerinizde zaman ve maliyet tasarrufu sa\u011flayabilirsiniz.<\/span><\/p>\n<\/div>\n<ul class=\"\">\n<li class=\"\"><strong><span class=\"\">\u00d6r\u00fcmcek Stand ve Klasik Mod\u00fcler Standlardan Avantajl\u0131 ve Ergonomik<\/span><\/strong><\/li>\n<\/ul>\n<p class=\"\"><span class=\"\">Dekopa mod\u00fcler standlar, \u00f6r\u00fcmcek stand ve klasik mod\u00fcler standlara k\u0131yasla b\u00fcy\u00fck avantajlar sunar. Ergonomik tasar\u0131m\u0131 ile \u00f6ne \u00e7\u0131kan standlar\u0131m\u0131z, etkinliklerinizi daha etkileyici k\u0131lar.<\/span><\/p>\n<ul class=\"\">\n<li class=\"\"><strong><span class=\"\">Yurti\u00e7i ve Yurtd\u0131\u015f\u0131 Fuarlar \u0130\u00e7in M\u00fckemmel \u00c7\u00f6z\u00fcm<\/span><\/strong><\/li>\n<\/ul>\n<p class=\"\"><span class=\"\">Dekopa mod\u00fcler standlar\u0131, yurti\u00e7i ve yurtd\u0131\u015f\u0131 fuarlar i\u00e7in m\u00fckemmel bir \u00e7\u00f6z\u00fcm sunar. Esnek yap\u0131s\u0131 ve kolay ta\u015f\u0131nabilirli\u011fi sayesinde d\u00fcnya genelinde markan\u0131z\u0131 en iyi \u015fekilde temsil edebilirsiniz.<\/span><\/p>\n<div class=\"\">\n<p>Fuar Standlar\u0131 gibi alanlar i\u00e7inde kullan\u0131m sa\u011flamaktay\u0131z. <a>Kurulum videomuzu inceleyin.<\/a><\/p>\n<p>Stand \u00f6l\u00e7\u00fclerinize g\u00f6re projelendiriyoruz. Projenizin yap\u0131s\u0131na g\u00f6re, maliyet, sevkiyat, kurulum kolayl\u0131klar\u0131 dikkate al\u0131nmaktad\u0131r.<\/p>\n<p><strong>Y\u00fczlerce kez kurulum yapabilirsiniz.<\/strong><\/p>\n<ul>\n<li>Opsiyon olarak ayd\u0131nlatma i\u00e7in perde led sistemi ile m\u00fckemmel ayd\u0131nlatma sunuyoruz. <strong>(Kesit Ayd\u0131nlatmaya g\u00f6re %30&#8217;dan fazla)<\/strong><\/li>\n<\/ul>\n<p><strong>Dekopa Mod\u00fcler Lightbox\u00a0<\/strong> konusunda fazlas\u0131 ile tecr\u00fcbe edinmi\u015f ve bu tecr\u00fcbesini siz m\u00fc\u015fterilerimiz ile payla\u015fmak istiyoruz.<\/p>\n<p>Fuar standlar\u0131 art\u0131k bir maliyetten ziyade yat\u0131r\u0131m arac\u0131 konumundad\u0131r.<\/p>\n<p class=\"\"><span class=\"\">Detayl\u0131 bilgi i\u00e7in <a>info@dekopa.com.tr<\/a> yada 0216.599 01 15 numaral\u0131 telefondan ileti\u015fim sa\u011flayabilirsiniz. <\/span><\/p>\n<\/div>","protected":false},"excerpt":{"rendered":"<p>Dekopa&#8217;n\u0131n 300&#215;200 MOD\u00dcLER LIGHTBOX&#8217;u: Etkileyici, mod\u00fcler, kolay kurulum. Fuarlarda markan\u0131z\u0131 \u00f6ne \u00e7\u0131kar\u0131n.<\/p>","protected":false},"featured_media":6763,"comment_status":"open","ping_status":"closed","template":"","meta":[],"product_brand":[],"product_cat":[571,521],"product_tag":[663,638,664,662,667,641,671,643,668,650,651,652,655,656,657,660,646,645,649,637,665,658,648,661,617,647,636,640,642,654,639,669,653,659,666,670],"class_list":{"0":"post-6904","1":"product","2":"type-product","3":"status-publish","4":"has-post-thumbnail","6":"product_cat-moduler_ledbox_lightbox_paneller","7":"product_cat-urunler","8":"product_tag-12-m2-fuar-standi","9":"product_tag-4-m2-stand","10":"product_tag-4-metrekare-fuar-standi","11":"product_tag-9-m2-fuar-standi","12":"product_tag-backdrop","13":"product_tag-backdrop-satinal","14":"product_tag-cantali-moduler-lightbox","15":"product_tag-fuar-lightbox","16":"product_tag-fuar-stand-kiralama","17":"product_tag-fuar-stand-lightbox","18":"product_tag-isikli-duvar-panelleri","19":"product_tag-isikli-orumcek-stand","20":"product_tag-istanbul-orumcek-stand","21":"product_tag-kiralik-lightbox","22":"product_tag-ledu-lightbox","23":"product_tag-lightbox-afis","24":"product_tag-lightbox-ankara","25":"product_tag-lightbox-istanbul","26":"product_tag-lightbox-kiralama","27":"product_tag-lightbox-kumas-baskisi","28":"product_tag-lightbox-kurulumu","29":"product_tag-lightbox-profilleri","30":"product_tag-moduler-backdrop-kiralama","31":"product_tag-moduler-banko","32":"product_tag-moduler-lightbox","33":"product_tag-moduler-lightbox-setleri","34":"product_tag-moduler-lightbox-stand","35":"product_tag-moduler-sahne-arkasi","36":"product_tag-moduler-stand-kiralama","37":"product_tag-moduler-stand-sistemi","38":"product_tag-orumcek-stand-kurulumu","39":"product_tag-perde-led-lightbox","40":"product_tag-roll-up-banner","41":"product_tag-tekstil-box-malzeme","42":"product_tag-textilebox-lightbox","43":"product_tag-yurtdisi-lightbox","45":"first","46":"instock","47":"shipping-taxable","48":"product-type-simple","49":"prodpage-style2"},"gallery_images":[6784,6783,6782,6781,6780,6779,6778,6777,6776,6775,6774,6773,6772,6771,6770,6769,6768,6767,6766,6765,6764,6762],"yoast_head":"<!-- This site is optimized with the Yoast SEO Premium plugin v25.1 (Yoast SEO v27.4) - https:\/\/yoast.com\/product\/yoast-seo-premium-wordpress\/ -->\n<title>300X200 MOD\u00dcLER LIGHTBOX - Dekopa<\/title>\n<meta name=\"robots\" content=\"index, follow, max-snippet:-1, max-image-preview:large, max-video-preview:-1\" \/>\n<link rel=\"canonical\" href=\"https:\/\/dekopa.com.tr\/en\/product\/300x200-moduler-lightbox\/\" \/>\n<meta property=\"og:locale\" content=\"en_US\" \/>\n<meta property=\"og:type\" content=\"article\" \/>\n<meta property=\"og:title\" content=\"300X200 MOD\u00dcLER LIGHTBOX\" \/>\n<meta property=\"og:description\" content=\"Dekopa&#039;n\u0131n 300x200 MOD\u00dcLER LIGHTBOX&#039;u: Etkileyici, mod\u00fcler, kolay kurulum. Fuarlarda markan\u0131z\u0131 \u00f6ne \u00e7\u0131kar\u0131n.\" \/>\n<meta property=\"og:url\" content=\"https:\/\/dekopa.com.tr\/en\/product\/300x200-moduler-lightbox\/\" \/>\n<meta property=\"og:site_name\" content=\"Dekopa\" \/>\n<meta property=\"article:publisher\" content=\"https:\/\/www.facebook.com\/dekopa.com.tr\" \/>\n<meta property=\"article:modified_time\" content=\"2023-12-22T20:01:36+00:00\" \/>\n<meta property=\"og:image\" content=\"https:\/\/dekopa.com.tr\/wp-content\/uploads\/001-MO2-8.jpg\" \/>\n\t<meta property=\"og:image:width\" content=\"2160\" \/>\n\t<meta property=\"og:image:height\" content=\"2160\" \/>\n\t<meta property=\"og:image:type\" content=\"image\/jpeg\" \/>\n<meta name=\"twitter:card\" content=\"summary_large_image\" \/>\n<meta name=\"twitter:label1\" content=\"Est. reading time\" \/>\n\t<meta name=\"twitter:data1\" content=\"2 minutes\" \/>\n<script type=\"application\/ld+json\" class=\"yoast-schema-graph\">{\"@context\":\"https:\\\/\\\/schema.org\",\"@graph\":[{\"@type\":\"WebPage\",\"@id\":\"https:\\\/\\\/dekopa.com.tr\\\/en\\\/product\\\/300x200-moduler-lightbox\\\/\",\"url\":\"https:\\\/\\\/dekopa.com.tr\\\/en\\\/product\\\/300x200-moduler-lightbox\\\/\",\"name\":\"300X200 MOD\u00dcLER LIGHTBOX - Dekopa\",\"isPartOf\":{\"@id\":\"https:\\\/\\\/dekopa.com.tr\\\/#website\"},\"primaryImageOfPage\":{\"@id\":\"https:\\\/\\\/dekopa.com.tr\\\/en\\\/product\\\/300x200-moduler-lightbox\\\/#primaryimage\"},\"image\":{\"@id\":\"https:\\\/\\\/dekopa.com.tr\\\/en\\\/product\\\/300x200-moduler-lightbox\\\/#primaryimage\"},\"thumbnailUrl\":\"https:\\\/\\\/dekopa.com.tr\\\/wp-content\\\/uploads\\\/001-MO2-8.jpg\",\"datePublished\":\"2023-12-22T19:29:28+00:00\",\"dateModified\":\"2023-12-22T20:01:36+00:00\",\"breadcrumb\":{\"@id\":\"https:\\\/\\\/dekopa.com.tr\\\/en\\\/product\\\/300x200-moduler-lightbox\\\/#breadcrumb\"},\"inLanguage\":\"en-US\",\"potentialAction\":[{\"@type\":\"ReadAction\",\"target\":[\"https:\\\/\\\/dekopa.com.tr\\\/en\\\/product\\\/300x200-moduler-lightbox\\\/\"]}]},{\"@type\":\"ImageObject\",\"inLanguage\":\"en-US\",\"@id\":\"https:\\\/\\\/dekopa.com.tr\\\/en\\\/product\\\/300x200-moduler-lightbox\\\/#primaryimage\",\"url\":\"https:\\\/\\\/dekopa.com.tr\\\/wp-content\\\/uploads\\\/001-MO2-8.jpg\",\"contentUrl\":\"https:\\\/\\\/dekopa.com.tr\\\/wp-content\\\/uploads\\\/001-MO2-8.jpg\",\"width\":2160,\"height\":2160,\"caption\":\"001 MO2 8\"},{\"@type\":\"BreadcrumbList\",\"@id\":\"https:\\\/\\\/dekopa.com.tr\\\/en\\\/product\\\/300x200-moduler-lightbox\\\/#breadcrumb\",\"itemListElement\":[{\"@type\":\"ListItem\",\"position\":1,\"name\":\"Ana sayfa\",\"item\":\"https:\\\/\\\/dekopa.com.tr\\\/\"},{\"@type\":\"ListItem\",\"position\":2,\"name\":\"Do\u011frudan Sat\u0131\u015f\",\"item\":\"https:\\\/\\\/dekopa.com.tr\\\/dogrudan-satis\\\/\"},{\"@type\":\"ListItem\",\"position\":3,\"name\":\"300X200 MOD\u00dcLER LIGHTBOX\"}]},{\"@type\":\"WebSite\",\"@id\":\"https:\\\/\\\/dekopa.com.tr\\\/#website\",\"url\":\"https:\\\/\\\/dekopa.com.tr\\\/\",\"name\":\"Dekopa Dijital Bask\u0131\",\"description\":\"Lightbox Fuar Standlar\u0131\",\"publisher\":{\"@id\":\"https:\\\/\\\/dekopa.com.tr\\\/#organization\"},\"potentialAction\":[{\"@type\":\"SearchAction\",\"target\":{\"@type\":\"EntryPoint\",\"urlTemplate\":\"https:\\\/\\\/dekopa.com.tr\\\/?s={search_term_string}\"},\"query-input\":{\"@type\":\"PropertyValueSpecification\",\"valueRequired\":true,\"valueName\":\"search_term_string\"}}],\"inLanguage\":\"en-US\"},{\"@type\":\"Organization\",\"@id\":\"https:\\\/\\\/dekopa.com.tr\\\/#organization\",\"name\":\"Dekopa Display - UV Bask\u0131\",\"url\":\"https:\\\/\\\/dekopa.com.tr\\\/\",\"logo\":{\"@type\":\"ImageObject\",\"inLanguage\":\"en-US\",\"@id\":\"https:\\\/\\\/dekopa.com.tr\\\/#\\\/schema\\\/logo\\\/image\\\/\",\"url\":\"https:\\\/\\\/dekopa.com.tr\\\/wp-content\\\/uploads\\\/2020\\\/12\\\/dekopa_logo-copy-1.jpg\",\"contentUrl\":\"https:\\\/\\\/dekopa.com.tr\\\/wp-content\\\/uploads\\\/2020\\\/12\\\/dekopa_logo-copy-1.jpg\",\"width\":200,\"height\":80,\"caption\":\"Dekopa Display - UV Bask\u0131\"},\"image\":{\"@id\":\"https:\\\/\\\/dekopa.com.tr\\\/#\\\/schema\\\/logo\\\/image\\\/\"},\"sameAs\":[\"https:\\\/\\\/www.facebook.com\\\/dekopa.com.tr\",\"https:\\\/\\\/www.instagram.com\\\/dekopa_print\\\/\",\"https:\\\/\\\/tr.pinterest.com\\\/DekopaDesing\\\/\",\"https:\\\/\\\/www.youtube.com\\\/channel\\\/UCchP6AzeKOz_2L5SQ8l10mA\\\/\"]}]}<\/script>\n<!-- \/ Yoast SEO Premium plugin. -->","yoast_head_json":{"title":"300X200 MOD\u00dcLER LIGHTBOX - Dekopa","robots":{"index":"index","follow":"follow","max-snippet":"max-snippet:-1","max-image-preview":"max-image-preview:large","max-video-preview":"max-video-preview:-1"},"canonical":"https:\/\/dekopa.com.tr\/en\/product\/300x200-moduler-lightbox\/","og_locale":"en_US","og_type":"article","og_title":"300X200 MOD\u00dcLER LIGHTBOX","og_description":"Dekopa'n\u0131n 300x200 MOD\u00dcLER LIGHTBOX'u: Etkileyici, mod\u00fcler, kolay kurulum. Fuarlarda markan\u0131z\u0131 \u00f6ne \u00e7\u0131kar\u0131n.","og_url":"https:\/\/dekopa.com.tr\/en\/product\/300x200-moduler-lightbox\/","og_site_name":"Dekopa","article_publisher":"https:\/\/www.facebook.com\/dekopa.com.tr","article_modified_time":"2023-12-22T20:01:36+00:00","og_image":[{"width":2160,"height":2160,"url":"https:\/\/dekopa.com.tr\/wp-content\/uploads\/001-MO2-8.jpg","type":"image\/jpeg"}],"twitter_card":"summary_large_image","twitter_misc":{"Est. reading time":"2 minutes"},"schema":{"@context":"https:\/\/schema.org","@graph":[{"@type":"WebPage","@id":"https:\/\/dekopa.com.tr\/en\/product\/300x200-moduler-lightbox\/","url":"https:\/\/dekopa.com.tr\/en\/product\/300x200-moduler-lightbox\/","name":"300X200 MOD\u00dcLER LIGHTBOX - Dekopa","isPartOf":{"@id":"https:\/\/dekopa.com.tr\/#website"},"primaryImageOfPage":{"@id":"https:\/\/dekopa.com.tr\/en\/product\/300x200-moduler-lightbox\/#primaryimage"},"image":{"@id":"https:\/\/dekopa.com.tr\/en\/product\/300x200-moduler-lightbox\/#primaryimage"},"thumbnailUrl":"https:\/\/dekopa.com.tr\/wp-content\/uploads\/001-MO2-8.jpg","datePublished":"2023-12-22T19:29:28+00:00","dateModified":"2023-12-22T20:01:36+00:00","breadcrumb":{"@id":"https:\/\/dekopa.com.tr\/en\/product\/300x200-moduler-lightbox\/#breadcrumb"},"inLanguage":"en-US","potentialAction":[{"@type":"ReadAction","target":["https:\/\/dekopa.com.tr\/en\/product\/300x200-moduler-lightbox\/"]}]},{"@type":"ImageObject","inLanguage":"en-US","@id":"https:\/\/dekopa.com.tr\/en\/product\/300x200-moduler-lightbox\/#primaryimage","url":"https:\/\/dekopa.com.tr\/wp-content\/uploads\/001-MO2-8.jpg","contentUrl":"https:\/\/dekopa.com.tr\/wp-content\/uploads\/001-MO2-8.jpg","width":2160,"height":2160,"caption":"001 MO2 8"},{"@type":"BreadcrumbList","@id":"https:\/\/dekopa.com.tr\/en\/product\/300x200-moduler-lightbox\/#breadcrumb","itemListElement":[{"@type":"ListItem","position":1,"name":"Ana sayfa","item":"https:\/\/dekopa.com.tr\/"},{"@type":"ListItem","position":2,"name":"Do\u011frudan Sat\u0131\u015f","item":"https:\/\/dekopa.com.tr\/dogrudan-satis\/"},{"@type":"ListItem","position":3,"name":"300X200 MOD\u00dcLER LIGHTBOX"}]},{"@type":"WebSite","@id":"https:\/\/dekopa.com.tr\/#website","url":"https:\/\/dekopa.com.tr\/","name":"Dekopa Dijital Bask\u0131","description":"Lightbox Fuar Standlar\u0131","publisher":{"@id":"https:\/\/dekopa.com.tr\/#organization"},"potentialAction":[{"@type":"SearchAction","target":{"@type":"EntryPoint","urlTemplate":"https:\/\/dekopa.com.tr\/?s={search_term_string}"},"query-input":{"@type":"PropertyValueSpecification","valueRequired":true,"valueName":"search_term_string"}}],"inLanguage":"en-US"},{"@type":"Organization","@id":"https:\/\/dekopa.com.tr\/#organization","name":"Dekopa Display - UV Bask\u0131","url":"https:\/\/dekopa.com.tr\/","logo":{"@type":"ImageObject","inLanguage":"en-US","@id":"https:\/\/dekopa.com.tr\/#\/schema\/logo\/image\/","url":"https:\/\/dekopa.com.tr\/wp-content\/uploads\/2020\/12\/dekopa_logo-copy-1.jpg","contentUrl":"https:\/\/dekopa.com.tr\/wp-content\/uploads\/2020\/12\/dekopa_logo-copy-1.jpg","width":200,"height":80,"caption":"Dekopa Display - UV Bask\u0131"},"image":{"@id":"https:\/\/dekopa.com.tr\/#\/schema\/logo\/image\/"},"sameAs":["https:\/\/www.facebook.com\/dekopa.com.tr","https:\/\/www.instagram.com\/dekopa_print\/","https:\/\/tr.pinterest.com\/DekopaDesing\/","https:\/\/www.youtube.com\/channel\/UCchP6AzeKOz_2L5SQ8l10mA\/"]}]}},"_links":{"self":[{"href":"https:\/\/dekopa.com.tr\/en\/wp-json\/wp\/v2\/product\/6904","targetHints":{"allow":["GET"]}}],"collection":[{"href":"https:\/\/dekopa.com.tr\/en\/wp-json\/wp\/v2\/product"}],"about":[{"href":"https:\/\/dekopa.com.tr\/en\/wp-json\/wp\/v2\/types\/product"}],"replies":[{"embeddable":true,"href":"https:\/\/dekopa.com.tr\/en\/wp-json\/wp\/v2\/comments?post=6904"}],"wp:featuredmedia":[{"embeddable":true,"href":"https:\/\/dekopa.com.tr\/en\/wp-json\/wp\/v2\/media\/6763"}],"wp:attachment":[{"href":"https:\/\/dekopa.com.tr\/en\/wp-json\/wp\/v2\/media?parent=6904"}],"wp:term":[{"taxonomy":"product_brand","embeddable":true,"href":"https:\/\/dekopa.com.tr\/en\/wp-json\/wp\/v2\/product_brand?post=6904"},{"taxonomy":"product_cat","embeddable":true,"href":"https:\/\/dekopa.com.tr\/en\/wp-json\/wp\/v2\/product_cat?post=6904"},{"taxonomy":"product_tag","embeddable":true,"href":"https:\/\/dekopa.com.tr\/en\/wp-json\/wp\/v2\/product_tag?post=6904"}],"curies":[{"name":"wp","href":"https:\/\/api.w.org\/{rel}","templated":true}]}}