{"id":5298,"date":"2021-01-19T17:58:35","date_gmt":"2021-01-19T14:58:35","guid":{"rendered":"https:\/\/dekopa.com.tr\/?post_type=product&#038;p=5298"},"modified":"2025-05-29T06:08:41","modified_gmt":"2025-05-29T03:08:41","slug":"moduler-ayakli-ledbox-120x240-cm","status":"publish","type":"product","link":"https:\/\/dekopa.com.tr\/en\/product\/moduler-ayakli-ledbox-120x240-cm\/","title":{"rendered":"Mod\u00fcler Ayakl\u0131 LEDbox 120&#215;240 cm"},"content":{"rendered":"<p>Dikey \u015feklinde farkl\u0131 ebatlarda 4 taraf\u0131 kullan\u0131labilen S\u00fct\u00fcn Lightbox Paneller \u00fcretmekteyiz. \u00dcretti\u011fimiz paneller ile ilgi \u00e7ekici g\u00f6rsellere olu\u015fturarak etkili bir tan\u0131t\u0131m \u00e7al\u0131\u015fmas\u0131 yap\u0131n. Hem hafif hem de kolay montaj olan S\u00fct\u00fcn Lightbox Panellerinizi uzun s\u00fcre kullan\u0131n.<br \/>\nKullan\u0131m alanlar\u0131ndaki \u00e7e\u015fitlili\u011fi istedi\u011finiz gibi de\u011fi\u015ftirin. \u00d6zellikle b\u00fcy\u00fck alanlarda y\u00fcksek kalitede bir g\u00f6rselli\u011fe sahip olmak istiyorsan\u0131z \u0130stanbul Lightbox \u00fcretim merkezimize mutlaka u\u011fray\u0131n.<br \/>\nMarkan\u0131z\u0131n imaj\u0131 i\u00e7in yapaca\u011f\u0131n\u0131z en kaliteli yat\u0131r\u0131m olan lightbox paneller, tekstil bask\u0131 ve standart bask\u0131 metotlar\u0131yla da sizlere farkl\u0131 nitelikler sunuyor.<\/p>","protected":false},"excerpt":{"rendered":"<p>\u00dcretti\u011fimiz paneller ile ilgi \u00e7ekici g\u00f6rsellere olu\u015fturarak etkili bir tan\u0131t\u0131m \u00e7al\u0131\u015fmas\u0131 yap\u0131n.<\/p>","protected":false},"featured_media":4853,"comment_status":"open","ping_status":"closed","template":"","meta":[],"product_brand":[],"product_cat":[571,521],"product_tag":[663,638,664,662,667,641,671,574,643,668,650,651,652,655,656,657,573,660,646,645,649,637,665,658,648,661,572,617,647,636,640,642,654,639,669,653,659,666,670],"class_list":{"0":"post-5298","1":"product","2":"type-product","3":"status-publish","4":"has-post-thumbnail","6":"product_cat-moduler_ledbox_lightbox_paneller","7":"product_cat-urunler","8":"product_tag-12-m2-fuar-standi","9":"product_tag-4-m2-stand","10":"product_tag-4-metrekare-fuar-standi","11":"product_tag-9-m2-fuar-standi","12":"product_tag-backdrop","13":"product_tag-backdrop-satinal","14":"product_tag-cantali-moduler-lightbox","15":"product_tag-dekopa-istanbul","16":"product_tag-fuar-lightbox","17":"product_tag-fuar-stand-kiralama","18":"product_tag-fuar-stand-lightbox","19":"product_tag-isikli-duvar-panelleri","20":"product_tag-isikli-orumcek-stand","21":"product_tag-istanbul-orumcek-stand","22":"product_tag-kiralik-lightbox","23":"product_tag-ledu-lightbox","24":"product_tag-lightbox","25":"product_tag-lightbox-afis","26":"product_tag-lightbox-ankara","27":"product_tag-lightbox-istanbul","28":"product_tag-lightbox-kiralama","29":"product_tag-lightbox-kumas-baskisi","30":"product_tag-lightbox-kurulumu","31":"product_tag-lightbox-profilleri","32":"product_tag-moduler-backdrop-kiralama","33":"product_tag-moduler-banko","34":"product_tag-moduler-ledbox","35":"product_tag-moduler-lightbox","36":"product_tag-moduler-lightbox-setleri","37":"product_tag-moduler-lightbox-stand","38":"product_tag-moduler-sahne-arkasi","39":"product_tag-moduler-stand-kiralama","40":"product_tag-moduler-stand-sistemi","41":"product_tag-orumcek-stand-kurulumu","42":"product_tag-perde-led-lightbox","43":"product_tag-roll-up-banner","44":"product_tag-tekstil-box-malzeme","45":"product_tag-textilebox-lightbox","46":"product_tag-yurtdisi-lightbox","48":"first","49":"instock","50":"shipping-taxable","51":"product-type-simple","52":"prodpage-style2"},"gallery_images":[4858],"yoast_head":"<!-- This site is optimized with the Yoast SEO Premium plugin v25.1 (Yoast SEO v27.4) - https:\/\/yoast.com\/product\/yoast-seo-premium-wordpress\/ -->\n<title>Mod\u00fcler Ayakl\u0131 LEDbox 120x240 cm - Dekopa LEDbox Modelleri<\/title>\n<meta name=\"description\" content=\"Dikey \u015feklinde farkl\u0131 ebatlarda 4 taraf\u0131 kullan\u0131labilen S\u00fct\u00fcn Lightbox Paneller \u00fcretmekteyiz. 120x240 cm ebatlar\u0131nda Mod\u00fcler LEDbox\" \/>\n<meta name=\"robots\" content=\"index, follow, max-snippet:-1, max-image-preview:large, max-video-preview:-1\" \/>\n<link rel=\"canonical\" href=\"https:\/\/dekopa.com.tr\/en\/product\/moduler-ayakli-ledbox-120x240-cm\/\" \/>\n<meta property=\"og:locale\" content=\"en_US\" \/>\n<meta property=\"og:type\" content=\"article\" \/>\n<meta property=\"og:title\" content=\"Mod\u00fcler Ayakl\u0131 LEDbox 120x240 cm\" \/>\n<meta property=\"og:description\" content=\"Dikey \u015feklinde farkl\u0131 ebatlarda 4 taraf\u0131 kullan\u0131labilen S\u00fct\u00fcn Lightbox Paneller \u00fcretmekteyiz. 120x240 cm ebatlar\u0131nda Mod\u00fcler LEDbox\" \/>\n<meta property=\"og:url\" content=\"https:\/\/dekopa.com.tr\/en\/product\/moduler-ayakli-ledbox-120x240-cm\/\" \/>\n<meta property=\"og:site_name\" content=\"Dekopa\" \/>\n<meta property=\"article:publisher\" content=\"https:\/\/www.facebook.com\/dekopa.com.tr\" \/>\n<meta property=\"article:modified_time\" content=\"2025-05-29T03:08:41+00:00\" \/>\n<meta property=\"og:image\" content=\"https:\/\/dekopa.com.tr\/wp-content\/uploads\/2020\/02\/t3-modular-stand-sistemi-120X240-dekopa-1.png\" \/>\n\t<meta property=\"og:image:width\" content=\"545\" \/>\n\t<meta property=\"og:image:height\" content=\"545\" \/>\n\t<meta property=\"og:image:type\" content=\"image\/png\" \/>\n<meta name=\"twitter:card\" content=\"summary_large_image\" \/>\n<meta name=\"twitter:label1\" content=\"Est. reading time\" \/>\n\t<meta name=\"twitter:data1\" content=\"1 minute\" \/>\n<script type=\"application\/ld+json\" class=\"yoast-schema-graph\">{\"@context\":\"https:\\\/\\\/schema.org\",\"@graph\":[{\"@type\":\"WebPage\",\"@id\":\"https:\\\/\\\/dekopa.com.tr\\\/en\\\/product\\\/moduler-ayakli-ledbox-120x240-cm\\\/\",\"url\":\"https:\\\/\\\/dekopa.com.tr\\\/en\\\/product\\\/moduler-ayakli-ledbox-120x240-cm\\\/\",\"name\":\"Mod\u00fcler Ayakl\u0131 LEDbox 120x240 cm - Dekopa LEDbox Modelleri\",\"isPartOf\":{\"@id\":\"https:\\\/\\\/dekopa.com.tr\\\/#website\"},\"primaryImageOfPage\":{\"@id\":\"https:\\\/\\\/dekopa.com.tr\\\/en\\\/product\\\/moduler-ayakli-ledbox-120x240-cm\\\/#primaryimage\"},\"image\":{\"@id\":\"https:\\\/\\\/dekopa.com.tr\\\/en\\\/product\\\/moduler-ayakli-ledbox-120x240-cm\\\/#primaryimage\"},\"thumbnailUrl\":\"https:\\\/\\\/dekopa.com.tr\\\/wp-content\\\/uploads\\\/2020\\\/02\\\/t3-modular-stand-sistemi-120X240-dekopa-1.png\",\"datePublished\":\"2021-01-19T14:58:35+00:00\",\"dateModified\":\"2025-05-29T03:08:41+00:00\",\"description\":\"Dikey \u015feklinde farkl\u0131 ebatlarda 4 taraf\u0131 kullan\u0131labilen S\u00fct\u00fcn Lightbox Paneller \u00fcretmekteyiz. 120x240 cm ebatlar\u0131nda Mod\u00fcler LEDbox\",\"breadcrumb\":{\"@id\":\"https:\\\/\\\/dekopa.com.tr\\\/en\\\/product\\\/moduler-ayakli-ledbox-120x240-cm\\\/#breadcrumb\"},\"inLanguage\":\"en-US\",\"potentialAction\":[{\"@type\":\"ReadAction\",\"target\":[\"https:\\\/\\\/dekopa.com.tr\\\/en\\\/product\\\/moduler-ayakli-ledbox-120x240-cm\\\/\"]}]},{\"@type\":\"ImageObject\",\"inLanguage\":\"en-US\",\"@id\":\"https:\\\/\\\/dekopa.com.tr\\\/en\\\/product\\\/moduler-ayakli-ledbox-120x240-cm\\\/#primaryimage\",\"url\":\"https:\\\/\\\/dekopa.com.tr\\\/wp-content\\\/uploads\\\/2020\\\/02\\\/t3-modular-stand-sistemi-120X240-dekopa-1.png\",\"contentUrl\":\"https:\\\/\\\/dekopa.com.tr\\\/wp-content\\\/uploads\\\/2020\\\/02\\\/t3-modular-stand-sistemi-120X240-dekopa-1.png\",\"width\":545,\"height\":545,\"caption\":\"t3 modular stand sistemi 120X240 dekopa 1\"},{\"@type\":\"BreadcrumbList\",\"@id\":\"https:\\\/\\\/dekopa.com.tr\\\/en\\\/product\\\/moduler-ayakli-ledbox-120x240-cm\\\/#breadcrumb\",\"itemListElement\":[{\"@type\":\"ListItem\",\"position\":1,\"name\":\"Ana sayfa\",\"item\":\"https:\\\/\\\/dekopa.com.tr\\\/\"},{\"@type\":\"ListItem\",\"position\":2,\"name\":\"Do\u011frudan Sat\u0131\u015f\",\"item\":\"https:\\\/\\\/dekopa.com.tr\\\/dogrudan-satis\\\/\"},{\"@type\":\"ListItem\",\"position\":3,\"name\":\"Mod\u00fcler Ayakl\u0131 LEDbox 120&#215;240 cm\"}]},{\"@type\":\"WebSite\",\"@id\":\"https:\\\/\\\/dekopa.com.tr\\\/#website\",\"url\":\"https:\\\/\\\/dekopa.com.tr\\\/\",\"name\":\"Dekopa Dijital Bask\u0131\",\"description\":\"Lightbox Fuar Standlar\u0131\",\"publisher\":{\"@id\":\"https:\\\/\\\/dekopa.com.tr\\\/#organization\"},\"potentialAction\":[{\"@type\":\"SearchAction\",\"target\":{\"@type\":\"EntryPoint\",\"urlTemplate\":\"https:\\\/\\\/dekopa.com.tr\\\/?s={search_term_string}\"},\"query-input\":{\"@type\":\"PropertyValueSpecification\",\"valueRequired\":true,\"valueName\":\"search_term_string\"}}],\"inLanguage\":\"en-US\"},{\"@type\":\"Organization\",\"@id\":\"https:\\\/\\\/dekopa.com.tr\\\/#organization\",\"name\":\"Dekopa Display - UV Bask\u0131\",\"url\":\"https:\\\/\\\/dekopa.com.tr\\\/\",\"logo\":{\"@type\":\"ImageObject\",\"inLanguage\":\"en-US\",\"@id\":\"https:\\\/\\\/dekopa.com.tr\\\/#\\\/schema\\\/logo\\\/image\\\/\",\"url\":\"https:\\\/\\\/dekopa.com.tr\\\/wp-content\\\/uploads\\\/2020\\\/12\\\/dekopa_logo-copy-1.jpg\",\"contentUrl\":\"https:\\\/\\\/dekopa.com.tr\\\/wp-content\\\/uploads\\\/2020\\\/12\\\/dekopa_logo-copy-1.jpg\",\"width\":200,\"height\":80,\"caption\":\"Dekopa Display - UV Bask\u0131\"},\"image\":{\"@id\":\"https:\\\/\\\/dekopa.com.tr\\\/#\\\/schema\\\/logo\\\/image\\\/\"},\"sameAs\":[\"https:\\\/\\\/www.facebook.com\\\/dekopa.com.tr\",\"https:\\\/\\\/www.instagram.com\\\/dekopa_print\\\/\",\"https:\\\/\\\/tr.pinterest.com\\\/DekopaDesing\\\/\",\"https:\\\/\\\/www.youtube.com\\\/channel\\\/UCchP6AzeKOz_2L5SQ8l10mA\\\/\"]}]}<\/script>\n<!-- \/ Yoast SEO Premium plugin. -->","yoast_head_json":{"title":"Mod\u00fcler Ayakl\u0131 LEDbox 120x240 cm - Dekopa LEDbox Modelleri","description":"Dikey \u015feklinde farkl\u0131 ebatlarda 4 taraf\u0131 kullan\u0131labilen S\u00fct\u00fcn Lightbox Paneller \u00fcretmekteyiz. 120x240 cm ebatlar\u0131nda Mod\u00fcler LEDbox","robots":{"index":"index","follow":"follow","max-snippet":"max-snippet:-1","max-image-preview":"max-image-preview:large","max-video-preview":"max-video-preview:-1"},"canonical":"https:\/\/dekopa.com.tr\/en\/product\/moduler-ayakli-ledbox-120x240-cm\/","og_locale":"en_US","og_type":"article","og_title":"Mod\u00fcler Ayakl\u0131 LEDbox 120x240 cm","og_description":"Dikey \u015feklinde farkl\u0131 ebatlarda 4 taraf\u0131 kullan\u0131labilen S\u00fct\u00fcn Lightbox Paneller \u00fcretmekteyiz. 120x240 cm ebatlar\u0131nda Mod\u00fcler LEDbox","og_url":"https:\/\/dekopa.com.tr\/en\/product\/moduler-ayakli-ledbox-120x240-cm\/","og_site_name":"Dekopa","article_publisher":"https:\/\/www.facebook.com\/dekopa.com.tr","article_modified_time":"2025-05-29T03:08:41+00:00","og_image":[{"width":545,"height":545,"url":"https:\/\/dekopa.com.tr\/wp-content\/uploads\/2020\/02\/t3-modular-stand-sistemi-120X240-dekopa-1.png","type":"image\/png"}],"twitter_card":"summary_large_image","twitter_misc":{"Est. reading time":"1 minute"},"schema":{"@context":"https:\/\/schema.org","@graph":[{"@type":"WebPage","@id":"https:\/\/dekopa.com.tr\/en\/product\/moduler-ayakli-ledbox-120x240-cm\/","url":"https:\/\/dekopa.com.tr\/en\/product\/moduler-ayakli-ledbox-120x240-cm\/","name":"Mod\u00fcler Ayakl\u0131 LEDbox 120x240 cm - Dekopa LEDbox Modelleri","isPartOf":{"@id":"https:\/\/dekopa.com.tr\/#website"},"primaryImageOfPage":{"@id":"https:\/\/dekopa.com.tr\/en\/product\/moduler-ayakli-ledbox-120x240-cm\/#primaryimage"},"image":{"@id":"https:\/\/dekopa.com.tr\/en\/product\/moduler-ayakli-ledbox-120x240-cm\/#primaryimage"},"thumbnailUrl":"https:\/\/dekopa.com.tr\/wp-content\/uploads\/2020\/02\/t3-modular-stand-sistemi-120X240-dekopa-1.png","datePublished":"2021-01-19T14:58:35+00:00","dateModified":"2025-05-29T03:08:41+00:00","description":"Dikey \u015feklinde farkl\u0131 ebatlarda 4 taraf\u0131 kullan\u0131labilen S\u00fct\u00fcn Lightbox Paneller \u00fcretmekteyiz. 120x240 cm ebatlar\u0131nda Mod\u00fcler LEDbox","breadcrumb":{"@id":"https:\/\/dekopa.com.tr\/en\/product\/moduler-ayakli-ledbox-120x240-cm\/#breadcrumb"},"inLanguage":"en-US","potentialAction":[{"@type":"ReadAction","target":["https:\/\/dekopa.com.tr\/en\/product\/moduler-ayakli-ledbox-120x240-cm\/"]}]},{"@type":"ImageObject","inLanguage":"en-US","@id":"https:\/\/dekopa.com.tr\/en\/product\/moduler-ayakli-ledbox-120x240-cm\/#primaryimage","url":"https:\/\/dekopa.com.tr\/wp-content\/uploads\/2020\/02\/t3-modular-stand-sistemi-120X240-dekopa-1.png","contentUrl":"https:\/\/dekopa.com.tr\/wp-content\/uploads\/2020\/02\/t3-modular-stand-sistemi-120X240-dekopa-1.png","width":545,"height":545,"caption":"t3 modular stand sistemi 120X240 dekopa 1"},{"@type":"BreadcrumbList","@id":"https:\/\/dekopa.com.tr\/en\/product\/moduler-ayakli-ledbox-120x240-cm\/#breadcrumb","itemListElement":[{"@type":"ListItem","position":1,"name":"Ana sayfa","item":"https:\/\/dekopa.com.tr\/"},{"@type":"ListItem","position":2,"name":"Do\u011frudan Sat\u0131\u015f","item":"https:\/\/dekopa.com.tr\/dogrudan-satis\/"},{"@type":"ListItem","position":3,"name":"Mod\u00fcler Ayakl\u0131 LEDbox 120&#215;240 cm"}]},{"@type":"WebSite","@id":"https:\/\/dekopa.com.tr\/#website","url":"https:\/\/dekopa.com.tr\/","name":"Dekopa Dijital Bask\u0131","description":"Lightbox Fuar Standlar\u0131","publisher":{"@id":"https:\/\/dekopa.com.tr\/#organization"},"potentialAction":[{"@type":"SearchAction","target":{"@type":"EntryPoint","urlTemplate":"https:\/\/dekopa.com.tr\/?s={search_term_string}"},"query-input":{"@type":"PropertyValueSpecification","valueRequired":true,"valueName":"search_term_string"}}],"inLanguage":"en-US"},{"@type":"Organization","@id":"https:\/\/dekopa.com.tr\/#organization","name":"Dekopa Display - UV Bask\u0131","url":"https:\/\/dekopa.com.tr\/","logo":{"@type":"ImageObject","inLanguage":"en-US","@id":"https:\/\/dekopa.com.tr\/#\/schema\/logo\/image\/","url":"https:\/\/dekopa.com.tr\/wp-content\/uploads\/2020\/12\/dekopa_logo-copy-1.jpg","contentUrl":"https:\/\/dekopa.com.tr\/wp-content\/uploads\/2020\/12\/dekopa_logo-copy-1.jpg","width":200,"height":80,"caption":"Dekopa Display - UV Bask\u0131"},"image":{"@id":"https:\/\/dekopa.com.tr\/#\/schema\/logo\/image\/"},"sameAs":["https:\/\/www.facebook.com\/dekopa.com.tr","https:\/\/www.instagram.com\/dekopa_print\/","https:\/\/tr.pinterest.com\/DekopaDesing\/","https:\/\/www.youtube.com\/channel\/UCchP6AzeKOz_2L5SQ8l10mA\/"]}]}},"_links":{"self":[{"href":"https:\/\/dekopa.com.tr\/en\/wp-json\/wp\/v2\/product\/5298","targetHints":{"allow":["GET"]}}],"collection":[{"href":"https:\/\/dekopa.com.tr\/en\/wp-json\/wp\/v2\/product"}],"about":[{"href":"https:\/\/dekopa.com.tr\/en\/wp-json\/wp\/v2\/types\/product"}],"replies":[{"embeddable":true,"href":"https:\/\/dekopa.com.tr\/en\/wp-json\/wp\/v2\/comments?post=5298"}],"wp:featuredmedia":[{"embeddable":true,"href":"https:\/\/dekopa.com.tr\/en\/wp-json\/wp\/v2\/media\/4853"}],"wp:attachment":[{"href":"https:\/\/dekopa.com.tr\/en\/wp-json\/wp\/v2\/media?parent=5298"}],"wp:term":[{"taxonomy":"product_brand","embeddable":true,"href":"https:\/\/dekopa.com.tr\/en\/wp-json\/wp\/v2\/product_brand?post=5298"},{"taxonomy":"product_cat","embeddable":true,"href":"https:\/\/dekopa.com.tr\/en\/wp-json\/wp\/v2\/product_cat?post=5298"},{"taxonomy":"product_tag","embeddable":true,"href":"https:\/\/dekopa.com.tr\/en\/wp-json\/wp\/v2\/product_tag?post=5298"}],"curies":[{"name":"wp","href":"https:\/\/api.w.org\/{rel}","templated":true}]}}