{"id":7897,"date":"2024-10-15T11:27:37","date_gmt":"2024-10-15T08:27:37","guid":{"rendered":"https:\/\/dekopa.com.tr\/lightbox-hizmet-copy\/"},"modified":"2025-06-14T16:56:46","modified_gmt":"2025-06-14T13:56:46","slug":"ds_moduler_lightbox_kongre_stand-2","status":"publish","type":"page","link":"https:\/\/dekopa.com.tr\/en\/ds_moduler_lightbox_kongre_stand-2\/","title":{"rendered":"DS MOD\u00dcLER LIGHTBOX"},"content":{"rendered":"","protected":false},"excerpt":{"rendered":"","protected":false},"author":1,"featured_media":4697,"parent":0,"menu_order":0,"comment_status":"open","ping_status":"closed","template":"","meta":{"footnotes":""},"class_list":["post-7897","page","type-page","status-publish","has-post-thumbnail","hentry","prodpage-style2"],"yoast_head":"<!-- This site is optimized with the Yoast SEO Premium plugin v25.1 (Yoast SEO v27.3) - https:\/\/yoast.com\/product\/yoast-seo-premium-wordpress\/ -->\n<title>DS MOD\u00dcLER LIGHTBOX - LEDbox, Lightbox \u00fcr\u00fcnler ve UV bask\u0131 | Dekopa<\/title>\n<meta name=\"description\" content=\"Bir \u00e7ok kullan\u0131m alan\u0131na sahip ve farkl\u0131 ebatlarda Ledbox(Lightbox) Panolar ile ihtiyac\u0131n\u0131z olan g\u00f6rsel \u00e7ekicili\u011fi yakalay\u0131n. \u0130stanbul \u00dcretim\" \/>\n<meta name=\"robots\" content=\"index, follow, max-snippet:-1, max-image-preview:large, max-video-preview:-1\" \/>\n<link rel=\"canonical\" href=\"https:\/\/dekopa.com.tr\/en\/ds_moduler_lightbox_kongre_stand-2\/\" \/>\n<meta property=\"og:locale\" content=\"en_US\" \/>\n<meta property=\"og:type\" content=\"article\" \/>\n<meta property=\"og:title\" content=\"DS MOD\u00dcLER LIGHTBOX\" \/>\n<meta property=\"og:description\" content=\"Bir \u00e7ok kullan\u0131m alan\u0131na sahip ve farkl\u0131 ebatlarda Ledbox(Lightbox) Panolar ile ihtiyac\u0131n\u0131z olan g\u00f6rsel \u00e7ekicili\u011fi yakalay\u0131n. \u0130stanbul \u00dcretim\" \/>\n<meta property=\"og:url\" content=\"https:\/\/dekopa.com.tr\/en\/ds_moduler_lightbox_kongre_stand-2\/\" \/>\n<meta property=\"og:site_name\" content=\"Dekopa\" \/>\n<meta property=\"article:publisher\" content=\"https:\/\/www.facebook.com\/dekopa.com.tr\" \/>\n<meta property=\"article:modified_time\" content=\"2025-06-14T13:56:46+00:00\" \/>\n<meta property=\"og:image\" content=\"http:\/\/dekopa.com.tr\/wp-content\/uploads\/2020\/02\/t3-modular-stand-sistemi-240x240-120x240-100x100-dekopa-1.png\" \/>\n\t<meta property=\"og:image:width\" content=\"545\" \/>\n\t<meta property=\"og:image:height\" content=\"545\" \/>\n\t<meta property=\"og:image:type\" content=\"image\/png\" \/>\n<meta name=\"twitter:card\" content=\"summary_large_image\" \/>\n<meta name=\"twitter:image\" content=\"https:\/\/dekopa.com.tr\/wp-content\/uploads\/2020\/02\/t3-modular-stand-sistemi-240x240-120x240-100x100-dekopa-1.png\" \/>\n<script type=\"application\/ld+json\" class=\"yoast-schema-graph\">{\"@context\":\"https:\\\/\\\/schema.org\",\"@graph\":[{\"@type\":\"WebPage\",\"@id\":\"https:\\\/\\\/dekopa.com.tr\\\/ds_moduler_lightbox_kongre_stand-2\\\/\",\"url\":\"https:\\\/\\\/dekopa.com.tr\\\/ds_moduler_lightbox_kongre_stand-2\\\/\",\"name\":\"DS MOD\u00dcLER LIGHTBOX - LEDbox, Lightbox \u00fcr\u00fcnler ve UV bask\u0131 | Dekopa\",\"isPartOf\":{\"@id\":\"https:\\\/\\\/dekopa.com.tr\\\/#website\"},\"primaryImageOfPage\":{\"@id\":\"https:\\\/\\\/dekopa.com.tr\\\/ds_moduler_lightbox_kongre_stand-2\\\/#primaryimage\"},\"image\":{\"@id\":\"https:\\\/\\\/dekopa.com.tr\\\/ds_moduler_lightbox_kongre_stand-2\\\/#primaryimage\"},\"thumbnailUrl\":\"https:\\\/\\\/dekopa.com.tr\\\/wp-content\\\/uploads\\\/2019\\\/04\\\/Dekopa-lightbox-lightframe-5.jpg\",\"datePublished\":\"2024-10-15T08:27:37+00:00\",\"dateModified\":\"2025-06-14T13:56:46+00:00\",\"description\":\"Bir \u00e7ok kullan\u0131m alan\u0131na sahip ve farkl\u0131 ebatlarda Ledbox(Lightbox) Panolar ile ihtiyac\u0131n\u0131z olan g\u00f6rsel \u00e7ekicili\u011fi yakalay\u0131n. \u0130stanbul \u00dcretim\",\"breadcrumb\":{\"@id\":\"https:\\\/\\\/dekopa.com.tr\\\/ds_moduler_lightbox_kongre_stand-2\\\/#breadcrumb\"},\"inLanguage\":\"en-US\",\"potentialAction\":[{\"@type\":\"ReadAction\",\"target\":[\"https:\\\/\\\/dekopa.com.tr\\\/ds_moduler_lightbox_kongre_stand-2\\\/\"]}]},{\"@type\":\"ImageObject\",\"inLanguage\":\"en-US\",\"@id\":\"https:\\\/\\\/dekopa.com.tr\\\/ds_moduler_lightbox_kongre_stand-2\\\/#primaryimage\",\"url\":\"https:\\\/\\\/dekopa.com.tr\\\/wp-content\\\/uploads\\\/2019\\\/04\\\/Dekopa-lightbox-lightframe-5.jpg\",\"contentUrl\":\"https:\\\/\\\/dekopa.com.tr\\\/wp-content\\\/uploads\\\/2019\\\/04\\\/Dekopa-lightbox-lightframe-5.jpg\",\"width\":1200,\"height\":900,\"caption\":\"Dekopa lightbox lightframe 5\"},{\"@type\":\"BreadcrumbList\",\"@id\":\"https:\\\/\\\/dekopa.com.tr\\\/ds_moduler_lightbox_kongre_stand-2\\\/#breadcrumb\",\"itemListElement\":[{\"@type\":\"ListItem\",\"position\":1,\"name\":\"Ana sayfa\",\"item\":\"https:\\\/\\\/dekopa.com.tr\\\/\"},{\"@type\":\"ListItem\",\"position\":2,\"name\":\"DS MOD\u00dcLER LIGHTBOX\"}]},{\"@type\":\"WebSite\",\"@id\":\"https:\\\/\\\/dekopa.com.tr\\\/#website\",\"url\":\"https:\\\/\\\/dekopa.com.tr\\\/\",\"name\":\"Dekopa Dijital Bask\u0131\",\"description\":\"Lightbox Fuar Standlar\u0131\",\"publisher\":{\"@id\":\"https:\\\/\\\/dekopa.com.tr\\\/#organization\"},\"potentialAction\":[{\"@type\":\"SearchAction\",\"target\":{\"@type\":\"EntryPoint\",\"urlTemplate\":\"https:\\\/\\\/dekopa.com.tr\\\/?s={search_term_string}\"},\"query-input\":{\"@type\":\"PropertyValueSpecification\",\"valueRequired\":true,\"valueName\":\"search_term_string\"}}],\"inLanguage\":\"en-US\"},{\"@type\":\"Organization\",\"@id\":\"https:\\\/\\\/dekopa.com.tr\\\/#organization\",\"name\":\"Dekopa Display - UV Bask\u0131\",\"url\":\"https:\\\/\\\/dekopa.com.tr\\\/\",\"logo\":{\"@type\":\"ImageObject\",\"inLanguage\":\"en-US\",\"@id\":\"https:\\\/\\\/dekopa.com.tr\\\/#\\\/schema\\\/logo\\\/image\\\/\",\"url\":\"https:\\\/\\\/dekopa.com.tr\\\/wp-content\\\/uploads\\\/2020\\\/12\\\/dekopa_logo-copy-1.jpg\",\"contentUrl\":\"https:\\\/\\\/dekopa.com.tr\\\/wp-content\\\/uploads\\\/2020\\\/12\\\/dekopa_logo-copy-1.jpg\",\"width\":200,\"height\":80,\"caption\":\"Dekopa Display - UV Bask\u0131\"},\"image\":{\"@id\":\"https:\\\/\\\/dekopa.com.tr\\\/#\\\/schema\\\/logo\\\/image\\\/\"},\"sameAs\":[\"https:\\\/\\\/www.facebook.com\\\/dekopa.com.tr\",\"https:\\\/\\\/www.instagram.com\\\/dekopa_print\\\/\",\"https:\\\/\\\/tr.pinterest.com\\\/DekopaDesing\\\/\",\"https:\\\/\\\/www.youtube.com\\\/channel\\\/UCchP6AzeKOz_2L5SQ8l10mA\\\/\"]}]}<\/script>\n<!-- \/ Yoast SEO Premium plugin. -->","yoast_head_json":{"title":"DS MOD\u00dcLER LIGHTBOX - LEDbox, Lightbox \u00fcr\u00fcnler ve UV bask\u0131 | Dekopa","description":"Bir \u00e7ok kullan\u0131m alan\u0131na sahip ve farkl\u0131 ebatlarda Ledbox(Lightbox) Panolar ile ihtiyac\u0131n\u0131z olan g\u00f6rsel \u00e7ekicili\u011fi yakalay\u0131n. \u0130stanbul \u00dcretim","robots":{"index":"index","follow":"follow","max-snippet":"max-snippet:-1","max-image-preview":"max-image-preview:large","max-video-preview":"max-video-preview:-1"},"canonical":"https:\/\/dekopa.com.tr\/en\/ds_moduler_lightbox_kongre_stand-2\/","og_locale":"en_US","og_type":"article","og_title":"DS MOD\u00dcLER LIGHTBOX","og_description":"Bir \u00e7ok kullan\u0131m alan\u0131na sahip ve farkl\u0131 ebatlarda Ledbox(Lightbox) Panolar ile ihtiyac\u0131n\u0131z olan g\u00f6rsel \u00e7ekicili\u011fi yakalay\u0131n. \u0130stanbul \u00dcretim","og_url":"https:\/\/dekopa.com.tr\/en\/ds_moduler_lightbox_kongre_stand-2\/","og_site_name":"Dekopa","article_publisher":"https:\/\/www.facebook.com\/dekopa.com.tr","article_modified_time":"2025-06-14T13:56:46+00:00","og_image":[{"width":545,"height":545,"url":"http:\/\/dekopa.com.tr\/wp-content\/uploads\/2020\/02\/t3-modular-stand-sistemi-240x240-120x240-100x100-dekopa-1.png","type":"image\/png"}],"twitter_card":"summary_large_image","twitter_image":"https:\/\/dekopa.com.tr\/wp-content\/uploads\/2020\/02\/t3-modular-stand-sistemi-240x240-120x240-100x100-dekopa-1.png","schema":{"@context":"https:\/\/schema.org","@graph":[{"@type":"WebPage","@id":"https:\/\/dekopa.com.tr\/ds_moduler_lightbox_kongre_stand-2\/","url":"https:\/\/dekopa.com.tr\/ds_moduler_lightbox_kongre_stand-2\/","name":"DS MOD\u00dcLER LIGHTBOX - LEDbox, Lightbox \u00fcr\u00fcnler ve UV bask\u0131 | Dekopa","isPartOf":{"@id":"https:\/\/dekopa.com.tr\/#website"},"primaryImageOfPage":{"@id":"https:\/\/dekopa.com.tr\/ds_moduler_lightbox_kongre_stand-2\/#primaryimage"},"image":{"@id":"https:\/\/dekopa.com.tr\/ds_moduler_lightbox_kongre_stand-2\/#primaryimage"},"thumbnailUrl":"https:\/\/dekopa.com.tr\/wp-content\/uploads\/2019\/04\/Dekopa-lightbox-lightframe-5.jpg","datePublished":"2024-10-15T08:27:37+00:00","dateModified":"2025-06-14T13:56:46+00:00","description":"Bir \u00e7ok kullan\u0131m alan\u0131na sahip ve farkl\u0131 ebatlarda Ledbox(Lightbox) Panolar ile ihtiyac\u0131n\u0131z olan g\u00f6rsel \u00e7ekicili\u011fi yakalay\u0131n. \u0130stanbul \u00dcretim","breadcrumb":{"@id":"https:\/\/dekopa.com.tr\/ds_moduler_lightbox_kongre_stand-2\/#breadcrumb"},"inLanguage":"en-US","potentialAction":[{"@type":"ReadAction","target":["https:\/\/dekopa.com.tr\/ds_moduler_lightbox_kongre_stand-2\/"]}]},{"@type":"ImageObject","inLanguage":"en-US","@id":"https:\/\/dekopa.com.tr\/ds_moduler_lightbox_kongre_stand-2\/#primaryimage","url":"https:\/\/dekopa.com.tr\/wp-content\/uploads\/2019\/04\/Dekopa-lightbox-lightframe-5.jpg","contentUrl":"https:\/\/dekopa.com.tr\/wp-content\/uploads\/2019\/04\/Dekopa-lightbox-lightframe-5.jpg","width":1200,"height":900,"caption":"Dekopa lightbox lightframe 5"},{"@type":"BreadcrumbList","@id":"https:\/\/dekopa.com.tr\/ds_moduler_lightbox_kongre_stand-2\/#breadcrumb","itemListElement":[{"@type":"ListItem","position":1,"name":"Ana sayfa","item":"https:\/\/dekopa.com.tr\/"},{"@type":"ListItem","position":2,"name":"DS MOD\u00dcLER LIGHTBOX"}]},{"@type":"WebSite","@id":"https:\/\/dekopa.com.tr\/#website","url":"https:\/\/dekopa.com.tr\/","name":"Dekopa Dijital Bask\u0131","description":"Lightbox Fuar Standlar\u0131","publisher":{"@id":"https:\/\/dekopa.com.tr\/#organization"},"potentialAction":[{"@type":"SearchAction","target":{"@type":"EntryPoint","urlTemplate":"https:\/\/dekopa.com.tr\/?s={search_term_string}"},"query-input":{"@type":"PropertyValueSpecification","valueRequired":true,"valueName":"search_term_string"}}],"inLanguage":"en-US"},{"@type":"Organization","@id":"https:\/\/dekopa.com.tr\/#organization","name":"Dekopa Display - UV Bask\u0131","url":"https:\/\/dekopa.com.tr\/","logo":{"@type":"ImageObject","inLanguage":"en-US","@id":"https:\/\/dekopa.com.tr\/#\/schema\/logo\/image\/","url":"https:\/\/dekopa.com.tr\/wp-content\/uploads\/2020\/12\/dekopa_logo-copy-1.jpg","contentUrl":"https:\/\/dekopa.com.tr\/wp-content\/uploads\/2020\/12\/dekopa_logo-copy-1.jpg","width":200,"height":80,"caption":"Dekopa Display - UV Bask\u0131"},"image":{"@id":"https:\/\/dekopa.com.tr\/#\/schema\/logo\/image\/"},"sameAs":["https:\/\/www.facebook.com\/dekopa.com.tr","https:\/\/www.instagram.com\/dekopa_print\/","https:\/\/tr.pinterest.com\/DekopaDesing\/","https:\/\/www.youtube.com\/channel\/UCchP6AzeKOz_2L5SQ8l10mA\/"]}]}},"_links":{"self":[{"href":"https:\/\/dekopa.com.tr\/en\/wp-json\/wp\/v2\/pages\/7897","targetHints":{"allow":["GET"]}}],"collection":[{"href":"https:\/\/dekopa.com.tr\/en\/wp-json\/wp\/v2\/pages"}],"about":[{"href":"https:\/\/dekopa.com.tr\/en\/wp-json\/wp\/v2\/types\/page"}],"author":[{"embeddable":true,"href":"https:\/\/dekopa.com.tr\/en\/wp-json\/wp\/v2\/users\/1"}],"replies":[{"embeddable":true,"href":"https:\/\/dekopa.com.tr\/en\/wp-json\/wp\/v2\/comments?post=7897"}],"version-history":[{"count":2,"href":"https:\/\/dekopa.com.tr\/en\/wp-json\/wp\/v2\/pages\/7897\/revisions"}],"predecessor-version":[{"id":11865,"href":"https:\/\/dekopa.com.tr\/en\/wp-json\/wp\/v2\/pages\/7897\/revisions\/11865"}],"wp:featuredmedia":[{"embeddable":true,"href":"https:\/\/dekopa.com.tr\/en\/wp-json\/wp\/v2\/media\/4697"}],"wp:attachment":[{"href":"https:\/\/dekopa.com.tr\/en\/wp-json\/wp\/v2\/media?parent=7897"}],"curies":[{"name":"wp","href":"https:\/\/api.w.org\/{rel}","templated":true}]}}