{"id":7888,"date":"2024-10-15T11:13:13","date_gmt":"2024-10-15T08:13:13","guid":{"rendered":"https:\/\/dekopa.com.tr\/lightbox-fuar-stand-hizmet-copy\/"},"modified":"2024-10-15T11:14:07","modified_gmt":"2024-10-15T08:14:07","slug":"kongre_lightbox-fuar-stand","status":"publish","type":"page","link":"https:\/\/dekopa.com.tr\/en\/kongre_lightbox-fuar-stand\/","title":{"rendered":"KONGRE STAND"},"content":{"rendered":"","protected":false},"excerpt":{"rendered":"","protected":false},"author":1,"featured_media":7002,"parent":0,"menu_order":0,"comment_status":"closed","ping_status":"closed","template":"","meta":{"footnotes":""},"class_list":["post-7888","page","type-page","status-publish","has-post-thumbnail","hentry","prodpage-style2"],"yoast_head":"<!-- This site is optimized with the Yoast SEO Premium plugin v25.1 (Yoast SEO v27.3) - https:\/\/yoast.com\/product\/yoast-seo-premium-wordpress\/ -->\n<title>KONGRE STAND - Mod\u00fcler Fuar Standlar\u0131 | Dekopa<\/title>\n<meta name=\"description\" content=\"Tamamen mod\u00fcler ve alet gerektirmeyen yap\u0131da olan Lightbox Standlar, Al\u00fcminyum ve plastik bile\u015fenlerden olu\u015fmaktad\u0131r. Lightbox Fuar standlar\u0131\" \/>\n<meta name=\"robots\" content=\"index, follow, max-snippet:-1, max-image-preview:large, max-video-preview:-1\" \/>\n<link rel=\"canonical\" href=\"https:\/\/dekopa.com.tr\/en\/kongre_lightbox-fuar-stand\/\" \/>\n<meta property=\"og:locale\" content=\"en_US\" \/>\n<meta property=\"og:type\" content=\"article\" \/>\n<meta property=\"og:title\" content=\"KONGRE STAND\" \/>\n<meta property=\"og:description\" content=\"Tamamen mod\u00fcler ve alet gerektirmeyen yap\u0131da olan Lightbox Standlar, Al\u00fcminyum ve plastik bile\u015fenlerden olu\u015fmaktad\u0131r. Lightbox Fuar standlar\u0131\" \/>\n<meta property=\"og:url\" content=\"https:\/\/dekopa.com.tr\/en\/kongre_lightbox-fuar-stand\/\" \/>\n<meta property=\"og:site_name\" content=\"Dekopa\" \/>\n<meta property=\"article:publisher\" content=\"https:\/\/www.facebook.com\/dekopa.com.tr\" \/>\n<meta property=\"article:modified_time\" content=\"2024-10-15T08:14:07+00:00\" \/>\n<meta property=\"og:image\" content=\"http:\/\/dekopa.com.tr\/wp-content\/uploads\/2-2.jpg\" \/>\n\t<meta property=\"og:image:width\" content=\"1104\" \/>\n\t<meta property=\"og:image:height\" content=\"757\" \/>\n\t<meta property=\"og:image:type\" content=\"image\/jpeg\" \/>\n<meta name=\"twitter:card\" content=\"summary_large_image\" \/>\n<meta name=\"twitter:image\" content=\"https:\/\/dekopa.com.tr\/wp-content\/uploads\/2-2.jpg\" \/>\n<meta name=\"twitter:label1\" content=\"Est. reading time\" \/>\n\t<meta name=\"twitter:data1\" content=\"7 minutes\" \/>\n<script type=\"application\/ld+json\" class=\"yoast-schema-graph\">{\"@context\":\"https:\\\/\\\/schema.org\",\"@graph\":[{\"@type\":\"WebPage\",\"@id\":\"https:\\\/\\\/dekopa.com.tr\\\/kongre_lightbox-fuar-stand\\\/\",\"url\":\"https:\\\/\\\/dekopa.com.tr\\\/kongre_lightbox-fuar-stand\\\/\",\"name\":\"KONGRE STAND - Mod\u00fcler Fuar Standlar\u0131 | Dekopa\",\"isPartOf\":{\"@id\":\"https:\\\/\\\/dekopa.com.tr\\\/#website\"},\"primaryImageOfPage\":{\"@id\":\"https:\\\/\\\/dekopa.com.tr\\\/kongre_lightbox-fuar-stand\\\/#primaryimage\"},\"image\":{\"@id\":\"https:\\\/\\\/dekopa.com.tr\\\/kongre_lightbox-fuar-stand\\\/#primaryimage\"},\"thumbnailUrl\":\"https:\\\/\\\/dekopa.com.tr\\\/wp-content\\\/uploads\\\/Akis_asansor_yurtdisi_fuar-Moduler_fuar_stand_lightbox_standlar_istanbul_lightbox_kiralama_portable_lightbox_seg_lightbox_ledu_lightbox_uv_baski_istanbul_ankara_lightbox_izmir_Antalya_lightbox_stand.jpg\",\"datePublished\":\"2024-10-15T08:13:13+00:00\",\"dateModified\":\"2024-10-15T08:14:07+00:00\",\"description\":\"Tamamen mod\u00fcler ve alet gerektirmeyen yap\u0131da olan Lightbox Standlar, Al\u00fcminyum ve plastik bile\u015fenlerden olu\u015fmaktad\u0131r. Lightbox Fuar standlar\u0131\",\"breadcrumb\":{\"@id\":\"https:\\\/\\\/dekopa.com.tr\\\/kongre_lightbox-fuar-stand\\\/#breadcrumb\"},\"inLanguage\":\"en-US\",\"potentialAction\":[{\"@type\":\"ReadAction\",\"target\":[\"https:\\\/\\\/dekopa.com.tr\\\/kongre_lightbox-fuar-stand\\\/\"]}]},{\"@type\":\"ImageObject\",\"inLanguage\":\"en-US\",\"@id\":\"https:\\\/\\\/dekopa.com.tr\\\/kongre_lightbox-fuar-stand\\\/#primaryimage\",\"url\":\"https:\\\/\\\/dekopa.com.tr\\\/wp-content\\\/uploads\\\/Akis_asansor_yurtdisi_fuar-Moduler_fuar_stand_lightbox_standlar_istanbul_lightbox_kiralama_portable_lightbox_seg_lightbox_ledu_lightbox_uv_baski_istanbul_ankara_lightbox_izmir_Antalya_lightbox_stand.jpg\",\"contentUrl\":\"https:\\\/\\\/dekopa.com.tr\\\/wp-content\\\/uploads\\\/Akis_asansor_yurtdisi_fuar-Moduler_fuar_stand_lightbox_standlar_istanbul_lightbox_kiralama_portable_lightbox_seg_lightbox_ledu_lightbox_uv_baski_istanbul_ankara_lightbox_izmir_Antalya_lightbox_stand.jpg\",\"width\":1600,\"height\":1200,\"caption\":\"Akis asansor yurtdisi fuar Moduler fuar stand lightbox standlar istanbul lightbox kiralama portable lightbox seg lightbox ledu lightbox uv baski istanbul ankara lightbox izmir Antalya lightbox stand\"},{\"@type\":\"BreadcrumbList\",\"@id\":\"https:\\\/\\\/dekopa.com.tr\\\/kongre_lightbox-fuar-stand\\\/#breadcrumb\",\"itemListElement\":[{\"@type\":\"ListItem\",\"position\":1,\"name\":\"Ana sayfa\",\"item\":\"https:\\\/\\\/dekopa.com.tr\\\/\"},{\"@type\":\"ListItem\",\"position\":2,\"name\":\"KONGRE STAND\"}]},{\"@type\":\"WebSite\",\"@id\":\"https:\\\/\\\/dekopa.com.tr\\\/#website\",\"url\":\"https:\\\/\\\/dekopa.com.tr\\\/\",\"name\":\"Dekopa Dijital Bask\u0131\",\"description\":\"Lightbox Fuar Standlar\u0131\",\"publisher\":{\"@id\":\"https:\\\/\\\/dekopa.com.tr\\\/#organization\"},\"potentialAction\":[{\"@type\":\"SearchAction\",\"target\":{\"@type\":\"EntryPoint\",\"urlTemplate\":\"https:\\\/\\\/dekopa.com.tr\\\/?s={search_term_string}\"},\"query-input\":{\"@type\":\"PropertyValueSpecification\",\"valueRequired\":true,\"valueName\":\"search_term_string\"}}],\"inLanguage\":\"en-US\"},{\"@type\":\"Organization\",\"@id\":\"https:\\\/\\\/dekopa.com.tr\\\/#organization\",\"name\":\"Dekopa Display - UV Bask\u0131\",\"url\":\"https:\\\/\\\/dekopa.com.tr\\\/\",\"logo\":{\"@type\":\"ImageObject\",\"inLanguage\":\"en-US\",\"@id\":\"https:\\\/\\\/dekopa.com.tr\\\/#\\\/schema\\\/logo\\\/image\\\/\",\"url\":\"https:\\\/\\\/dekopa.com.tr\\\/wp-content\\\/uploads\\\/2020\\\/12\\\/dekopa_logo-copy-1.jpg\",\"contentUrl\":\"https:\\\/\\\/dekopa.com.tr\\\/wp-content\\\/uploads\\\/2020\\\/12\\\/dekopa_logo-copy-1.jpg\",\"width\":200,\"height\":80,\"caption\":\"Dekopa Display - UV Bask\u0131\"},\"image\":{\"@id\":\"https:\\\/\\\/dekopa.com.tr\\\/#\\\/schema\\\/logo\\\/image\\\/\"},\"sameAs\":[\"https:\\\/\\\/www.facebook.com\\\/dekopa.com.tr\",\"https:\\\/\\\/www.instagram.com\\\/dekopa_print\\\/\",\"https:\\\/\\\/tr.pinterest.com\\\/DekopaDesing\\\/\",\"https:\\\/\\\/www.youtube.com\\\/channel\\\/UCchP6AzeKOz_2L5SQ8l10mA\\\/\"]}]}<\/script>\n<!-- \/ Yoast SEO Premium plugin. -->","yoast_head_json":{"title":"KONGRE STAND - Mod\u00fcler Fuar Standlar\u0131 | Dekopa","description":"Tamamen mod\u00fcler ve alet gerektirmeyen yap\u0131da olan Lightbox Standlar, Al\u00fcminyum ve plastik bile\u015fenlerden olu\u015fmaktad\u0131r. Lightbox Fuar standlar\u0131","robots":{"index":"index","follow":"follow","max-snippet":"max-snippet:-1","max-image-preview":"max-image-preview:large","max-video-preview":"max-video-preview:-1"},"canonical":"https:\/\/dekopa.com.tr\/en\/kongre_lightbox-fuar-stand\/","og_locale":"en_US","og_type":"article","og_title":"KONGRE STAND","og_description":"Tamamen mod\u00fcler ve alet gerektirmeyen yap\u0131da olan Lightbox Standlar, Al\u00fcminyum ve plastik bile\u015fenlerden olu\u015fmaktad\u0131r. Lightbox Fuar standlar\u0131","og_url":"https:\/\/dekopa.com.tr\/en\/kongre_lightbox-fuar-stand\/","og_site_name":"Dekopa","article_publisher":"https:\/\/www.facebook.com\/dekopa.com.tr","article_modified_time":"2024-10-15T08:14:07+00:00","og_image":[{"width":1104,"height":757,"url":"http:\/\/dekopa.com.tr\/wp-content\/uploads\/2-2.jpg","type":"image\/jpeg"}],"twitter_card":"summary_large_image","twitter_image":"https:\/\/dekopa.com.tr\/wp-content\/uploads\/2-2.jpg","twitter_misc":{"Est. reading time":"7 minutes"},"schema":{"@context":"https:\/\/schema.org","@graph":[{"@type":"WebPage","@id":"https:\/\/dekopa.com.tr\/kongre_lightbox-fuar-stand\/","url":"https:\/\/dekopa.com.tr\/kongre_lightbox-fuar-stand\/","name":"KONGRE STAND - Mod\u00fcler Fuar Standlar\u0131 | Dekopa","isPartOf":{"@id":"https:\/\/dekopa.com.tr\/#website"},"primaryImageOfPage":{"@id":"https:\/\/dekopa.com.tr\/kongre_lightbox-fuar-stand\/#primaryimage"},"image":{"@id":"https:\/\/dekopa.com.tr\/kongre_lightbox-fuar-stand\/#primaryimage"},"thumbnailUrl":"https:\/\/dekopa.com.tr\/wp-content\/uploads\/Akis_asansor_yurtdisi_fuar-Moduler_fuar_stand_lightbox_standlar_istanbul_lightbox_kiralama_portable_lightbox_seg_lightbox_ledu_lightbox_uv_baski_istanbul_ankara_lightbox_izmir_Antalya_lightbox_stand.jpg","datePublished":"2024-10-15T08:13:13+00:00","dateModified":"2024-10-15T08:14:07+00:00","description":"Tamamen mod\u00fcler ve alet gerektirmeyen yap\u0131da olan Lightbox Standlar, Al\u00fcminyum ve plastik bile\u015fenlerden olu\u015fmaktad\u0131r. Lightbox Fuar standlar\u0131","breadcrumb":{"@id":"https:\/\/dekopa.com.tr\/kongre_lightbox-fuar-stand\/#breadcrumb"},"inLanguage":"en-US","potentialAction":[{"@type":"ReadAction","target":["https:\/\/dekopa.com.tr\/kongre_lightbox-fuar-stand\/"]}]},{"@type":"ImageObject","inLanguage":"en-US","@id":"https:\/\/dekopa.com.tr\/kongre_lightbox-fuar-stand\/#primaryimage","url":"https:\/\/dekopa.com.tr\/wp-content\/uploads\/Akis_asansor_yurtdisi_fuar-Moduler_fuar_stand_lightbox_standlar_istanbul_lightbox_kiralama_portable_lightbox_seg_lightbox_ledu_lightbox_uv_baski_istanbul_ankara_lightbox_izmir_Antalya_lightbox_stand.jpg","contentUrl":"https:\/\/dekopa.com.tr\/wp-content\/uploads\/Akis_asansor_yurtdisi_fuar-Moduler_fuar_stand_lightbox_standlar_istanbul_lightbox_kiralama_portable_lightbox_seg_lightbox_ledu_lightbox_uv_baski_istanbul_ankara_lightbox_izmir_Antalya_lightbox_stand.jpg","width":1600,"height":1200,"caption":"Akis asansor yurtdisi fuar Moduler fuar stand lightbox standlar istanbul lightbox kiralama portable lightbox seg lightbox ledu lightbox uv baski istanbul ankara lightbox izmir Antalya lightbox stand"},{"@type":"BreadcrumbList","@id":"https:\/\/dekopa.com.tr\/kongre_lightbox-fuar-stand\/#breadcrumb","itemListElement":[{"@type":"ListItem","position":1,"name":"Ana sayfa","item":"https:\/\/dekopa.com.tr\/"},{"@type":"ListItem","position":2,"name":"KONGRE STAND"}]},{"@type":"WebSite","@id":"https:\/\/dekopa.com.tr\/#website","url":"https:\/\/dekopa.com.tr\/","name":"Dekopa Dijital Bask\u0131","description":"Lightbox Fuar Standlar\u0131","publisher":{"@id":"https:\/\/dekopa.com.tr\/#organization"},"potentialAction":[{"@type":"SearchAction","target":{"@type":"EntryPoint","urlTemplate":"https:\/\/dekopa.com.tr\/?s={search_term_string}"},"query-input":{"@type":"PropertyValueSpecification","valueRequired":true,"valueName":"search_term_string"}}],"inLanguage":"en-US"},{"@type":"Organization","@id":"https:\/\/dekopa.com.tr\/#organization","name":"Dekopa Display - UV Bask\u0131","url":"https:\/\/dekopa.com.tr\/","logo":{"@type":"ImageObject","inLanguage":"en-US","@id":"https:\/\/dekopa.com.tr\/#\/schema\/logo\/image\/","url":"https:\/\/dekopa.com.tr\/wp-content\/uploads\/2020\/12\/dekopa_logo-copy-1.jpg","contentUrl":"https:\/\/dekopa.com.tr\/wp-content\/uploads\/2020\/12\/dekopa_logo-copy-1.jpg","width":200,"height":80,"caption":"Dekopa Display - UV Bask\u0131"},"image":{"@id":"https:\/\/dekopa.com.tr\/#\/schema\/logo\/image\/"},"sameAs":["https:\/\/www.facebook.com\/dekopa.com.tr","https:\/\/www.instagram.com\/dekopa_print\/","https:\/\/tr.pinterest.com\/DekopaDesing\/","https:\/\/www.youtube.com\/channel\/UCchP6AzeKOz_2L5SQ8l10mA\/"]}]}},"_links":{"self":[{"href":"https:\/\/dekopa.com.tr\/en\/wp-json\/wp\/v2\/pages\/7888","targetHints":{"allow":["GET"]}}],"collection":[{"href":"https:\/\/dekopa.com.tr\/en\/wp-json\/wp\/v2\/pages"}],"about":[{"href":"https:\/\/dekopa.com.tr\/en\/wp-json\/wp\/v2\/types\/page"}],"author":[{"embeddable":true,"href":"https:\/\/dekopa.com.tr\/en\/wp-json\/wp\/v2\/users\/1"}],"replies":[{"embeddable":true,"href":"https:\/\/dekopa.com.tr\/en\/wp-json\/wp\/v2\/comments?post=7888"}],"version-history":[{"count":0,"href":"https:\/\/dekopa.com.tr\/en\/wp-json\/wp\/v2\/pages\/7888\/revisions"}],"wp:featuredmedia":[{"embeddable":true,"href":"https:\/\/dekopa.com.tr\/en\/wp-json\/wp\/v2\/media\/7002"}],"wp:attachment":[{"href":"https:\/\/dekopa.com.tr\/en\/wp-json\/wp\/v2\/media?parent=7888"}],"curies":[{"name":"wp","href":"https:\/\/api.w.org\/{rel}","templated":true}]}}