{"id":5537,"date":"2021-01-24T17:43:00","date_gmt":"2021-01-24T14:43:00","guid":{"rendered":"https:\/\/dekopa.com.tr\/?page_id=5537"},"modified":"2026-02-19T13:35:18","modified_gmt":"2026-02-19T10:35:18","slug":"moduler_standlar","status":"publish","type":"page","link":"https:\/\/dekopa.com.tr\/en\/moduler_standlar\/","title":{"rendered":"Mod\u00fcler Standlar"},"content":{"rendered":"","protected":false},"excerpt":{"rendered":"","protected":false},"author":1,"featured_media":5566,"parent":0,"menu_order":0,"comment_status":"closed","ping_status":"closed","template":"","meta":{"footnotes":""},"class_list":["post-5537","page","type-page","status-publish","has-post-thumbnail","hentry","prodpage-style2"],"yoast_head":"<!-- This site is optimized with the Yoast SEO Premium plugin v25.1 (Yoast SEO v27.3) - https:\/\/yoast.com\/product\/yoast-seo-premium-wordpress\/ -->\n<title>DEKOPA - HAZIR S\u0130STEM FUAR STANDLARI<\/title>\n<meta name=\"description\" content=\"Hi\u00e7bir alet gerektirmeden tek ba\u015f\u0131n\u0131za mod\u00fcler fuar stand kurabildi\u011finizi hayal edin. Mod\u00fcler Usta gerektirmeyen Fuar Standlar\u0131-\" \/>\n<meta name=\"robots\" content=\"index, follow, max-snippet:-1, max-image-preview:large, max-video-preview:-1\" \/>\n<link rel=\"canonical\" href=\"https:\/\/dekopa.com.tr\/en\/moduler_standlar\/\" \/>\n<meta property=\"og:locale\" content=\"en_US\" \/>\n<meta property=\"og:type\" content=\"article\" \/>\n<meta property=\"og:title\" content=\"Mod\u00fcler Standlar\" \/>\n<meta property=\"og:description\" content=\"Hi\u00e7bir alet gerektirmeden tek ba\u015f\u0131n\u0131za mod\u00fcler fuar stand kurabildi\u011finizi hayal edin. Mod\u00fcler Usta gerektirmeyen Fuar Standlar\u0131-\" \/>\n<meta property=\"og:url\" content=\"https:\/\/dekopa.com.tr\/en\/moduler_standlar\/\" \/>\n<meta property=\"og:site_name\" content=\"Dekopa\" \/>\n<meta property=\"article:publisher\" content=\"https:\/\/www.facebook.com\/dekopa.com.tr\" \/>\n<meta property=\"article:modified_time\" content=\"2026-02-19T10:35:18+00:00\" \/>\n<meta property=\"og:image\" content=\"https:\/\/dekopa.com.tr\/wp-content\/uploads\/3x4-2-Moduler-fuar-standi-lightbox-stand-ledbox-stand-yurtdisi-fuar-standi-istanbul-stand.jpg\" \/>\n\t<meta property=\"og:image:width\" content=\"700\" \/>\n\t<meta property=\"og:image:height\" content=\"700\" \/>\n\t<meta property=\"og:image:type\" content=\"image\/jpeg\" \/>\n<meta name=\"twitter:card\" content=\"summary_large_image\" \/>\n<meta name=\"twitter:label1\" content=\"Est. reading time\" \/>\n\t<meta name=\"twitter:data1\" content=\"10 minutes\" \/>\n<script type=\"application\/ld+json\" class=\"yoast-schema-graph\">{\"@context\":\"https:\\\/\\\/schema.org\",\"@graph\":[{\"@type\":\"WebPage\",\"@id\":\"https:\\\/\\\/dekopa.com.tr\\\/moduler_standlar\\\/\",\"url\":\"https:\\\/\\\/dekopa.com.tr\\\/moduler_standlar\\\/\",\"name\":\"DEKOPA - HAZIR S\u0130STEM FUAR STANDLARI\",\"isPartOf\":{\"@id\":\"https:\\\/\\\/dekopa.com.tr\\\/#website\"},\"primaryImageOfPage\":{\"@id\":\"https:\\\/\\\/dekopa.com.tr\\\/moduler_standlar\\\/#primaryimage\"},\"image\":{\"@id\":\"https:\\\/\\\/dekopa.com.tr\\\/moduler_standlar\\\/#primaryimage\"},\"thumbnailUrl\":\"https:\\\/\\\/dekopa.com.tr\\\/wp-content\\\/uploads\\\/3x4-2-Moduler-fuar-standi-lightbox-stand-ledbox-stand-yurtdisi-fuar-standi-istanbul-stand.jpg\",\"datePublished\":\"2021-01-24T14:43:00+00:00\",\"dateModified\":\"2026-02-19T10:35:18+00:00\",\"description\":\"Hi\u00e7bir alet gerektirmeden tek ba\u015f\u0131n\u0131za mod\u00fcler fuar stand kurabildi\u011finizi hayal edin. Mod\u00fcler Usta gerektirmeyen Fuar Standlar\u0131-\",\"breadcrumb\":{\"@id\":\"https:\\\/\\\/dekopa.com.tr\\\/moduler_standlar\\\/#breadcrumb\"},\"inLanguage\":\"en-US\",\"potentialAction\":[{\"@type\":\"ReadAction\",\"target\":[\"https:\\\/\\\/dekopa.com.tr\\\/moduler_standlar\\\/\"]}]},{\"@type\":\"ImageObject\",\"inLanguage\":\"en-US\",\"@id\":\"https:\\\/\\\/dekopa.com.tr\\\/moduler_standlar\\\/#primaryimage\",\"url\":\"https:\\\/\\\/dekopa.com.tr\\\/wp-content\\\/uploads\\\/3x4-2-Moduler-fuar-standi-lightbox-stand-ledbox-stand-yurtdisi-fuar-standi-istanbul-stand.jpg\",\"contentUrl\":\"https:\\\/\\\/dekopa.com.tr\\\/wp-content\\\/uploads\\\/3x4-2-Moduler-fuar-standi-lightbox-stand-ledbox-stand-yurtdisi-fuar-standi-istanbul-stand.jpg\",\"width\":700,\"height\":700,\"caption\":\"3x4 2 Moduler fuar standi lightbox stand ledbox stand yurtdisi fuar standi istanbul stand\"},{\"@type\":\"BreadcrumbList\",\"@id\":\"https:\\\/\\\/dekopa.com.tr\\\/moduler_standlar\\\/#breadcrumb\",\"itemListElement\":[{\"@type\":\"ListItem\",\"position\":1,\"name\":\"Ana sayfa\",\"item\":\"https:\\\/\\\/dekopa.com.tr\\\/\"},{\"@type\":\"ListItem\",\"position\":2,\"name\":\"Mod\u00fcler Standlar\"}]},{\"@type\":\"WebSite\",\"@id\":\"https:\\\/\\\/dekopa.com.tr\\\/#website\",\"url\":\"https:\\\/\\\/dekopa.com.tr\\\/\",\"name\":\"Dekopa Dijital Bask\u0131\",\"description\":\"Lightbox Fuar Standlar\u0131\",\"publisher\":{\"@id\":\"https:\\\/\\\/dekopa.com.tr\\\/#organization\"},\"potentialAction\":[{\"@type\":\"SearchAction\",\"target\":{\"@type\":\"EntryPoint\",\"urlTemplate\":\"https:\\\/\\\/dekopa.com.tr\\\/?s={search_term_string}\"},\"query-input\":{\"@type\":\"PropertyValueSpecification\",\"valueRequired\":true,\"valueName\":\"search_term_string\"}}],\"inLanguage\":\"en-US\"},{\"@type\":\"Organization\",\"@id\":\"https:\\\/\\\/dekopa.com.tr\\\/#organization\",\"name\":\"Dekopa Display - UV Bask\u0131\",\"url\":\"https:\\\/\\\/dekopa.com.tr\\\/\",\"logo\":{\"@type\":\"ImageObject\",\"inLanguage\":\"en-US\",\"@id\":\"https:\\\/\\\/dekopa.com.tr\\\/#\\\/schema\\\/logo\\\/image\\\/\",\"url\":\"https:\\\/\\\/dekopa.com.tr\\\/wp-content\\\/uploads\\\/2020\\\/12\\\/dekopa_logo-copy-1.jpg\",\"contentUrl\":\"https:\\\/\\\/dekopa.com.tr\\\/wp-content\\\/uploads\\\/2020\\\/12\\\/dekopa_logo-copy-1.jpg\",\"width\":200,\"height\":80,\"caption\":\"Dekopa Display - UV Bask\u0131\"},\"image\":{\"@id\":\"https:\\\/\\\/dekopa.com.tr\\\/#\\\/schema\\\/logo\\\/image\\\/\"},\"sameAs\":[\"https:\\\/\\\/www.facebook.com\\\/dekopa.com.tr\",\"https:\\\/\\\/www.instagram.com\\\/dekopa_print\\\/\",\"https:\\\/\\\/tr.pinterest.com\\\/DekopaDesing\\\/\",\"https:\\\/\\\/www.youtube.com\\\/channel\\\/UCchP6AzeKOz_2L5SQ8l10mA\\\/\"]}]}<\/script>\n<!-- \/ Yoast SEO Premium plugin. -->","yoast_head_json":{"title":"DEKOPA - HAZIR S\u0130STEM FUAR STANDLARI","description":"Hi\u00e7bir alet gerektirmeden tek ba\u015f\u0131n\u0131za mod\u00fcler fuar stand kurabildi\u011finizi hayal edin. Mod\u00fcler Usta gerektirmeyen Fuar Standlar\u0131-","robots":{"index":"index","follow":"follow","max-snippet":"max-snippet:-1","max-image-preview":"max-image-preview:large","max-video-preview":"max-video-preview:-1"},"canonical":"https:\/\/dekopa.com.tr\/en\/moduler_standlar\/","og_locale":"en_US","og_type":"article","og_title":"Mod\u00fcler Standlar","og_description":"Hi\u00e7bir alet gerektirmeden tek ba\u015f\u0131n\u0131za mod\u00fcler fuar stand kurabildi\u011finizi hayal edin. Mod\u00fcler Usta gerektirmeyen Fuar Standlar\u0131-","og_url":"https:\/\/dekopa.com.tr\/en\/moduler_standlar\/","og_site_name":"Dekopa","article_publisher":"https:\/\/www.facebook.com\/dekopa.com.tr","article_modified_time":"2026-02-19T10:35:18+00:00","og_image":[{"width":700,"height":700,"url":"https:\/\/dekopa.com.tr\/wp-content\/uploads\/3x4-2-Moduler-fuar-standi-lightbox-stand-ledbox-stand-yurtdisi-fuar-standi-istanbul-stand.jpg","type":"image\/jpeg"}],"twitter_card":"summary_large_image","twitter_misc":{"Est. reading time":"10 minutes"},"schema":{"@context":"https:\/\/schema.org","@graph":[{"@type":"WebPage","@id":"https:\/\/dekopa.com.tr\/moduler_standlar\/","url":"https:\/\/dekopa.com.tr\/moduler_standlar\/","name":"DEKOPA - HAZIR S\u0130STEM FUAR STANDLARI","isPartOf":{"@id":"https:\/\/dekopa.com.tr\/#website"},"primaryImageOfPage":{"@id":"https:\/\/dekopa.com.tr\/moduler_standlar\/#primaryimage"},"image":{"@id":"https:\/\/dekopa.com.tr\/moduler_standlar\/#primaryimage"},"thumbnailUrl":"https:\/\/dekopa.com.tr\/wp-content\/uploads\/3x4-2-Moduler-fuar-standi-lightbox-stand-ledbox-stand-yurtdisi-fuar-standi-istanbul-stand.jpg","datePublished":"2021-01-24T14:43:00+00:00","dateModified":"2026-02-19T10:35:18+00:00","description":"Hi\u00e7bir alet gerektirmeden tek ba\u015f\u0131n\u0131za mod\u00fcler fuar stand kurabildi\u011finizi hayal edin. Mod\u00fcler Usta gerektirmeyen Fuar Standlar\u0131-","breadcrumb":{"@id":"https:\/\/dekopa.com.tr\/moduler_standlar\/#breadcrumb"},"inLanguage":"en-US","potentialAction":[{"@type":"ReadAction","target":["https:\/\/dekopa.com.tr\/moduler_standlar\/"]}]},{"@type":"ImageObject","inLanguage":"en-US","@id":"https:\/\/dekopa.com.tr\/moduler_standlar\/#primaryimage","url":"https:\/\/dekopa.com.tr\/wp-content\/uploads\/3x4-2-Moduler-fuar-standi-lightbox-stand-ledbox-stand-yurtdisi-fuar-standi-istanbul-stand.jpg","contentUrl":"https:\/\/dekopa.com.tr\/wp-content\/uploads\/3x4-2-Moduler-fuar-standi-lightbox-stand-ledbox-stand-yurtdisi-fuar-standi-istanbul-stand.jpg","width":700,"height":700,"caption":"3x4 2 Moduler fuar standi lightbox stand ledbox stand yurtdisi fuar standi istanbul stand"},{"@type":"BreadcrumbList","@id":"https:\/\/dekopa.com.tr\/moduler_standlar\/#breadcrumb","itemListElement":[{"@type":"ListItem","position":1,"name":"Ana sayfa","item":"https:\/\/dekopa.com.tr\/"},{"@type":"ListItem","position":2,"name":"Mod\u00fcler Standlar"}]},{"@type":"WebSite","@id":"https:\/\/dekopa.com.tr\/#website","url":"https:\/\/dekopa.com.tr\/","name":"Dekopa Dijital Bask\u0131","description":"Lightbox Fuar Standlar\u0131","publisher":{"@id":"https:\/\/dekopa.com.tr\/#organization"},"potentialAction":[{"@type":"SearchAction","target":{"@type":"EntryPoint","urlTemplate":"https:\/\/dekopa.com.tr\/?s={search_term_string}"},"query-input":{"@type":"PropertyValueSpecification","valueRequired":true,"valueName":"search_term_string"}}],"inLanguage":"en-US"},{"@type":"Organization","@id":"https:\/\/dekopa.com.tr\/#organization","name":"Dekopa Display - UV Bask\u0131","url":"https:\/\/dekopa.com.tr\/","logo":{"@type":"ImageObject","inLanguage":"en-US","@id":"https:\/\/dekopa.com.tr\/#\/schema\/logo\/image\/","url":"https:\/\/dekopa.com.tr\/wp-content\/uploads\/2020\/12\/dekopa_logo-copy-1.jpg","contentUrl":"https:\/\/dekopa.com.tr\/wp-content\/uploads\/2020\/12\/dekopa_logo-copy-1.jpg","width":200,"height":80,"caption":"Dekopa Display - UV Bask\u0131"},"image":{"@id":"https:\/\/dekopa.com.tr\/#\/schema\/logo\/image\/"},"sameAs":["https:\/\/www.facebook.com\/dekopa.com.tr","https:\/\/www.instagram.com\/dekopa_print\/","https:\/\/tr.pinterest.com\/DekopaDesing\/","https:\/\/www.youtube.com\/channel\/UCchP6AzeKOz_2L5SQ8l10mA\/"]}]}},"_links":{"self":[{"href":"https:\/\/dekopa.com.tr\/en\/wp-json\/wp\/v2\/pages\/5537","targetHints":{"allow":["GET"]}}],"collection":[{"href":"https:\/\/dekopa.com.tr\/en\/wp-json\/wp\/v2\/pages"}],"about":[{"href":"https:\/\/dekopa.com.tr\/en\/wp-json\/wp\/v2\/types\/page"}],"author":[{"embeddable":true,"href":"https:\/\/dekopa.com.tr\/en\/wp-json\/wp\/v2\/users\/1"}],"replies":[{"embeddable":true,"href":"https:\/\/dekopa.com.tr\/en\/wp-json\/wp\/v2\/comments?post=5537"}],"version-history":[{"count":1,"href":"https:\/\/dekopa.com.tr\/en\/wp-json\/wp\/v2\/pages\/5537\/revisions"}],"predecessor-version":[{"id":11915,"href":"https:\/\/dekopa.com.tr\/en\/wp-json\/wp\/v2\/pages\/5537\/revisions\/11915"}],"wp:featuredmedia":[{"embeddable":true,"href":"https:\/\/dekopa.com.tr\/en\/wp-json\/wp\/v2\/media\/5566"}],"wp:attachment":[{"href":"https:\/\/dekopa.com.tr\/en\/wp-json\/wp\/v2\/media?parent=5537"}],"curies":[{"name":"wp","href":"https:\/\/api.w.org\/{rel}","templated":true}]}}