{"id":5224,"date":"2021-01-18T07:48:17","date_gmt":"2021-01-18T04:48:17","guid":{"rendered":"https:\/\/dekopa.com.tr\/?page_id=5224"},"modified":"2023-03-02T15:17:23","modified_gmt":"2023-03-02T12:17:23","slug":"moduler-sahne-arkasi-lightbox-hizmet","status":"publish","type":"page","link":"https:\/\/dekopa.com.tr\/en\/moduler-sahne-arkasi-lightbox-hizmet\/","title":{"rendered":"MODULER SAHNE ARKASI"},"content":{"rendered":"","protected":false},"excerpt":{"rendered":"","protected":false},"author":1,"featured_media":5225,"parent":0,"menu_order":0,"comment_status":"closed","ping_status":"closed","template":"","meta":{"footnotes":""},"class_list":["post-5224","page","type-page","status-publish","has-post-thumbnail","hentry","prodpage-style2"],"yoast_head":"<!-- This site is optimized with the Yoast SEO Premium plugin v25.1 (Yoast SEO v27.4) - https:\/\/yoast.com\/product\/yoast-seo-premium-wordpress\/ -->\n<title>MODULER SAHNE ARKASI - Backdrop Kirala - Sat\u0131n al | Dekopa<\/title>\n<meta name=\"description\" content=\"Mod\u00fcler Backdrop Sahne Arkas\u0131 Sistemleri iste\u011finize g\u00f6re \u00fcretti\u011fimiz sahne arkas\u0131 lightbox panellerinizle g\u00f6rsel bir \u00e7ekicilik kazan\u0131n.\" \/>\n<meta name=\"robots\" content=\"index, follow, max-snippet:-1, max-image-preview:large, max-video-preview:-1\" \/>\n<link rel=\"canonical\" href=\"https:\/\/dekopa.com.tr\/en\/moduler-sahne-arkasi-lightbox-hizmet\/\" \/>\n<meta property=\"og:locale\" content=\"en_US\" \/>\n<meta property=\"og:type\" content=\"article\" \/>\n<meta property=\"og:title\" content=\"MODULER SAHNE ARKASI\" \/>\n<meta property=\"og:description\" content=\"Mod\u00fcler Backdrop Sahne Arkas\u0131 Sistemleri iste\u011finize g\u00f6re \u00fcretti\u011fimiz sahne arkas\u0131 lightbox panellerinizle g\u00f6rsel bir \u00e7ekicilik kazan\u0131n.\" \/>\n<meta property=\"og:url\" content=\"https:\/\/dekopa.com.tr\/en\/moduler-sahne-arkasi-lightbox-hizmet\/\" \/>\n<meta property=\"og:site_name\" content=\"Dekopa\" \/>\n<meta property=\"article:publisher\" content=\"https:\/\/www.facebook.com\/dekopa.com.tr\" \/>\n<meta property=\"article:modified_time\" content=\"2023-03-02T12:17:23+00:00\" \/>\n<meta property=\"og:image\" content=\"https:\/\/dekopa.com.tr\/wp-content\/uploads\/2021\/01\/moduler_sahne_arkasi_lightbox_pano_backdrop_sahne1_istanbul_backdrop_sahne-13.jpg\" \/>\n\t<meta property=\"og:image:width\" content=\"900\" \/>\n\t<meta property=\"og:image:height\" content=\"601\" \/>\n\t<meta property=\"og:image:type\" content=\"image\/jpeg\" \/>\n<meta name=\"twitter:card\" content=\"summary_large_image\" \/>\n<script type=\"application\/ld+json\" class=\"yoast-schema-graph\">{\"@context\":\"https:\\\/\\\/schema.org\",\"@graph\":[{\"@type\":\"WebPage\",\"@id\":\"https:\\\/\\\/dekopa.com.tr\\\/moduler-sahne-arkasi-lightbox-hizmet\\\/\",\"url\":\"https:\\\/\\\/dekopa.com.tr\\\/moduler-sahne-arkasi-lightbox-hizmet\\\/\",\"name\":\"MODULER SAHNE ARKASI - Backdrop Kirala - Sat\u0131n al | Dekopa\",\"isPartOf\":{\"@id\":\"https:\\\/\\\/dekopa.com.tr\\\/#website\"},\"primaryImageOfPage\":{\"@id\":\"https:\\\/\\\/dekopa.com.tr\\\/moduler-sahne-arkasi-lightbox-hizmet\\\/#primaryimage\"},\"image\":{\"@id\":\"https:\\\/\\\/dekopa.com.tr\\\/moduler-sahne-arkasi-lightbox-hizmet\\\/#primaryimage\"},\"thumbnailUrl\":\"https:\\\/\\\/dekopa.com.tr\\\/wp-content\\\/uploads\\\/2021\\\/01\\\/moduler_sahne_arkasi_lightbox_pano_backdrop_sahne.jpg\",\"datePublished\":\"2021-01-18T04:48:17+00:00\",\"dateModified\":\"2023-03-02T12:17:23+00:00\",\"description\":\"Mod\u00fcler Backdrop Sahne Arkas\u0131 Sistemleri iste\u011finize g\u00f6re \u00fcretti\u011fimiz sahne arkas\u0131 lightbox panellerinizle g\u00f6rsel bir \u00e7ekicilik kazan\u0131n.\",\"breadcrumb\":{\"@id\":\"https:\\\/\\\/dekopa.com.tr\\\/moduler-sahne-arkasi-lightbox-hizmet\\\/#breadcrumb\"},\"inLanguage\":\"en-US\",\"potentialAction\":[{\"@type\":\"ReadAction\",\"target\":[\"https:\\\/\\\/dekopa.com.tr\\\/moduler-sahne-arkasi-lightbox-hizmet\\\/\"]}]},{\"@type\":\"ImageObject\",\"inLanguage\":\"en-US\",\"@id\":\"https:\\\/\\\/dekopa.com.tr\\\/moduler-sahne-arkasi-lightbox-hizmet\\\/#primaryimage\",\"url\":\"https:\\\/\\\/dekopa.com.tr\\\/wp-content\\\/uploads\\\/2021\\\/01\\\/moduler_sahne_arkasi_lightbox_pano_backdrop_sahne.jpg\",\"contentUrl\":\"https:\\\/\\\/dekopa.com.tr\\\/wp-content\\\/uploads\\\/2021\\\/01\\\/moduler_sahne_arkasi_lightbox_pano_backdrop_sahne.jpg\",\"width\":1108,\"height\":831,\"caption\":\"moduler sahne arkasi lightbox pano backdrop sahne\"},{\"@type\":\"BreadcrumbList\",\"@id\":\"https:\\\/\\\/dekopa.com.tr\\\/moduler-sahne-arkasi-lightbox-hizmet\\\/#breadcrumb\",\"itemListElement\":[{\"@type\":\"ListItem\",\"position\":1,\"name\":\"Ana sayfa\",\"item\":\"https:\\\/\\\/dekopa.com.tr\\\/\"},{\"@type\":\"ListItem\",\"position\":2,\"name\":\"MODULER SAHNE ARKASI\"}]},{\"@type\":\"WebSite\",\"@id\":\"https:\\\/\\\/dekopa.com.tr\\\/#website\",\"url\":\"https:\\\/\\\/dekopa.com.tr\\\/\",\"name\":\"Dekopa Dijital Bask\u0131\",\"description\":\"Lightbox Fuar Standlar\u0131\",\"publisher\":{\"@id\":\"https:\\\/\\\/dekopa.com.tr\\\/#organization\"},\"potentialAction\":[{\"@type\":\"SearchAction\",\"target\":{\"@type\":\"EntryPoint\",\"urlTemplate\":\"https:\\\/\\\/dekopa.com.tr\\\/?s={search_term_string}\"},\"query-input\":{\"@type\":\"PropertyValueSpecification\",\"valueRequired\":true,\"valueName\":\"search_term_string\"}}],\"inLanguage\":\"en-US\"},{\"@type\":\"Organization\",\"@id\":\"https:\\\/\\\/dekopa.com.tr\\\/#organization\",\"name\":\"Dekopa Display - UV Bask\u0131\",\"url\":\"https:\\\/\\\/dekopa.com.tr\\\/\",\"logo\":{\"@type\":\"ImageObject\",\"inLanguage\":\"en-US\",\"@id\":\"https:\\\/\\\/dekopa.com.tr\\\/#\\\/schema\\\/logo\\\/image\\\/\",\"url\":\"https:\\\/\\\/dekopa.com.tr\\\/wp-content\\\/uploads\\\/2020\\\/12\\\/dekopa_logo-copy-1.jpg\",\"contentUrl\":\"https:\\\/\\\/dekopa.com.tr\\\/wp-content\\\/uploads\\\/2020\\\/12\\\/dekopa_logo-copy-1.jpg\",\"width\":200,\"height\":80,\"caption\":\"Dekopa Display - UV Bask\u0131\"},\"image\":{\"@id\":\"https:\\\/\\\/dekopa.com.tr\\\/#\\\/schema\\\/logo\\\/image\\\/\"},\"sameAs\":[\"https:\\\/\\\/www.facebook.com\\\/dekopa.com.tr\",\"https:\\\/\\\/www.instagram.com\\\/dekopa_print\\\/\",\"https:\\\/\\\/tr.pinterest.com\\\/DekopaDesing\\\/\",\"https:\\\/\\\/www.youtube.com\\\/channel\\\/UCchP6AzeKOz_2L5SQ8l10mA\\\/\"]}]}<\/script>\n<!-- \/ Yoast SEO Premium plugin. -->","yoast_head_json":{"title":"MODULER SAHNE ARKASI - Backdrop Kirala - Sat\u0131n al | Dekopa","description":"Mod\u00fcler Backdrop Sahne Arkas\u0131 Sistemleri iste\u011finize g\u00f6re \u00fcretti\u011fimiz sahne arkas\u0131 lightbox panellerinizle g\u00f6rsel bir \u00e7ekicilik kazan\u0131n.","robots":{"index":"index","follow":"follow","max-snippet":"max-snippet:-1","max-image-preview":"max-image-preview:large","max-video-preview":"max-video-preview:-1"},"canonical":"https:\/\/dekopa.com.tr\/en\/moduler-sahne-arkasi-lightbox-hizmet\/","og_locale":"en_US","og_type":"article","og_title":"MODULER SAHNE ARKASI","og_description":"Mod\u00fcler Backdrop Sahne Arkas\u0131 Sistemleri iste\u011finize g\u00f6re \u00fcretti\u011fimiz sahne arkas\u0131 lightbox panellerinizle g\u00f6rsel bir \u00e7ekicilik kazan\u0131n.","og_url":"https:\/\/dekopa.com.tr\/en\/moduler-sahne-arkasi-lightbox-hizmet\/","og_site_name":"Dekopa","article_publisher":"https:\/\/www.facebook.com\/dekopa.com.tr","article_modified_time":"2023-03-02T12:17:23+00:00","og_image":[{"width":900,"height":601,"url":"https:\/\/dekopa.com.tr\/wp-content\/uploads\/2021\/01\/moduler_sahne_arkasi_lightbox_pano_backdrop_sahne1_istanbul_backdrop_sahne-13.jpg","type":"image\/jpeg"}],"twitter_card":"summary_large_image","schema":{"@context":"https:\/\/schema.org","@graph":[{"@type":"WebPage","@id":"https:\/\/dekopa.com.tr\/moduler-sahne-arkasi-lightbox-hizmet\/","url":"https:\/\/dekopa.com.tr\/moduler-sahne-arkasi-lightbox-hizmet\/","name":"MODULER SAHNE ARKASI - Backdrop Kirala - Sat\u0131n al | Dekopa","isPartOf":{"@id":"https:\/\/dekopa.com.tr\/#website"},"primaryImageOfPage":{"@id":"https:\/\/dekopa.com.tr\/moduler-sahne-arkasi-lightbox-hizmet\/#primaryimage"},"image":{"@id":"https:\/\/dekopa.com.tr\/moduler-sahne-arkasi-lightbox-hizmet\/#primaryimage"},"thumbnailUrl":"https:\/\/dekopa.com.tr\/wp-content\/uploads\/2021\/01\/moduler_sahne_arkasi_lightbox_pano_backdrop_sahne.jpg","datePublished":"2021-01-18T04:48:17+00:00","dateModified":"2023-03-02T12:17:23+00:00","description":"Mod\u00fcler Backdrop Sahne Arkas\u0131 Sistemleri iste\u011finize g\u00f6re \u00fcretti\u011fimiz sahne arkas\u0131 lightbox panellerinizle g\u00f6rsel bir \u00e7ekicilik kazan\u0131n.","breadcrumb":{"@id":"https:\/\/dekopa.com.tr\/moduler-sahne-arkasi-lightbox-hizmet\/#breadcrumb"},"inLanguage":"en-US","potentialAction":[{"@type":"ReadAction","target":["https:\/\/dekopa.com.tr\/moduler-sahne-arkasi-lightbox-hizmet\/"]}]},{"@type":"ImageObject","inLanguage":"en-US","@id":"https:\/\/dekopa.com.tr\/moduler-sahne-arkasi-lightbox-hizmet\/#primaryimage","url":"https:\/\/dekopa.com.tr\/wp-content\/uploads\/2021\/01\/moduler_sahne_arkasi_lightbox_pano_backdrop_sahne.jpg","contentUrl":"https:\/\/dekopa.com.tr\/wp-content\/uploads\/2021\/01\/moduler_sahne_arkasi_lightbox_pano_backdrop_sahne.jpg","width":1108,"height":831,"caption":"moduler sahne arkasi lightbox pano backdrop sahne"},{"@type":"BreadcrumbList","@id":"https:\/\/dekopa.com.tr\/moduler-sahne-arkasi-lightbox-hizmet\/#breadcrumb","itemListElement":[{"@type":"ListItem","position":1,"name":"Ana sayfa","item":"https:\/\/dekopa.com.tr\/"},{"@type":"ListItem","position":2,"name":"MODULER SAHNE ARKASI"}]},{"@type":"WebSite","@id":"https:\/\/dekopa.com.tr\/#website","url":"https:\/\/dekopa.com.tr\/","name":"Dekopa Dijital Bask\u0131","description":"Lightbox Fuar Standlar\u0131","publisher":{"@id":"https:\/\/dekopa.com.tr\/#organization"},"potentialAction":[{"@type":"SearchAction","target":{"@type":"EntryPoint","urlTemplate":"https:\/\/dekopa.com.tr\/?s={search_term_string}"},"query-input":{"@type":"PropertyValueSpecification","valueRequired":true,"valueName":"search_term_string"}}],"inLanguage":"en-US"},{"@type":"Organization","@id":"https:\/\/dekopa.com.tr\/#organization","name":"Dekopa Display - UV Bask\u0131","url":"https:\/\/dekopa.com.tr\/","logo":{"@type":"ImageObject","inLanguage":"en-US","@id":"https:\/\/dekopa.com.tr\/#\/schema\/logo\/image\/","url":"https:\/\/dekopa.com.tr\/wp-content\/uploads\/2020\/12\/dekopa_logo-copy-1.jpg","contentUrl":"https:\/\/dekopa.com.tr\/wp-content\/uploads\/2020\/12\/dekopa_logo-copy-1.jpg","width":200,"height":80,"caption":"Dekopa Display - UV Bask\u0131"},"image":{"@id":"https:\/\/dekopa.com.tr\/#\/schema\/logo\/image\/"},"sameAs":["https:\/\/www.facebook.com\/dekopa.com.tr","https:\/\/www.instagram.com\/dekopa_print\/","https:\/\/tr.pinterest.com\/DekopaDesing\/","https:\/\/www.youtube.com\/channel\/UCchP6AzeKOz_2L5SQ8l10mA\/"]}]}},"_links":{"self":[{"href":"https:\/\/dekopa.com.tr\/en\/wp-json\/wp\/v2\/pages\/5224","targetHints":{"allow":["GET"]}}],"collection":[{"href":"https:\/\/dekopa.com.tr\/en\/wp-json\/wp\/v2\/pages"}],"about":[{"href":"https:\/\/dekopa.com.tr\/en\/wp-json\/wp\/v2\/types\/page"}],"author":[{"embeddable":true,"href":"https:\/\/dekopa.com.tr\/en\/wp-json\/wp\/v2\/users\/1"}],"replies":[{"embeddable":true,"href":"https:\/\/dekopa.com.tr\/en\/wp-json\/wp\/v2\/comments?post=5224"}],"version-history":[{"count":0,"href":"https:\/\/dekopa.com.tr\/en\/wp-json\/wp\/v2\/pages\/5224\/revisions"}],"wp:featuredmedia":[{"embeddable":true,"href":"https:\/\/dekopa.com.tr\/en\/wp-json\/wp\/v2\/media\/5225"}],"wp:attachment":[{"href":"https:\/\/dekopa.com.tr\/en\/wp-json\/wp\/v2\/media?parent=5224"}],"curies":[{"name":"wp","href":"https:\/\/api.w.org\/{rel}","templated":true}]}}