{"id":5212,"date":"2021-01-18T07:24:41","date_gmt":"2021-01-18T04:24:41","guid":{"rendered":"https:\/\/dekopa.com.tr\/?page_id=5212"},"modified":"2023-03-02T14:24:20","modified_gmt":"2023-03-02T11:24:20","slug":"ledbox-lightbox-tekstilbox-ledframe","status":"publish","type":"page","link":"https:\/\/dekopa.com.tr\/en\/ledbox-lightbox-tekstilbox-ledframe\/","title":{"rendered":"MODULER LIGHTBOX"},"content":{"rendered":"","protected":false},"excerpt":{"rendered":"","protected":false},"author":1,"featured_media":5219,"parent":0,"menu_order":0,"comment_status":"closed","ping_status":"closed","template":"","meta":{"footnotes":""},"class_list":["post-5212","page","type-page","status-publish","has-post-thumbnail","hentry","prodpage-style2"],"yoast_head":"<!-- This site is optimized with the Yoast SEO Premium plugin v25.1 (Yoast SEO v27.4) - https:\/\/yoast.com\/product\/yoast-seo-premium-wordpress\/ -->\n<title>MODULER LIGHTBOX - Mod\u00fcler Ledbox - Lightbox - Tekstilbox | Dekopa<\/title>\n<meta name=\"description\" content=\"Aletsiz kurulum, Usta gerektirmez, \u0131\u015f\u0131kl\u0131 Ledbox ve \u0131\u015f\u0131ks\u0131z alternatifleriyle t\u00fcm organizasyonlar\u0131n\u0131zda defalarca kuruluma uygundur\" \/>\n<meta name=\"robots\" content=\"index, follow, max-snippet:-1, max-image-preview:large, max-video-preview:-1\" \/>\n<link rel=\"canonical\" href=\"https:\/\/dekopa.com.tr\/en\/ledbox-lightbox-tekstilbox-ledframe\/\" \/>\n<meta property=\"og:locale\" content=\"en_US\" \/>\n<meta property=\"og:type\" content=\"article\" \/>\n<meta property=\"og:title\" content=\"MODULER LIGHTBOX\" \/>\n<meta property=\"og:description\" content=\"Aletsiz kurulum, Usta gerektirmez, \u0131\u015f\u0131kl\u0131 Ledbox ve \u0131\u015f\u0131ks\u0131z alternatifleriyle t\u00fcm organizasyonlar\u0131n\u0131zda defalarca kuruluma uygundur\" \/>\n<meta property=\"og:url\" content=\"https:\/\/dekopa.com.tr\/en\/ledbox-lightbox-tekstilbox-ledframe\/\" \/>\n<meta property=\"og:site_name\" content=\"Dekopa\" \/>\n<meta property=\"article:publisher\" content=\"https:\/\/www.facebook.com\/dekopa.com.tr\" \/>\n<meta property=\"article:modified_time\" content=\"2023-03-02T11:24:20+00:00\" \/>\n<meta property=\"og:image\" content=\"https:\/\/dekopa.com.tr\/wp-content\/uploads\/2020\/02\/t3-modular-stand-sistemi-120X240-dekopa-1.png\" \/>\n\t<meta property=\"og:image:width\" content=\"545\" \/>\n\t<meta property=\"og:image:height\" content=\"545\" \/>\n\t<meta property=\"og:image:type\" content=\"image\/png\" \/>\n<meta name=\"twitter:card\" content=\"summary_large_image\" \/>\n<meta name=\"twitter:image\" content=\"https:\/\/dekopa.com.tr\/wp-content\/uploads\/2020\/02\/t3-modular-stand-sistemi-240x240-120x240-100x100-dekopa-1.png\" \/>\n<script type=\"application\/ld+json\" class=\"yoast-schema-graph\">{\"@context\":\"https:\\\/\\\/schema.org\",\"@graph\":[{\"@type\":\"WebPage\",\"@id\":\"https:\\\/\\\/dekopa.com.tr\\\/ledbox-lightbox-tekstilbox-ledframe\\\/\",\"url\":\"https:\\\/\\\/dekopa.com.tr\\\/ledbox-lightbox-tekstilbox-ledframe\\\/\",\"name\":\"MODULER LIGHTBOX - Mod\u00fcler Ledbox - Lightbox - Tekstilbox | Dekopa\",\"isPartOf\":{\"@id\":\"https:\\\/\\\/dekopa.com.tr\\\/#website\"},\"primaryImageOfPage\":{\"@id\":\"https:\\\/\\\/dekopa.com.tr\\\/ledbox-lightbox-tekstilbox-ledframe\\\/#primaryimage\"},\"image\":{\"@id\":\"https:\\\/\\\/dekopa.com.tr\\\/ledbox-lightbox-tekstilbox-ledframe\\\/#primaryimage\"},\"thumbnailUrl\":\"https:\\\/\\\/dekopa.com.tr\\\/wp-content\\\/uploads\\\/2021\\\/01\\\/moduler_lightbox_ledbox_tekstilebox_pano_reklam_isikli_pano_reklam_istanbul-6.jpg\",\"datePublished\":\"2021-01-18T04:24:41+00:00\",\"dateModified\":\"2023-03-02T11:24:20+00:00\",\"description\":\"Aletsiz kurulum, Usta gerektirmez, \u0131\u015f\u0131kl\u0131 Ledbox ve \u0131\u015f\u0131ks\u0131z alternatifleriyle t\u00fcm organizasyonlar\u0131n\u0131zda defalarca kuruluma uygundur\",\"breadcrumb\":{\"@id\":\"https:\\\/\\\/dekopa.com.tr\\\/ledbox-lightbox-tekstilbox-ledframe\\\/#breadcrumb\"},\"inLanguage\":\"en-US\",\"potentialAction\":[{\"@type\":\"ReadAction\",\"target\":[\"https:\\\/\\\/dekopa.com.tr\\\/ledbox-lightbox-tekstilbox-ledframe\\\/\"]}]},{\"@type\":\"ImageObject\",\"inLanguage\":\"en-US\",\"@id\":\"https:\\\/\\\/dekopa.com.tr\\\/ledbox-lightbox-tekstilbox-ledframe\\\/#primaryimage\",\"url\":\"https:\\\/\\\/dekopa.com.tr\\\/wp-content\\\/uploads\\\/2021\\\/01\\\/moduler_lightbox_ledbox_tekstilebox_pano_reklam_isikli_pano_reklam_istanbul-6.jpg\",\"contentUrl\":\"https:\\\/\\\/dekopa.com.tr\\\/wp-content\\\/uploads\\\/2021\\\/01\\\/moduler_lightbox_ledbox_tekstilebox_pano_reklam_isikli_pano_reklam_istanbul-6.jpg\",\"width\":1200,\"height\":1600,\"caption\":\"moduler lightbox ledbox tekstilebox pano reklam isikli pano reklam istanbul 6\"},{\"@type\":\"BreadcrumbList\",\"@id\":\"https:\\\/\\\/dekopa.com.tr\\\/ledbox-lightbox-tekstilbox-ledframe\\\/#breadcrumb\",\"itemListElement\":[{\"@type\":\"ListItem\",\"position\":1,\"name\":\"Ana sayfa\",\"item\":\"https:\\\/\\\/dekopa.com.tr\\\/\"},{\"@type\":\"ListItem\",\"position\":2,\"name\":\"MODULER LIGHTBOX\"}]},{\"@type\":\"WebSite\",\"@id\":\"https:\\\/\\\/dekopa.com.tr\\\/#website\",\"url\":\"https:\\\/\\\/dekopa.com.tr\\\/\",\"name\":\"Dekopa Dijital Bask\u0131\",\"description\":\"Lightbox Fuar Standlar\u0131\",\"publisher\":{\"@id\":\"https:\\\/\\\/dekopa.com.tr\\\/#organization\"},\"potentialAction\":[{\"@type\":\"SearchAction\",\"target\":{\"@type\":\"EntryPoint\",\"urlTemplate\":\"https:\\\/\\\/dekopa.com.tr\\\/?s={search_term_string}\"},\"query-input\":{\"@type\":\"PropertyValueSpecification\",\"valueRequired\":true,\"valueName\":\"search_term_string\"}}],\"inLanguage\":\"en-US\"},{\"@type\":\"Organization\",\"@id\":\"https:\\\/\\\/dekopa.com.tr\\\/#organization\",\"name\":\"Dekopa Display - UV Bask\u0131\",\"url\":\"https:\\\/\\\/dekopa.com.tr\\\/\",\"logo\":{\"@type\":\"ImageObject\",\"inLanguage\":\"en-US\",\"@id\":\"https:\\\/\\\/dekopa.com.tr\\\/#\\\/schema\\\/logo\\\/image\\\/\",\"url\":\"https:\\\/\\\/dekopa.com.tr\\\/wp-content\\\/uploads\\\/2020\\\/12\\\/dekopa_logo-copy-1.jpg\",\"contentUrl\":\"https:\\\/\\\/dekopa.com.tr\\\/wp-content\\\/uploads\\\/2020\\\/12\\\/dekopa_logo-copy-1.jpg\",\"width\":200,\"height\":80,\"caption\":\"Dekopa Display - UV Bask\u0131\"},\"image\":{\"@id\":\"https:\\\/\\\/dekopa.com.tr\\\/#\\\/schema\\\/logo\\\/image\\\/\"},\"sameAs\":[\"https:\\\/\\\/www.facebook.com\\\/dekopa.com.tr\",\"https:\\\/\\\/www.instagram.com\\\/dekopa_print\\\/\",\"https:\\\/\\\/tr.pinterest.com\\\/DekopaDesing\\\/\",\"https:\\\/\\\/www.youtube.com\\\/channel\\\/UCchP6AzeKOz_2L5SQ8l10mA\\\/\"]}]}<\/script>\n<!-- \/ Yoast SEO Premium plugin. -->","yoast_head_json":{"title":"MODULER LIGHTBOX - Mod\u00fcler Ledbox - Lightbox - Tekstilbox | Dekopa","description":"Aletsiz kurulum, Usta gerektirmez, \u0131\u015f\u0131kl\u0131 Ledbox ve \u0131\u015f\u0131ks\u0131z alternatifleriyle t\u00fcm organizasyonlar\u0131n\u0131zda defalarca kuruluma uygundur","robots":{"index":"index","follow":"follow","max-snippet":"max-snippet:-1","max-image-preview":"max-image-preview:large","max-video-preview":"max-video-preview:-1"},"canonical":"https:\/\/dekopa.com.tr\/en\/ledbox-lightbox-tekstilbox-ledframe\/","og_locale":"en_US","og_type":"article","og_title":"MODULER LIGHTBOX","og_description":"Aletsiz kurulum, Usta gerektirmez, \u0131\u015f\u0131kl\u0131 Ledbox ve \u0131\u015f\u0131ks\u0131z alternatifleriyle t\u00fcm organizasyonlar\u0131n\u0131zda defalarca kuruluma uygundur","og_url":"https:\/\/dekopa.com.tr\/en\/ledbox-lightbox-tekstilbox-ledframe\/","og_site_name":"Dekopa","article_publisher":"https:\/\/www.facebook.com\/dekopa.com.tr","article_modified_time":"2023-03-02T11:24:20+00:00","og_image":[{"width":545,"height":545,"url":"https:\/\/dekopa.com.tr\/wp-content\/uploads\/2020\/02\/t3-modular-stand-sistemi-120X240-dekopa-1.png","type":"image\/png"}],"twitter_card":"summary_large_image","twitter_image":"https:\/\/dekopa.com.tr\/wp-content\/uploads\/2020\/02\/t3-modular-stand-sistemi-240x240-120x240-100x100-dekopa-1.png","schema":{"@context":"https:\/\/schema.org","@graph":[{"@type":"WebPage","@id":"https:\/\/dekopa.com.tr\/ledbox-lightbox-tekstilbox-ledframe\/","url":"https:\/\/dekopa.com.tr\/ledbox-lightbox-tekstilbox-ledframe\/","name":"MODULER LIGHTBOX - Mod\u00fcler Ledbox - Lightbox - Tekstilbox | Dekopa","isPartOf":{"@id":"https:\/\/dekopa.com.tr\/#website"},"primaryImageOfPage":{"@id":"https:\/\/dekopa.com.tr\/ledbox-lightbox-tekstilbox-ledframe\/#primaryimage"},"image":{"@id":"https:\/\/dekopa.com.tr\/ledbox-lightbox-tekstilbox-ledframe\/#primaryimage"},"thumbnailUrl":"https:\/\/dekopa.com.tr\/wp-content\/uploads\/2021\/01\/moduler_lightbox_ledbox_tekstilebox_pano_reklam_isikli_pano_reklam_istanbul-6.jpg","datePublished":"2021-01-18T04:24:41+00:00","dateModified":"2023-03-02T11:24:20+00:00","description":"Aletsiz kurulum, Usta gerektirmez, \u0131\u015f\u0131kl\u0131 Ledbox ve \u0131\u015f\u0131ks\u0131z alternatifleriyle t\u00fcm organizasyonlar\u0131n\u0131zda defalarca kuruluma uygundur","breadcrumb":{"@id":"https:\/\/dekopa.com.tr\/ledbox-lightbox-tekstilbox-ledframe\/#breadcrumb"},"inLanguage":"en-US","potentialAction":[{"@type":"ReadAction","target":["https:\/\/dekopa.com.tr\/ledbox-lightbox-tekstilbox-ledframe\/"]}]},{"@type":"ImageObject","inLanguage":"en-US","@id":"https:\/\/dekopa.com.tr\/ledbox-lightbox-tekstilbox-ledframe\/#primaryimage","url":"https:\/\/dekopa.com.tr\/wp-content\/uploads\/2021\/01\/moduler_lightbox_ledbox_tekstilebox_pano_reklam_isikli_pano_reklam_istanbul-6.jpg","contentUrl":"https:\/\/dekopa.com.tr\/wp-content\/uploads\/2021\/01\/moduler_lightbox_ledbox_tekstilebox_pano_reklam_isikli_pano_reklam_istanbul-6.jpg","width":1200,"height":1600,"caption":"moduler lightbox ledbox tekstilebox pano reklam isikli pano reklam istanbul 6"},{"@type":"BreadcrumbList","@id":"https:\/\/dekopa.com.tr\/ledbox-lightbox-tekstilbox-ledframe\/#breadcrumb","itemListElement":[{"@type":"ListItem","position":1,"name":"Ana sayfa","item":"https:\/\/dekopa.com.tr\/"},{"@type":"ListItem","position":2,"name":"MODULER LIGHTBOX"}]},{"@type":"WebSite","@id":"https:\/\/dekopa.com.tr\/#website","url":"https:\/\/dekopa.com.tr\/","name":"Dekopa Dijital Bask\u0131","description":"Lightbox Fuar Standlar\u0131","publisher":{"@id":"https:\/\/dekopa.com.tr\/#organization"},"potentialAction":[{"@type":"SearchAction","target":{"@type":"EntryPoint","urlTemplate":"https:\/\/dekopa.com.tr\/?s={search_term_string}"},"query-input":{"@type":"PropertyValueSpecification","valueRequired":true,"valueName":"search_term_string"}}],"inLanguage":"en-US"},{"@type":"Organization","@id":"https:\/\/dekopa.com.tr\/#organization","name":"Dekopa Display - UV Bask\u0131","url":"https:\/\/dekopa.com.tr\/","logo":{"@type":"ImageObject","inLanguage":"en-US","@id":"https:\/\/dekopa.com.tr\/#\/schema\/logo\/image\/","url":"https:\/\/dekopa.com.tr\/wp-content\/uploads\/2020\/12\/dekopa_logo-copy-1.jpg","contentUrl":"https:\/\/dekopa.com.tr\/wp-content\/uploads\/2020\/12\/dekopa_logo-copy-1.jpg","width":200,"height":80,"caption":"Dekopa Display - UV Bask\u0131"},"image":{"@id":"https:\/\/dekopa.com.tr\/#\/schema\/logo\/image\/"},"sameAs":["https:\/\/www.facebook.com\/dekopa.com.tr","https:\/\/www.instagram.com\/dekopa_print\/","https:\/\/tr.pinterest.com\/DekopaDesing\/","https:\/\/www.youtube.com\/channel\/UCchP6AzeKOz_2L5SQ8l10mA\/"]}]}},"_links":{"self":[{"href":"https:\/\/dekopa.com.tr\/en\/wp-json\/wp\/v2\/pages\/5212","targetHints":{"allow":["GET"]}}],"collection":[{"href":"https:\/\/dekopa.com.tr\/en\/wp-json\/wp\/v2\/pages"}],"about":[{"href":"https:\/\/dekopa.com.tr\/en\/wp-json\/wp\/v2\/types\/page"}],"author":[{"embeddable":true,"href":"https:\/\/dekopa.com.tr\/en\/wp-json\/wp\/v2\/users\/1"}],"replies":[{"embeddable":true,"href":"https:\/\/dekopa.com.tr\/en\/wp-json\/wp\/v2\/comments?post=5212"}],"version-history":[{"count":0,"href":"https:\/\/dekopa.com.tr\/en\/wp-json\/wp\/v2\/pages\/5212\/revisions"}],"wp:featuredmedia":[{"embeddable":true,"href":"https:\/\/dekopa.com.tr\/en\/wp-json\/wp\/v2\/media\/5219"}],"wp:attachment":[{"href":"https:\/\/dekopa.com.tr\/en\/wp-json\/wp\/v2\/media?parent=5212"}],"curies":[{"name":"wp","href":"https:\/\/api.w.org\/{rel}","templated":true}]}}