{"id":5196,"date":"2021-01-18T04:12:44","date_gmt":"2021-01-18T01:12:44","guid":{"rendered":"https:\/\/dekopa.com.tr\/?page_id=5196"},"modified":"2023-03-02T13:57:37","modified_gmt":"2023-03-02T10:57:37","slug":"lightbox-setleri-hizmet","status":"publish","type":"page","link":"https:\/\/dekopa.com.tr\/en\/lightbox-setleri-hizmet\/","title":{"rendered":"LIGHTBOX SETLER\u0130"},"content":{"rendered":"","protected":false},"excerpt":{"rendered":"","protected":false},"author":1,"featured_media":5197,"parent":0,"menu_order":0,"comment_status":"closed","ping_status":"closed","template":"","meta":{"footnotes":""},"class_list":["post-5196","page","type-page","status-publish","has-post-thumbnail","hentry","prodpage-style2"],"yoast_head":"<!-- This site is optimized with the Yoast SEO Premium plugin v25.1 (Yoast SEO v27.4) - https:\/\/yoast.com\/product\/yoast-seo-premium-wordpress\/ -->\n<title>LIGHTBOX SETLER\u0130 - Ledbox Fuar Standlar\u0131 | Dekopa<\/title>\n<meta name=\"description\" content=\"Hafif al\u00fcminyum yap\u0131s\u0131 sayesinde, mod\u00fcler lightbox setlerinin ta\u015f\u0131nmas\u0131 kolayd\u0131r. Mod\u00fcler Ledbox Setleri, m\u00fckemmel bir \u015fekilde ayd\u0131nlat\u0131r.\" \/>\n<meta name=\"robots\" content=\"index, follow, max-snippet:-1, max-image-preview:large, max-video-preview:-1\" \/>\n<link rel=\"canonical\" href=\"https:\/\/dekopa.com.tr\/en\/lightbox-setleri-hizmet\/\" \/>\n<meta property=\"og:locale\" content=\"en_US\" \/>\n<meta property=\"og:type\" content=\"article\" \/>\n<meta property=\"og:title\" content=\"LIGHTBOX SETLER\u0130\" \/>\n<meta property=\"og:description\" content=\"Hafif al\u00fcminyum yap\u0131s\u0131 sayesinde, mod\u00fcler lightbox setlerinin ta\u015f\u0131nmas\u0131 kolayd\u0131r. Mod\u00fcler Ledbox Setleri, m\u00fckemmel bir \u015fekilde ayd\u0131nlat\u0131r.\" \/>\n<meta property=\"og:url\" content=\"https:\/\/dekopa.com.tr\/en\/lightbox-setleri-hizmet\/\" \/>\n<meta property=\"og:site_name\" content=\"Dekopa\" \/>\n<meta property=\"article:publisher\" content=\"https:\/\/www.facebook.com\/dekopa.com.tr\" \/>\n<meta property=\"article:modified_time\" content=\"2023-03-02T10:57:37+00:00\" \/>\n<meta property=\"og:image\" content=\"https:\/\/dekopa.com.tr\/wp-content\/uploads\/2021\/01\/PIXLIP-GO-STAND-RS3010.jpg\" \/>\n\t<meta property=\"og:image:width\" content=\"1280\" \/>\n\t<meta property=\"og:image:height\" content=\"1280\" \/>\n\t<meta property=\"og:image:type\" content=\"image\/jpeg\" \/>\n<meta name=\"twitter:card\" content=\"summary_large_image\" \/>\n<script type=\"application\/ld+json\" class=\"yoast-schema-graph\">{\"@context\":\"https:\\\/\\\/schema.org\",\"@graph\":[{\"@type\":\"WebPage\",\"@id\":\"https:\\\/\\\/dekopa.com.tr\\\/lightbox-setleri-hizmet\\\/\",\"url\":\"https:\\\/\\\/dekopa.com.tr\\\/lightbox-setleri-hizmet\\\/\",\"name\":\"LIGHTBOX SETLER\u0130 - Ledbox Fuar Standlar\u0131 | Dekopa\",\"isPartOf\":{\"@id\":\"https:\\\/\\\/dekopa.com.tr\\\/#website\"},\"primaryImageOfPage\":{\"@id\":\"https:\\\/\\\/dekopa.com.tr\\\/lightbox-setleri-hizmet\\\/#primaryimage\"},\"image\":{\"@id\":\"https:\\\/\\\/dekopa.com.tr\\\/lightbox-setleri-hizmet\\\/#primaryimage\"},\"thumbnailUrl\":\"https:\\\/\\\/dekopa.com.tr\\\/wp-content\\\/uploads\\\/2021\\\/01\\\/PIXLIP-GO-STAND-RS3010.jpg\",\"datePublished\":\"2021-01-18T01:12:44+00:00\",\"dateModified\":\"2023-03-02T10:57:37+00:00\",\"description\":\"Hafif al\u00fcminyum yap\u0131s\u0131 sayesinde, mod\u00fcler lightbox setlerinin ta\u015f\u0131nmas\u0131 kolayd\u0131r. Mod\u00fcler Ledbox Setleri, m\u00fckemmel bir \u015fekilde ayd\u0131nlat\u0131r.\",\"breadcrumb\":{\"@id\":\"https:\\\/\\\/dekopa.com.tr\\\/lightbox-setleri-hizmet\\\/#breadcrumb\"},\"inLanguage\":\"en-US\",\"potentialAction\":[{\"@type\":\"ReadAction\",\"target\":[\"https:\\\/\\\/dekopa.com.tr\\\/lightbox-setleri-hizmet\\\/\"]}]},{\"@type\":\"ImageObject\",\"inLanguage\":\"en-US\",\"@id\":\"https:\\\/\\\/dekopa.com.tr\\\/lightbox-setleri-hizmet\\\/#primaryimage\",\"url\":\"https:\\\/\\\/dekopa.com.tr\\\/wp-content\\\/uploads\\\/2021\\\/01\\\/PIXLIP-GO-STAND-RS3010.jpg\",\"contentUrl\":\"https:\\\/\\\/dekopa.com.tr\\\/wp-content\\\/uploads\\\/2021\\\/01\\\/PIXLIP-GO-STAND-RS3010.jpg\",\"width\":1280,\"height\":1280,\"caption\":\"PIXLIP GO STAND RS3010\"},{\"@type\":\"BreadcrumbList\",\"@id\":\"https:\\\/\\\/dekopa.com.tr\\\/lightbox-setleri-hizmet\\\/#breadcrumb\",\"itemListElement\":[{\"@type\":\"ListItem\",\"position\":1,\"name\":\"Ana sayfa\",\"item\":\"https:\\\/\\\/dekopa.com.tr\\\/\"},{\"@type\":\"ListItem\",\"position\":2,\"name\":\"LIGHTBOX SETLER\u0130\"}]},{\"@type\":\"WebSite\",\"@id\":\"https:\\\/\\\/dekopa.com.tr\\\/#website\",\"url\":\"https:\\\/\\\/dekopa.com.tr\\\/\",\"name\":\"Dekopa Dijital Bask\u0131\",\"description\":\"Lightbox Fuar Standlar\u0131\",\"publisher\":{\"@id\":\"https:\\\/\\\/dekopa.com.tr\\\/#organization\"},\"potentialAction\":[{\"@type\":\"SearchAction\",\"target\":{\"@type\":\"EntryPoint\",\"urlTemplate\":\"https:\\\/\\\/dekopa.com.tr\\\/?s={search_term_string}\"},\"query-input\":{\"@type\":\"PropertyValueSpecification\",\"valueRequired\":true,\"valueName\":\"search_term_string\"}}],\"inLanguage\":\"en-US\"},{\"@type\":\"Organization\",\"@id\":\"https:\\\/\\\/dekopa.com.tr\\\/#organization\",\"name\":\"Dekopa Display - UV Bask\u0131\",\"url\":\"https:\\\/\\\/dekopa.com.tr\\\/\",\"logo\":{\"@type\":\"ImageObject\",\"inLanguage\":\"en-US\",\"@id\":\"https:\\\/\\\/dekopa.com.tr\\\/#\\\/schema\\\/logo\\\/image\\\/\",\"url\":\"https:\\\/\\\/dekopa.com.tr\\\/wp-content\\\/uploads\\\/2020\\\/12\\\/dekopa_logo-copy-1.jpg\",\"contentUrl\":\"https:\\\/\\\/dekopa.com.tr\\\/wp-content\\\/uploads\\\/2020\\\/12\\\/dekopa_logo-copy-1.jpg\",\"width\":200,\"height\":80,\"caption\":\"Dekopa Display - UV Bask\u0131\"},\"image\":{\"@id\":\"https:\\\/\\\/dekopa.com.tr\\\/#\\\/schema\\\/logo\\\/image\\\/\"},\"sameAs\":[\"https:\\\/\\\/www.facebook.com\\\/dekopa.com.tr\",\"https:\\\/\\\/www.instagram.com\\\/dekopa_print\\\/\",\"https:\\\/\\\/tr.pinterest.com\\\/DekopaDesing\\\/\",\"https:\\\/\\\/www.youtube.com\\\/channel\\\/UCchP6AzeKOz_2L5SQ8l10mA\\\/\"]}]}<\/script>\n<!-- \/ Yoast SEO Premium plugin. -->","yoast_head_json":{"title":"LIGHTBOX SETLER\u0130 - Ledbox Fuar Standlar\u0131 | Dekopa","description":"Hafif al\u00fcminyum yap\u0131s\u0131 sayesinde, mod\u00fcler lightbox setlerinin ta\u015f\u0131nmas\u0131 kolayd\u0131r. Mod\u00fcler Ledbox Setleri, m\u00fckemmel bir \u015fekilde ayd\u0131nlat\u0131r.","robots":{"index":"index","follow":"follow","max-snippet":"max-snippet:-1","max-image-preview":"max-image-preview:large","max-video-preview":"max-video-preview:-1"},"canonical":"https:\/\/dekopa.com.tr\/en\/lightbox-setleri-hizmet\/","og_locale":"en_US","og_type":"article","og_title":"LIGHTBOX SETLER\u0130","og_description":"Hafif al\u00fcminyum yap\u0131s\u0131 sayesinde, mod\u00fcler lightbox setlerinin ta\u015f\u0131nmas\u0131 kolayd\u0131r. Mod\u00fcler Ledbox Setleri, m\u00fckemmel bir \u015fekilde ayd\u0131nlat\u0131r.","og_url":"https:\/\/dekopa.com.tr\/en\/lightbox-setleri-hizmet\/","og_site_name":"Dekopa","article_publisher":"https:\/\/www.facebook.com\/dekopa.com.tr","article_modified_time":"2023-03-02T10:57:37+00:00","og_image":[{"width":1280,"height":1280,"url":"https:\/\/dekopa.com.tr\/wp-content\/uploads\/2021\/01\/PIXLIP-GO-STAND-RS3010.jpg","type":"image\/jpeg"}],"twitter_card":"summary_large_image","schema":{"@context":"https:\/\/schema.org","@graph":[{"@type":"WebPage","@id":"https:\/\/dekopa.com.tr\/lightbox-setleri-hizmet\/","url":"https:\/\/dekopa.com.tr\/lightbox-setleri-hizmet\/","name":"LIGHTBOX SETLER\u0130 - Ledbox Fuar Standlar\u0131 | Dekopa","isPartOf":{"@id":"https:\/\/dekopa.com.tr\/#website"},"primaryImageOfPage":{"@id":"https:\/\/dekopa.com.tr\/lightbox-setleri-hizmet\/#primaryimage"},"image":{"@id":"https:\/\/dekopa.com.tr\/lightbox-setleri-hizmet\/#primaryimage"},"thumbnailUrl":"https:\/\/dekopa.com.tr\/wp-content\/uploads\/2021\/01\/PIXLIP-GO-STAND-RS3010.jpg","datePublished":"2021-01-18T01:12:44+00:00","dateModified":"2023-03-02T10:57:37+00:00","description":"Hafif al\u00fcminyum yap\u0131s\u0131 sayesinde, mod\u00fcler lightbox setlerinin ta\u015f\u0131nmas\u0131 kolayd\u0131r. Mod\u00fcler Ledbox Setleri, m\u00fckemmel bir \u015fekilde ayd\u0131nlat\u0131r.","breadcrumb":{"@id":"https:\/\/dekopa.com.tr\/lightbox-setleri-hizmet\/#breadcrumb"},"inLanguage":"en-US","potentialAction":[{"@type":"ReadAction","target":["https:\/\/dekopa.com.tr\/lightbox-setleri-hizmet\/"]}]},{"@type":"ImageObject","inLanguage":"en-US","@id":"https:\/\/dekopa.com.tr\/lightbox-setleri-hizmet\/#primaryimage","url":"https:\/\/dekopa.com.tr\/wp-content\/uploads\/2021\/01\/PIXLIP-GO-STAND-RS3010.jpg","contentUrl":"https:\/\/dekopa.com.tr\/wp-content\/uploads\/2021\/01\/PIXLIP-GO-STAND-RS3010.jpg","width":1280,"height":1280,"caption":"PIXLIP GO STAND RS3010"},{"@type":"BreadcrumbList","@id":"https:\/\/dekopa.com.tr\/lightbox-setleri-hizmet\/#breadcrumb","itemListElement":[{"@type":"ListItem","position":1,"name":"Ana sayfa","item":"https:\/\/dekopa.com.tr\/"},{"@type":"ListItem","position":2,"name":"LIGHTBOX SETLER\u0130"}]},{"@type":"WebSite","@id":"https:\/\/dekopa.com.tr\/#website","url":"https:\/\/dekopa.com.tr\/","name":"Dekopa Dijital Bask\u0131","description":"Lightbox Fuar Standlar\u0131","publisher":{"@id":"https:\/\/dekopa.com.tr\/#organization"},"potentialAction":[{"@type":"SearchAction","target":{"@type":"EntryPoint","urlTemplate":"https:\/\/dekopa.com.tr\/?s={search_term_string}"},"query-input":{"@type":"PropertyValueSpecification","valueRequired":true,"valueName":"search_term_string"}}],"inLanguage":"en-US"},{"@type":"Organization","@id":"https:\/\/dekopa.com.tr\/#organization","name":"Dekopa Display - UV Bask\u0131","url":"https:\/\/dekopa.com.tr\/","logo":{"@type":"ImageObject","inLanguage":"en-US","@id":"https:\/\/dekopa.com.tr\/#\/schema\/logo\/image\/","url":"https:\/\/dekopa.com.tr\/wp-content\/uploads\/2020\/12\/dekopa_logo-copy-1.jpg","contentUrl":"https:\/\/dekopa.com.tr\/wp-content\/uploads\/2020\/12\/dekopa_logo-copy-1.jpg","width":200,"height":80,"caption":"Dekopa Display - UV Bask\u0131"},"image":{"@id":"https:\/\/dekopa.com.tr\/#\/schema\/logo\/image\/"},"sameAs":["https:\/\/www.facebook.com\/dekopa.com.tr","https:\/\/www.instagram.com\/dekopa_print\/","https:\/\/tr.pinterest.com\/DekopaDesing\/","https:\/\/www.youtube.com\/channel\/UCchP6AzeKOz_2L5SQ8l10mA\/"]}]}},"_links":{"self":[{"href":"https:\/\/dekopa.com.tr\/en\/wp-json\/wp\/v2\/pages\/5196","targetHints":{"allow":["GET"]}}],"collection":[{"href":"https:\/\/dekopa.com.tr\/en\/wp-json\/wp\/v2\/pages"}],"about":[{"href":"https:\/\/dekopa.com.tr\/en\/wp-json\/wp\/v2\/types\/page"}],"author":[{"embeddable":true,"href":"https:\/\/dekopa.com.tr\/en\/wp-json\/wp\/v2\/users\/1"}],"replies":[{"embeddable":true,"href":"https:\/\/dekopa.com.tr\/en\/wp-json\/wp\/v2\/comments?post=5196"}],"version-history":[{"count":0,"href":"https:\/\/dekopa.com.tr\/en\/wp-json\/wp\/v2\/pages\/5196\/revisions"}],"wp:featuredmedia":[{"embeddable":true,"href":"https:\/\/dekopa.com.tr\/en\/wp-json\/wp\/v2\/media\/5197"}],"wp:attachment":[{"href":"https:\/\/dekopa.com.tr\/en\/wp-json\/wp\/v2\/media?parent=5196"}],"curies":[{"name":"wp","href":"https:\/\/api.w.org\/{rel}","templated":true}]}}