{"id":4504,"date":"2018-04-24T16:10:42","date_gmt":"2018-04-24T13:10:42","guid":{"rendered":"https:\/\/dekopa.com.tr\/?page_id=4504"},"modified":"2023-12-25T09:22:01","modified_gmt":"2023-12-25T06:22:01","slug":"moduler_stand_lightbox","status":"publish","type":"page","link":"https:\/\/dekopa.com.tr\/en\/moduler_stand_lightbox\/","title":{"rendered":"MOD\u00dcLER STAND TASARIMLARI"},"content":{"rendered":"","protected":false},"excerpt":{"rendered":"","protected":false},"author":1,"featured_media":0,"parent":0,"menu_order":0,"comment_status":"closed","ping_status":"closed","template":"","meta":{"footnotes":""},"class_list":["post-4504","page","type-page","status-publish","hentry","prodpage-style2"],"yoast_head":"<!-- This site is optimized with the Yoast SEO Premium plugin v25.1 (Yoast SEO v27.3) - https:\/\/yoast.com\/product\/yoast-seo-premium-wordpress\/ -->\n<title>MOD\u00dcLER STAND TASARIMLARI -Mod\u00fcler Fuar Standlar\u0131 | Dekopa<\/title>\n<meta name=\"description\" content=\"Yurti\u00e7i ve yurtd\u0131\u015f\u0131 fuarlar i\u00e7in T\u00fcrkiye&#039;nin her yerine kiral\u0131k ya da sat\u0131l\u0131k anahtar teslim mod\u00fcler fuar stand lar\u0131 \u00fcretiyoruz.\" \/>\n<meta name=\"robots\" content=\"index, follow, max-snippet:-1, max-image-preview:large, max-video-preview:-1\" \/>\n<link rel=\"canonical\" href=\"https:\/\/dekopa.com.tr\/en\/moduler_stand_lightbox\/\" \/>\n<meta property=\"og:locale\" content=\"en_US\" \/>\n<meta property=\"og:type\" content=\"article\" \/>\n<meta property=\"og:title\" content=\"MOD\u00dcLER STAND TASARIMLARI\" \/>\n<meta property=\"og:description\" content=\"Yurti\u00e7i ve yurtd\u0131\u015f\u0131 fuarlar i\u00e7in T\u00fcrkiye&#039;nin her yerine kiral\u0131k ya da sat\u0131l\u0131k anahtar teslim mod\u00fcler fuar stand lar\u0131 \u00fcretiyoruz.\" \/>\n<meta property=\"og:url\" content=\"https:\/\/dekopa.com.tr\/en\/moduler_stand_lightbox\/\" \/>\n<meta property=\"og:site_name\" content=\"Dekopa\" \/>\n<meta property=\"article:publisher\" content=\"https:\/\/www.facebook.com\/dekopa.com.tr\" \/>\n<meta property=\"article:modified_time\" content=\"2023-12-25T06:22:01+00:00\" \/>\n<meta name=\"twitter:card\" content=\"summary_large_image\" \/>\n<script type=\"application\/ld+json\" class=\"yoast-schema-graph\">{\"@context\":\"https:\\\/\\\/schema.org\",\"@graph\":[{\"@type\":\"WebPage\",\"@id\":\"https:\\\/\\\/dekopa.com.tr\\\/moduler_stand_lightbox\\\/\",\"url\":\"https:\\\/\\\/dekopa.com.tr\\\/moduler_stand_lightbox\\\/\",\"name\":\"MOD\u00dcLER STAND TASARIMLARI -Mod\u00fcler Fuar Standlar\u0131 | Dekopa\",\"isPartOf\":{\"@id\":\"https:\\\/\\\/dekopa.com.tr\\\/#website\"},\"datePublished\":\"2018-04-24T13:10:42+00:00\",\"dateModified\":\"2023-12-25T06:22:01+00:00\",\"description\":\"Yurti\u00e7i ve yurtd\u0131\u015f\u0131 fuarlar i\u00e7in T\u00fcrkiye'nin her yerine kiral\u0131k ya da sat\u0131l\u0131k anahtar teslim mod\u00fcler fuar stand lar\u0131 \u00fcretiyoruz.\",\"breadcrumb\":{\"@id\":\"https:\\\/\\\/dekopa.com.tr\\\/moduler_stand_lightbox\\\/#breadcrumb\"},\"inLanguage\":\"en-US\",\"potentialAction\":[{\"@type\":\"ReadAction\",\"target\":[\"https:\\\/\\\/dekopa.com.tr\\\/moduler_stand_lightbox\\\/\"]}]},{\"@type\":\"BreadcrumbList\",\"@id\":\"https:\\\/\\\/dekopa.com.tr\\\/moduler_stand_lightbox\\\/#breadcrumb\",\"itemListElement\":[{\"@type\":\"ListItem\",\"position\":1,\"name\":\"Ana sayfa\",\"item\":\"https:\\\/\\\/dekopa.com.tr\\\/\"},{\"@type\":\"ListItem\",\"position\":2,\"name\":\"MOD\u00dcLER STAND TASARIMLARI\"}]},{\"@type\":\"WebSite\",\"@id\":\"https:\\\/\\\/dekopa.com.tr\\\/#website\",\"url\":\"https:\\\/\\\/dekopa.com.tr\\\/\",\"name\":\"Dekopa Dijital Bask\u0131\",\"description\":\"Lightbox Fuar Standlar\u0131\",\"publisher\":{\"@id\":\"https:\\\/\\\/dekopa.com.tr\\\/#organization\"},\"potentialAction\":[{\"@type\":\"SearchAction\",\"target\":{\"@type\":\"EntryPoint\",\"urlTemplate\":\"https:\\\/\\\/dekopa.com.tr\\\/?s={search_term_string}\"},\"query-input\":{\"@type\":\"PropertyValueSpecification\",\"valueRequired\":true,\"valueName\":\"search_term_string\"}}],\"inLanguage\":\"en-US\"},{\"@type\":\"Organization\",\"@id\":\"https:\\\/\\\/dekopa.com.tr\\\/#organization\",\"name\":\"Dekopa Display - UV Bask\u0131\",\"url\":\"https:\\\/\\\/dekopa.com.tr\\\/\",\"logo\":{\"@type\":\"ImageObject\",\"inLanguage\":\"en-US\",\"@id\":\"https:\\\/\\\/dekopa.com.tr\\\/#\\\/schema\\\/logo\\\/image\\\/\",\"url\":\"https:\\\/\\\/dekopa.com.tr\\\/wp-content\\\/uploads\\\/2020\\\/12\\\/dekopa_logo-copy-1.jpg\",\"contentUrl\":\"https:\\\/\\\/dekopa.com.tr\\\/wp-content\\\/uploads\\\/2020\\\/12\\\/dekopa_logo-copy-1.jpg\",\"width\":200,\"height\":80,\"caption\":\"Dekopa Display - UV Bask\u0131\"},\"image\":{\"@id\":\"https:\\\/\\\/dekopa.com.tr\\\/#\\\/schema\\\/logo\\\/image\\\/\"},\"sameAs\":[\"https:\\\/\\\/www.facebook.com\\\/dekopa.com.tr\",\"https:\\\/\\\/www.instagram.com\\\/dekopa_print\\\/\",\"https:\\\/\\\/tr.pinterest.com\\\/DekopaDesing\\\/\",\"https:\\\/\\\/www.youtube.com\\\/channel\\\/UCchP6AzeKOz_2L5SQ8l10mA\\\/\"]}]}<\/script>\n<!-- \/ Yoast SEO Premium plugin. -->","yoast_head_json":{"title":"MOD\u00dcLER STAND TASARIMLARI -Mod\u00fcler Fuar Standlar\u0131 | Dekopa","description":"Yurti\u00e7i ve yurtd\u0131\u015f\u0131 fuarlar i\u00e7in T\u00fcrkiye'nin her yerine kiral\u0131k ya da sat\u0131l\u0131k anahtar teslim mod\u00fcler fuar stand lar\u0131 \u00fcretiyoruz.","robots":{"index":"index","follow":"follow","max-snippet":"max-snippet:-1","max-image-preview":"max-image-preview:large","max-video-preview":"max-video-preview:-1"},"canonical":"https:\/\/dekopa.com.tr\/en\/moduler_stand_lightbox\/","og_locale":"en_US","og_type":"article","og_title":"MOD\u00dcLER STAND TASARIMLARI","og_description":"Yurti\u00e7i ve yurtd\u0131\u015f\u0131 fuarlar i\u00e7in T\u00fcrkiye'nin her yerine kiral\u0131k ya da sat\u0131l\u0131k anahtar teslim mod\u00fcler fuar stand lar\u0131 \u00fcretiyoruz.","og_url":"https:\/\/dekopa.com.tr\/en\/moduler_stand_lightbox\/","og_site_name":"Dekopa","article_publisher":"https:\/\/www.facebook.com\/dekopa.com.tr","article_modified_time":"2023-12-25T06:22:01+00:00","twitter_card":"summary_large_image","schema":{"@context":"https:\/\/schema.org","@graph":[{"@type":"WebPage","@id":"https:\/\/dekopa.com.tr\/moduler_stand_lightbox\/","url":"https:\/\/dekopa.com.tr\/moduler_stand_lightbox\/","name":"MOD\u00dcLER STAND TASARIMLARI -Mod\u00fcler Fuar Standlar\u0131 | Dekopa","isPartOf":{"@id":"https:\/\/dekopa.com.tr\/#website"},"datePublished":"2018-04-24T13:10:42+00:00","dateModified":"2023-12-25T06:22:01+00:00","description":"Yurti\u00e7i ve yurtd\u0131\u015f\u0131 fuarlar i\u00e7in T\u00fcrkiye'nin her yerine kiral\u0131k ya da sat\u0131l\u0131k anahtar teslim mod\u00fcler fuar stand lar\u0131 \u00fcretiyoruz.","breadcrumb":{"@id":"https:\/\/dekopa.com.tr\/moduler_stand_lightbox\/#breadcrumb"},"inLanguage":"en-US","potentialAction":[{"@type":"ReadAction","target":["https:\/\/dekopa.com.tr\/moduler_stand_lightbox\/"]}]},{"@type":"BreadcrumbList","@id":"https:\/\/dekopa.com.tr\/moduler_stand_lightbox\/#breadcrumb","itemListElement":[{"@type":"ListItem","position":1,"name":"Ana sayfa","item":"https:\/\/dekopa.com.tr\/"},{"@type":"ListItem","position":2,"name":"MOD\u00dcLER STAND TASARIMLARI"}]},{"@type":"WebSite","@id":"https:\/\/dekopa.com.tr\/#website","url":"https:\/\/dekopa.com.tr\/","name":"Dekopa Dijital Bask\u0131","description":"Lightbox Fuar Standlar\u0131","publisher":{"@id":"https:\/\/dekopa.com.tr\/#organization"},"potentialAction":[{"@type":"SearchAction","target":{"@type":"EntryPoint","urlTemplate":"https:\/\/dekopa.com.tr\/?s={search_term_string}"},"query-input":{"@type":"PropertyValueSpecification","valueRequired":true,"valueName":"search_term_string"}}],"inLanguage":"en-US"},{"@type":"Organization","@id":"https:\/\/dekopa.com.tr\/#organization","name":"Dekopa Display - UV Bask\u0131","url":"https:\/\/dekopa.com.tr\/","logo":{"@type":"ImageObject","inLanguage":"en-US","@id":"https:\/\/dekopa.com.tr\/#\/schema\/logo\/image\/","url":"https:\/\/dekopa.com.tr\/wp-content\/uploads\/2020\/12\/dekopa_logo-copy-1.jpg","contentUrl":"https:\/\/dekopa.com.tr\/wp-content\/uploads\/2020\/12\/dekopa_logo-copy-1.jpg","width":200,"height":80,"caption":"Dekopa Display - UV Bask\u0131"},"image":{"@id":"https:\/\/dekopa.com.tr\/#\/schema\/logo\/image\/"},"sameAs":["https:\/\/www.facebook.com\/dekopa.com.tr","https:\/\/www.instagram.com\/dekopa_print\/","https:\/\/tr.pinterest.com\/DekopaDesing\/","https:\/\/www.youtube.com\/channel\/UCchP6AzeKOz_2L5SQ8l10mA\/"]}]}},"_links":{"self":[{"href":"https:\/\/dekopa.com.tr\/en\/wp-json\/wp\/v2\/pages\/4504","targetHints":{"allow":["GET"]}}],"collection":[{"href":"https:\/\/dekopa.com.tr\/en\/wp-json\/wp\/v2\/pages"}],"about":[{"href":"https:\/\/dekopa.com.tr\/en\/wp-json\/wp\/v2\/types\/page"}],"author":[{"embeddable":true,"href":"https:\/\/dekopa.com.tr\/en\/wp-json\/wp\/v2\/users\/1"}],"replies":[{"embeddable":true,"href":"https:\/\/dekopa.com.tr\/en\/wp-json\/wp\/v2\/comments?post=4504"}],"version-history":[{"count":0,"href":"https:\/\/dekopa.com.tr\/en\/wp-json\/wp\/v2\/pages\/4504\/revisions"}],"wp:attachment":[{"href":"https:\/\/dekopa.com.tr\/en\/wp-json\/wp\/v2\/media?parent=4504"}],"curies":[{"name":"wp","href":"https:\/\/api.w.org\/{rel}","templated":true}]}}