{"id":3862,"date":"2018-04-02T11:35:27","date_gmt":"2018-04-02T08:35:27","guid":{"rendered":"https:\/\/dekopa.com.tr\/?page_id=3862"},"modified":"2023-03-02T18:00:16","modified_gmt":"2023-03-02T15:00:16","slug":"kanvas-tablo-hizmet","status":"publish","type":"page","link":"https:\/\/dekopa.com.tr\/en\/kanvas-tablo-hizmet\/","title":{"rendered":"KANVAS TABLO"},"content":{"rendered":"","protected":false},"excerpt":{"rendered":"","protected":false},"author":1,"featured_media":5505,"parent":0,"menu_order":0,"comment_status":"closed","ping_status":"closed","template":"","meta":{"footnotes":""},"class_list":["post-3862","page","type-page","status-publish","has-post-thumbnail","hentry","prodpage-style2"],"yoast_head":"<!-- This site is optimized with the Yoast SEO Premium plugin v25.1 (Yoast SEO v27.3) - https:\/\/yoast.com\/product\/yoast-seo-premium-wordpress\/ -->\n<title>KANVAS TABLO - UV BASKI KANVAS VE MDF - CAM TABLOLAR | Dekopa<\/title>\n<meta name=\"description\" content=\"Kanvas tablolar\u0131n yan\u0131s\u0131ra Cam Tablo - \u00c7er\u00e7eveli Tablo - Ah\u015fap Bask\u0131l\u0131 Tablo \u00fcretimleri ile standartlar\u0131nda d\u0131\u015f\u0131nda \u00e7al\u0131\u015fmalar yap\u0131yoruz.\" \/>\n<meta name=\"robots\" content=\"index, follow, max-snippet:-1, max-image-preview:large, max-video-preview:-1\" \/>\n<link rel=\"canonical\" href=\"https:\/\/dekopa.com.tr\/en\/kanvas-tablo-hizmet\/\" \/>\n<meta property=\"og:locale\" content=\"en_US\" \/>\n<meta property=\"og:type\" content=\"article\" \/>\n<meta property=\"og:title\" content=\"KANVAS TABLO\" \/>\n<meta property=\"og:description\" content=\"Kanvas tablolar\u0131n yan\u0131s\u0131ra Cam Tablo - \u00c7er\u00e7eveli Tablo - Ah\u015fap Bask\u0131l\u0131 Tablo \u00fcretimleri ile standartlar\u0131nda d\u0131\u015f\u0131nda \u00e7al\u0131\u015fmalar yap\u0131yoruz.\" \/>\n<meta property=\"og:url\" content=\"https:\/\/dekopa.com.tr\/en\/kanvas-tablo-hizmet\/\" \/>\n<meta property=\"og:site_name\" content=\"Dekopa\" \/>\n<meta property=\"article:publisher\" content=\"https:\/\/www.facebook.com\/dekopa.com.tr\" \/>\n<meta property=\"article:modified_time\" content=\"2023-03-02T15:00:16+00:00\" \/>\n<meta property=\"og:image\" content=\"https:\/\/dekopa.com.tr\/wp-content\/uploads\/TEL_KANVAS_TABLO_kanvas_tablo_hastane_istanbul_mimar_kanvas_Tablo-7.jpg\" \/>\n\t<meta property=\"og:image:width\" content=\"1000\" \/>\n\t<meta property=\"og:image:height\" content=\"945\" \/>\n\t<meta property=\"og:image:type\" content=\"image\/jpeg\" \/>\n<meta name=\"twitter:card\" content=\"summary_large_image\" \/>\n<script type=\"application\/ld+json\" class=\"yoast-schema-graph\">{\"@context\":\"https:\\\/\\\/schema.org\",\"@graph\":[{\"@type\":\"WebPage\",\"@id\":\"https:\\\/\\\/dekopa.com.tr\\\/kanvas-tablo-hizmet\\\/\",\"url\":\"https:\\\/\\\/dekopa.com.tr\\\/kanvas-tablo-hizmet\\\/\",\"name\":\"KANVAS TABLO - UV BASKI KANVAS VE MDF - CAM TABLOLAR | Dekopa\",\"isPartOf\":{\"@id\":\"https:\\\/\\\/dekopa.com.tr\\\/#website\"},\"primaryImageOfPage\":{\"@id\":\"https:\\\/\\\/dekopa.com.tr\\\/kanvas-tablo-hizmet\\\/#primaryimage\"},\"image\":{\"@id\":\"https:\\\/\\\/dekopa.com.tr\\\/kanvas-tablo-hizmet\\\/#primaryimage\"},\"thumbnailUrl\":\"https:\\\/\\\/dekopa.com.tr\\\/wp-content\\\/uploads\\\/TEL_KANVAS_TABLO_kanvas_tablo_hastane_istanbul_mimar_kanvas_Tablo-10.jpg\",\"datePublished\":\"2018-04-02T08:35:27+00:00\",\"dateModified\":\"2023-03-02T15:00:16+00:00\",\"description\":\"Kanvas tablolar\u0131n yan\u0131s\u0131ra Cam Tablo - \u00c7er\u00e7eveli Tablo - Ah\u015fap Bask\u0131l\u0131 Tablo \u00fcretimleri ile standartlar\u0131nda d\u0131\u015f\u0131nda \u00e7al\u0131\u015fmalar yap\u0131yoruz.\",\"breadcrumb\":{\"@id\":\"https:\\\/\\\/dekopa.com.tr\\\/kanvas-tablo-hizmet\\\/#breadcrumb\"},\"inLanguage\":\"en-US\",\"potentialAction\":[{\"@type\":\"ReadAction\",\"target\":[\"https:\\\/\\\/dekopa.com.tr\\\/kanvas-tablo-hizmet\\\/\"]}]},{\"@type\":\"ImageObject\",\"inLanguage\":\"en-US\",\"@id\":\"https:\\\/\\\/dekopa.com.tr\\\/kanvas-tablo-hizmet\\\/#primaryimage\",\"url\":\"https:\\\/\\\/dekopa.com.tr\\\/wp-content\\\/uploads\\\/TEL_KANVAS_TABLO_kanvas_tablo_hastane_istanbul_mimar_kanvas_Tablo-10.jpg\",\"contentUrl\":\"https:\\\/\\\/dekopa.com.tr\\\/wp-content\\\/uploads\\\/TEL_KANVAS_TABLO_kanvas_tablo_hastane_istanbul_mimar_kanvas_Tablo-10.jpg\",\"width\":832,\"height\":1200,\"caption\":\"TEL KANVAS TABLO kanvas tablo hastane istanbul mimar kanvas Tablo 10\"},{\"@type\":\"BreadcrumbList\",\"@id\":\"https:\\\/\\\/dekopa.com.tr\\\/kanvas-tablo-hizmet\\\/#breadcrumb\",\"itemListElement\":[{\"@type\":\"ListItem\",\"position\":1,\"name\":\"Ana sayfa\",\"item\":\"https:\\\/\\\/dekopa.com.tr\\\/\"},{\"@type\":\"ListItem\",\"position\":2,\"name\":\"KANVAS TABLO\"}]},{\"@type\":\"WebSite\",\"@id\":\"https:\\\/\\\/dekopa.com.tr\\\/#website\",\"url\":\"https:\\\/\\\/dekopa.com.tr\\\/\",\"name\":\"Dekopa Dijital Bask\u0131\",\"description\":\"Lightbox Fuar Standlar\u0131\",\"publisher\":{\"@id\":\"https:\\\/\\\/dekopa.com.tr\\\/#organization\"},\"potentialAction\":[{\"@type\":\"SearchAction\",\"target\":{\"@type\":\"EntryPoint\",\"urlTemplate\":\"https:\\\/\\\/dekopa.com.tr\\\/?s={search_term_string}\"},\"query-input\":{\"@type\":\"PropertyValueSpecification\",\"valueRequired\":true,\"valueName\":\"search_term_string\"}}],\"inLanguage\":\"en-US\"},{\"@type\":\"Organization\",\"@id\":\"https:\\\/\\\/dekopa.com.tr\\\/#organization\",\"name\":\"Dekopa Display - UV Bask\u0131\",\"url\":\"https:\\\/\\\/dekopa.com.tr\\\/\",\"logo\":{\"@type\":\"ImageObject\",\"inLanguage\":\"en-US\",\"@id\":\"https:\\\/\\\/dekopa.com.tr\\\/#\\\/schema\\\/logo\\\/image\\\/\",\"url\":\"https:\\\/\\\/dekopa.com.tr\\\/wp-content\\\/uploads\\\/2020\\\/12\\\/dekopa_logo-copy-1.jpg\",\"contentUrl\":\"https:\\\/\\\/dekopa.com.tr\\\/wp-content\\\/uploads\\\/2020\\\/12\\\/dekopa_logo-copy-1.jpg\",\"width\":200,\"height\":80,\"caption\":\"Dekopa Display - UV Bask\u0131\"},\"image\":{\"@id\":\"https:\\\/\\\/dekopa.com.tr\\\/#\\\/schema\\\/logo\\\/image\\\/\"},\"sameAs\":[\"https:\\\/\\\/www.facebook.com\\\/dekopa.com.tr\",\"https:\\\/\\\/www.instagram.com\\\/dekopa_print\\\/\",\"https:\\\/\\\/tr.pinterest.com\\\/DekopaDesing\\\/\",\"https:\\\/\\\/www.youtube.com\\\/channel\\\/UCchP6AzeKOz_2L5SQ8l10mA\\\/\"]}]}<\/script>\n<!-- \/ Yoast SEO Premium plugin. -->","yoast_head_json":{"title":"KANVAS TABLO - UV BASKI KANVAS VE MDF - CAM TABLOLAR | Dekopa","description":"Kanvas tablolar\u0131n yan\u0131s\u0131ra Cam Tablo - \u00c7er\u00e7eveli Tablo - Ah\u015fap Bask\u0131l\u0131 Tablo \u00fcretimleri ile standartlar\u0131nda d\u0131\u015f\u0131nda \u00e7al\u0131\u015fmalar yap\u0131yoruz.","robots":{"index":"index","follow":"follow","max-snippet":"max-snippet:-1","max-image-preview":"max-image-preview:large","max-video-preview":"max-video-preview:-1"},"canonical":"https:\/\/dekopa.com.tr\/en\/kanvas-tablo-hizmet\/","og_locale":"en_US","og_type":"article","og_title":"KANVAS TABLO","og_description":"Kanvas tablolar\u0131n yan\u0131s\u0131ra Cam Tablo - \u00c7er\u00e7eveli Tablo - Ah\u015fap Bask\u0131l\u0131 Tablo \u00fcretimleri ile standartlar\u0131nda d\u0131\u015f\u0131nda \u00e7al\u0131\u015fmalar yap\u0131yoruz.","og_url":"https:\/\/dekopa.com.tr\/en\/kanvas-tablo-hizmet\/","og_site_name":"Dekopa","article_publisher":"https:\/\/www.facebook.com\/dekopa.com.tr","article_modified_time":"2023-03-02T15:00:16+00:00","og_image":[{"width":1000,"height":945,"url":"https:\/\/dekopa.com.tr\/wp-content\/uploads\/TEL_KANVAS_TABLO_kanvas_tablo_hastane_istanbul_mimar_kanvas_Tablo-7.jpg","type":"image\/jpeg"}],"twitter_card":"summary_large_image","schema":{"@context":"https:\/\/schema.org","@graph":[{"@type":"WebPage","@id":"https:\/\/dekopa.com.tr\/kanvas-tablo-hizmet\/","url":"https:\/\/dekopa.com.tr\/kanvas-tablo-hizmet\/","name":"KANVAS TABLO - UV BASKI KANVAS VE MDF - CAM TABLOLAR | Dekopa","isPartOf":{"@id":"https:\/\/dekopa.com.tr\/#website"},"primaryImageOfPage":{"@id":"https:\/\/dekopa.com.tr\/kanvas-tablo-hizmet\/#primaryimage"},"image":{"@id":"https:\/\/dekopa.com.tr\/kanvas-tablo-hizmet\/#primaryimage"},"thumbnailUrl":"https:\/\/dekopa.com.tr\/wp-content\/uploads\/TEL_KANVAS_TABLO_kanvas_tablo_hastane_istanbul_mimar_kanvas_Tablo-10.jpg","datePublished":"2018-04-02T08:35:27+00:00","dateModified":"2023-03-02T15:00:16+00:00","description":"Kanvas tablolar\u0131n yan\u0131s\u0131ra Cam Tablo - \u00c7er\u00e7eveli Tablo - Ah\u015fap Bask\u0131l\u0131 Tablo \u00fcretimleri ile standartlar\u0131nda d\u0131\u015f\u0131nda \u00e7al\u0131\u015fmalar yap\u0131yoruz.","breadcrumb":{"@id":"https:\/\/dekopa.com.tr\/kanvas-tablo-hizmet\/#breadcrumb"},"inLanguage":"en-US","potentialAction":[{"@type":"ReadAction","target":["https:\/\/dekopa.com.tr\/kanvas-tablo-hizmet\/"]}]},{"@type":"ImageObject","inLanguage":"en-US","@id":"https:\/\/dekopa.com.tr\/kanvas-tablo-hizmet\/#primaryimage","url":"https:\/\/dekopa.com.tr\/wp-content\/uploads\/TEL_KANVAS_TABLO_kanvas_tablo_hastane_istanbul_mimar_kanvas_Tablo-10.jpg","contentUrl":"https:\/\/dekopa.com.tr\/wp-content\/uploads\/TEL_KANVAS_TABLO_kanvas_tablo_hastane_istanbul_mimar_kanvas_Tablo-10.jpg","width":832,"height":1200,"caption":"TEL KANVAS TABLO kanvas tablo hastane istanbul mimar kanvas Tablo 10"},{"@type":"BreadcrumbList","@id":"https:\/\/dekopa.com.tr\/kanvas-tablo-hizmet\/#breadcrumb","itemListElement":[{"@type":"ListItem","position":1,"name":"Ana sayfa","item":"https:\/\/dekopa.com.tr\/"},{"@type":"ListItem","position":2,"name":"KANVAS TABLO"}]},{"@type":"WebSite","@id":"https:\/\/dekopa.com.tr\/#website","url":"https:\/\/dekopa.com.tr\/","name":"Dekopa Dijital Bask\u0131","description":"Lightbox Fuar Standlar\u0131","publisher":{"@id":"https:\/\/dekopa.com.tr\/#organization"},"potentialAction":[{"@type":"SearchAction","target":{"@type":"EntryPoint","urlTemplate":"https:\/\/dekopa.com.tr\/?s={search_term_string}"},"query-input":{"@type":"PropertyValueSpecification","valueRequired":true,"valueName":"search_term_string"}}],"inLanguage":"en-US"},{"@type":"Organization","@id":"https:\/\/dekopa.com.tr\/#organization","name":"Dekopa Display - UV Bask\u0131","url":"https:\/\/dekopa.com.tr\/","logo":{"@type":"ImageObject","inLanguage":"en-US","@id":"https:\/\/dekopa.com.tr\/#\/schema\/logo\/image\/","url":"https:\/\/dekopa.com.tr\/wp-content\/uploads\/2020\/12\/dekopa_logo-copy-1.jpg","contentUrl":"https:\/\/dekopa.com.tr\/wp-content\/uploads\/2020\/12\/dekopa_logo-copy-1.jpg","width":200,"height":80,"caption":"Dekopa Display - UV Bask\u0131"},"image":{"@id":"https:\/\/dekopa.com.tr\/#\/schema\/logo\/image\/"},"sameAs":["https:\/\/www.facebook.com\/dekopa.com.tr","https:\/\/www.instagram.com\/dekopa_print\/","https:\/\/tr.pinterest.com\/DekopaDesing\/","https:\/\/www.youtube.com\/channel\/UCchP6AzeKOz_2L5SQ8l10mA\/"]}]}},"_links":{"self":[{"href":"https:\/\/dekopa.com.tr\/en\/wp-json\/wp\/v2\/pages\/3862","targetHints":{"allow":["GET"]}}],"collection":[{"href":"https:\/\/dekopa.com.tr\/en\/wp-json\/wp\/v2\/pages"}],"about":[{"href":"https:\/\/dekopa.com.tr\/en\/wp-json\/wp\/v2\/types\/page"}],"author":[{"embeddable":true,"href":"https:\/\/dekopa.com.tr\/en\/wp-json\/wp\/v2\/users\/1"}],"replies":[{"embeddable":true,"href":"https:\/\/dekopa.com.tr\/en\/wp-json\/wp\/v2\/comments?post=3862"}],"version-history":[{"count":0,"href":"https:\/\/dekopa.com.tr\/en\/wp-json\/wp\/v2\/pages\/3862\/revisions"}],"wp:featuredmedia":[{"embeddable":true,"href":"https:\/\/dekopa.com.tr\/en\/wp-json\/wp\/v2\/media\/5505"}],"wp:attachment":[{"href":"https:\/\/dekopa.com.tr\/en\/wp-json\/wp\/v2\/media?parent=3862"}],"curies":[{"name":"wp","href":"https:\/\/api.w.org\/{rel}","templated":true}]}}